{"id":7951,"date":"2024-07-05T19:56:02","date_gmt":"2024-07-05T19:56:02","guid":{"rendered":"https:\/\/anabelmuebles.com\/?post_type=product&#038;p=7951"},"modified":"2025-09-18T07:53:17","modified_gmt":"2025-09-18T07:53:17","slug":"comoda-lica","status":"publish","type":"product","link":"https:\/\/anabelmuebles.com\/ca\/tienda-online\/dormitorios\/comoda-lica\/","title":{"rendered":"C\u00f3moda Lica"},"content":{"rendered":"<p>Con sus 4 cajones espaciosos, esta c\u00f3moda ofrece suficiente capacidad de almacenamiento para tus prendas y accesorios. Su dise\u00f1o moderno y sofisticado en tono Puccini-textil a\u00f1ade un toque de estilo a cualquier habitaci\u00f3n.<\/p>\n\n\n\n<p>Con medidas de 89,6x89x39,6 cm, esta c\u00f3moda se adapta f\u00e1cilmente a cualquier espacio sin ocupar demasiado lugar. Los cajones deslizantes te permiten acceder a tus pertenencias de manera r\u00e1pida y sencilla. Adem\u00e1s, sus tiradores met\u00e1licos le dan un toque elegante y duradero.<\/p>\n\n\n\n<p>Ya sea en tu dormitorio, sala de estar o incluso en el pasillo, la C\u00f3moda Lica combina funcionalidad y estilo para satisfacer todas tus necesidades de almacenamiento. Organiza tu ropa, joyas y otros objetos personales con facilidad mientras a\u00f1ades un toque de elegancia a tu hogar con esta hermosa c\u00f3moda.<\/p>\n\n\n\n<p>\u00a1Hazte con la C\u00f3moda Lica ahora y dale a tu espacio un toque de orden y estilo!<\/p>","protected":false},"excerpt":{"rendered":"<p>La C\u00f3moda Lica es la soluci\u00f3n perfecta para mantener tu espacio organizado y elegante.<\/p>","protected":false},"featured_media":7952,"template":"","meta":{"_acf_changed":false},"product_brand":[],"product_cat":[48,627],"product_tag":[397,392,393,395,398,396,394,410,409,406,405,411,407,408,389,388,391,390,381,414,412,413,400,399,386,387,384,382,385,383,401,402,404,403],"class_list":{"0":"post-7951","1":"product","2":"type-product","3":"status-publish","4":"has-post-thumbnail","6":"product_cat-dormitorios","7":"product_cat-comodas","8":"product_tag-armario-empotrado","9":"product_tag-armario-escobero","10":"product_tag-armario-esquinero","11":"product_tag-armario-exterior","12":"product_tag-armario-pax","13":"product_tag-armario-puertas-correderas","14":"product_tag-armario-ropero","15":"product_tag-cabecero-cama-135","16":"product_tag-cabecero-cama-150","17":"product_tag-cabecero-cama-90","18":"product_tag-cabecero-madera","19":"product_tag-cabecero-mandal","20":"product_tag-cabecero-ratan","21":"product_tag-cabecero-tapizado","22":"product_tag-cajonera-armario","23":"product_tag-cajonera-escritorio","24":"product_tag-cajonera-estrecha","25":"product_tag-cajonera-interior-armario","26":"product_tag-dormitorios-cuenca","27":"product_tag-litera-con-escritorio","28":"product_tag-litera-infantil","29":"product_tag-litera-triple","30":"product_tag-marco-de-espejo","31":"product_tag-marco-de-espejo-de-metal","32":"product_tag-muebles-dormitorio-baratos","33":"product_tag-muebles-dormitorio-cmoda","34":"product_tag-muebles-dormitorio-completo","35":"product_tag-muebles-dormitorio-cuenca","36":"product_tag-muebles-dormitorio-juvenil","37":"product_tag-muebles-dormitorio-matrimonio","38":"product_tag-sinfonier","39":"product_tag-sinfonier-blanco","40":"product_tag-sinfonier-estrecho","41":"product_tag-sinfonier-madera","43":"first","44":"outofstock","45":"shipping-taxable","46":"purchasable","47":"product-type-simple"},"acf":[],"_links":{"self":[{"href":"https:\/\/anabelmuebles.com\/ca\/wp-json\/wp\/v2\/product\/7951","targetHints":{"allow":["GET"]}}],"collection":[{"href":"https:\/\/anabelmuebles.com\/ca\/wp-json\/wp\/v2\/product"}],"about":[{"href":"https:\/\/anabelmuebles.com\/ca\/wp-json\/wp\/v2\/types\/product"}],"version-history":[{"count":0,"href":"https:\/\/anabelmuebles.com\/ca\/wp-json\/wp\/v2\/product\/7951\/revisions"}],"wp:featuredmedia":[{"embeddable":true,"href":"https:\/\/anabelmuebles.com\/ca\/wp-json\/wp\/v2\/media\/7952"}],"wp:attachment":[{"href":"https:\/\/anabelmuebles.com\/ca\/wp-json\/wp\/v2\/media?parent=7951"}],"wp:term":[{"taxonomy":"product_brand","embeddable":true,"href":"https:\/\/anabelmuebles.com\/ca\/wp-json\/wp\/v2\/product_brand?post=7951"},{"taxonomy":"product_cat","embeddable":true,"href":"https:\/\/anabelmuebles.com\/ca\/wp-json\/wp\/v2\/product_cat?post=7951"},{"taxonomy":"product_tag","embeddable":true,"href":"https:\/\/anabelmuebles.com\/ca\/wp-json\/wp\/v2\/product_tag?post=7951"}],"curies":[{"name":"wp","href":"https:\/\/api.w.org\/{rel}","templated":true}]}}