{"id":7932,"date":"2024-07-05T16:22:21","date_gmt":"2024-07-05T16:22:21","guid":{"rendered":"https:\/\/anabelmuebles.com\/?post_type=product&#038;p=7932"},"modified":"2025-09-17T17:07:15","modified_gmt":"2025-09-17T17:07:15","slug":"dormitorio-lica","status":"publish","type":"product","link":"https:\/\/anabelmuebles.com\/ca\/tienda-online\/pedidos-especiales\/dormitorio-lica\/","title":{"rendered":"Dormitorio Lica 01"},"content":{"rendered":"<p>Este kit incluye un cabecero con luces led LICA, mesitas de noche con dos cajones, un sinfonier de cinco cajones y un mural con luna.<\/p>\n\n\n\n<p>El cabecero de Dormitorio Lica, con medidas de 55x210x3, est\u00e1 fabricado en Puccini-textil y cuenta con luces LED integradas que le dan un toque elegante y sofisticado a tu dormitorio. Las mesitas de noche, de 50x60x39,6, tambi\u00e9n est\u00e1n fabricadas en Puccini-textil y ofrecen espacio adicional de almacenamiento con sus dos cajones.<\/p>\n\n\n\n<p>El sinfonier de Dormitorio Lica es una pieza funcional y espaciosa, con medidas de 109,4x60x39,6. Sus cinco cajones te permiten organizar tus prendas y accesorios de manera ordenada. Adem\u00e1s, el mural con luna de 180&#215;49,8&#215;2 a\u00f1ade un toque art\u00edstico a la decoraci\u00f3n de tu habitaci\u00f3n.<\/p>\n\n\n\n<p>Crea un espacio acogedor y lleno de estilo con Dormitorio Lica. \u00a1Disfruta de la comodidad y la elegancia que este conjunto ofrece a tu dormitorio!<\/p>","protected":false},"excerpt":{"rendered":"<p>Este kit incluye un cabecero con luces led LICA, mesitas de noche con dos cajones, un sinfonier de cinco cajones y un mural con luna. El cabecero de Dormitorio Lica, con medidas de 55x210x3, est\u00e1 fabricado en Puccini-textil y cuenta con luces LED integradas que le dan un toque elegante y sofisticado a tu dormitorio. [&hellip;]<\/p>\n","protected":false},"featured_media":7933,"template":"","meta":{"_acf_changed":false},"product_brand":[],"product_cat":[610],"product_tag":[],"class_list":{"0":"post-7932","1":"product","2":"type-product","3":"status-publish","4":"has-post-thumbnail","6":"product_cat-pedidos-especiales","8":"first","9":"outofstock","10":"shipping-taxable","11":"purchasable","12":"product-type-simple"},"acf":[],"_links":{"self":[{"href":"https:\/\/anabelmuebles.com\/ca\/wp-json\/wp\/v2\/product\/7932","targetHints":{"allow":["GET"]}}],"collection":[{"href":"https:\/\/anabelmuebles.com\/ca\/wp-json\/wp\/v2\/product"}],"about":[{"href":"https:\/\/anabelmuebles.com\/ca\/wp-json\/wp\/v2\/types\/product"}],"version-history":[{"count":0,"href":"https:\/\/anabelmuebles.com\/ca\/wp-json\/wp\/v2\/product\/7932\/revisions"}],"wp:featuredmedia":[{"embeddable":true,"href":"https:\/\/anabelmuebles.com\/ca\/wp-json\/wp\/v2\/media\/7933"}],"wp:attachment":[{"href":"https:\/\/anabelmuebles.com\/ca\/wp-json\/wp\/v2\/media?parent=7932"}],"wp:term":[{"taxonomy":"product_brand","embeddable":true,"href":"https:\/\/anabelmuebles.com\/ca\/wp-json\/wp\/v2\/product_brand?post=7932"},{"taxonomy":"product_cat","embeddable":true,"href":"https:\/\/anabelmuebles.com\/ca\/wp-json\/wp\/v2\/product_cat?post=7932"},{"taxonomy":"product_tag","embeddable":true,"href":"https:\/\/anabelmuebles.com\/ca\/wp-json\/wp\/v2\/product_tag?post=7932"}],"curies":[{"name":"wp","href":"https:\/\/api.w.org\/{rel}","templated":true}]}}