{"id":7922,"date":"2024-07-05T14:15:57","date_gmt":"2024-07-05T14:15:57","guid":{"rendered":"https:\/\/anabelmuebles.com\/?post_type=product&#038;p=7922"},"modified":"2025-09-28T10:47:31","modified_gmt":"2025-09-28T10:47:31","slug":"rinconera-montblanc","status":"publish","type":"product","link":"https:\/\/anabelmuebles.com\/ca\/tienda-online\/sofas\/rinconera-montblanc\/","title":{"rendered":"Sof\u00e1 rinconera ergon\u00f3mica Montblanc con respaldo reclinable"},"content":{"rendered":"<p>Transforma tu hogar con el <strong>sof\u00e1 rinconera Montblanc<\/strong>, donde el estilo moderno y la funcionalidad se unen para ofrecerte un espacio de descanso \u00f3ptimo. Dise\u00f1ado para eliminar el estr\u00e9s de tus jornadas y brindar un confort inigualable, este sof\u00e1 es la soluci\u00f3n perfecta para cualquier sal\u00f3n.<\/p>\n<h2>Confort superior con el sof\u00e1 rinconera Montblanc<\/h2>\n<p>Disfruta de momentos inolvidables con tu familia y amigos gracias al <strong>sof\u00e1 rinconera Montblanc<\/strong>. Este sof\u00e1 ergon\u00f3mico no solo ofrece un apoyo excepcional, sino que tambi\u00e9n est\u00e1 dise\u00f1ado espec\u00edficamente para adaptarse a tus necesidades, creando un refugio de confort y estilo en tu hogar.<\/p>\n<h2>Caracter\u00edsticas del sof\u00e1 rinconera Montblanc<\/h2>\n<ul>\n<li><strong>Dise\u00f1o ergon\u00f3mico:<\/strong> Respaldos ri\u00f1oneras y brazos en fibra hueca siliconada para un apoyo suave.<\/li>\n<li><strong>Asientos deslizantes:<\/strong> Equipados con espuma y muelle ensacado para una comodidad \u00f3ptima.<\/li>\n<li><strong>Materiales duraderos:<\/strong> Estructura de madera de pino y patas met\u00e1licas que garantizan resistencia.<\/li>\n<li><strong>Versatilidad:<\/strong> Respaldos reclinables y brazo siesta ideal para descansar.<\/li>\n<li><strong>Dimensiones amplias:<\/strong> Perfecto para salones, ocupando un espacio de 286 x 214 cm.<\/li>\n<\/ul>\n<h2>Compra tu sof\u00e1 rinconera Montblanc en nuestra tienda online<\/h2>\n<p>Al elegir el <strong>sof\u00e1 rinconera Montblanc<\/strong>, estar\u00e1s optando por una opci\u00f3n de calidad superior, con financiaci\u00f3n disponible y env\u00edo gratuito a Espa\u00f1a en pedidos mayores a 199 euros. Aprovecha nuestra experiencia de m\u00e1s de 35 a\u00f1os en el sector y redefine el confort en tu hogar.<\/p>","protected":false},"excerpt":{"rendered":"<p>Descubre el sof\u00e1 rinconera Montblanc, con dise\u00f1o ergon\u00f3mico, respaldo reclinable y asientos deslizantes para un confort superior.<\/p>","protected":false},"featured_media":21922,"template":"","meta":{"_acf_changed":false},"product_brand":[],"product_cat":[49,589,596],"product_tag":[435,436,443,442,444,439,437,431,432,440,430,433,434,441],"class_list":{"0":"post-7922","1":"product","2":"type-product","3":"status-publish","4":"has-post-thumbnail","6":"product_cat-sofas","7":"product_cat-chaise-longue","8":"product_cat-sofa-rinconera-esquinero","9":"product_tag-butaca-reclinable","10":"product_tag-butaca-relax","11":"product_tag-sillon","12":"product_tag-sillon-relax","13":"product_tag-sillon-tantra","14":"product_tag-sof-2-plazas","15":"product_tag-sofa-3-plazas","16":"product_tag-sofa-cama","17":"product_tag-sofa-chaise-longue","18":"product_tag-sofa-chaiselonge","19":"product_tag-sofa-cuenca","20":"product_tag-sofa-esquinero","21":"product_tag-sofa-rinconera","22":"product_tag-sofas-chaiselonge","23":"pa_chaiselongue-derecha","24":"pa_chaiselongue-izquierda","25":"pa_tapizado-edi-antracita","26":"pa_tapizado-edi-camel","27":"pa_tapizado-edi-marengo","28":"pa_tapizado-edi-plata","29":"pa_tapizado-edi-rosa","31":"first","32":"instock","33":"featured","34":"shipping-taxable","35":"product-type-variable"},"acf":[],"_links":{"self":[{"href":"https:\/\/anabelmuebles.com\/ca\/wp-json\/wp\/v2\/product\/7922","targetHints":{"allow":["GET"]}}],"collection":[{"href":"https:\/\/anabelmuebles.com\/ca\/wp-json\/wp\/v2\/product"}],"about":[{"href":"https:\/\/anabelmuebles.com\/ca\/wp-json\/wp\/v2\/types\/product"}],"version-history":[{"count":0,"href":"https:\/\/anabelmuebles.com\/ca\/wp-json\/wp\/v2\/product\/7922\/revisions"}],"wp:featuredmedia":[{"embeddable":true,"href":"https:\/\/anabelmuebles.com\/ca\/wp-json\/wp\/v2\/media\/21922"}],"wp:attachment":[{"href":"https:\/\/anabelmuebles.com\/ca\/wp-json\/wp\/v2\/media?parent=7922"}],"wp:term":[{"taxonomy":"product_brand","embeddable":true,"href":"https:\/\/anabelmuebles.com\/ca\/wp-json\/wp\/v2\/product_brand?post=7922"},{"taxonomy":"product_cat","embeddable":true,"href":"https:\/\/anabelmuebles.com\/ca\/wp-json\/wp\/v2\/product_cat?post=7922"},{"taxonomy":"product_tag","embeddable":true,"href":"https:\/\/anabelmuebles.com\/ca\/wp-json\/wp\/v2\/product_tag?post=7922"}],"curies":[{"name":"wp","href":"https:\/\/api.w.org\/{rel}","templated":true}]}}