{"id":7282,"date":"2024-04-16T14:48:55","date_gmt":"2024-04-16T14:48:55","guid":{"rendered":"https:\/\/anabelmuebles.com\/?post_type=product&#038;p=7282"},"modified":"2025-09-10T21:07:32","modified_gmt":"2025-09-10T21:07:32","slug":"composicion-roncal-08-347-cm","status":"publish","type":"product","link":"https:\/\/anabelmuebles.com\/ca\/tienda-online\/salones\/composicion-roncal-08-347-cm\/","title":{"rendered":"Composici\u00f3n Roncal 08 (347 cm)"},"content":{"rendered":"<p>Con una medida total de 347 cm, esta composici\u00f3n se adapta a cualquier espacio. Puedes elegir entre los colores andersen pino-roble o trufa-ca\u00f1\u00f3n blanco para combinar con tu decoraci\u00f3n existente.<\/p>\n\n\n\n<p>Las puertas batientes en todos los m\u00f3dulos facilitan el acceso a tus pertenencias, mientras que el estante interior en la parte baja de la vitrina te permite organizar tus objetos con facilidad. Adem\u00e1s, las puertas de cristal con marco de madera y los dos estantes de madera en la parte superior de la vitrina a\u00f1aden un toque elegante a tu hogar.<\/p>\n\n\n\n<p>Fabricado con tablero melaminado contrachapado de alta calidad y herrajes met\u00e1licos y derivados pl\u00e1sticos duraderos, este producto se suministra en formato kit de f\u00e1cil montaje. Incluye instrucciones detalladas y todo lo necesario para su montaje.<\/p>\n\n\n\n<p>\u00a1No pierdas la oportunidad de tener esta Composici\u00f3n Roncal 08 en tu hogar! Los complementos decorativos no est\u00e1n incluidos.<\/p>","protected":false},"excerpt":{"rendered":"<p>La Composici\u00f3n Roncal 08 es la soluci\u00f3n perfecta para tus necesidades de almacenamiento y exhibici\u00f3n en el hogar. Consta de un bajo TV con 1 puerta, un bodeguero con 2 puertas y una vitrina con 2 puertas de cristal y 2 puertas de madera.<\/p>","protected":false},"featured_media":7285,"template":"","meta":{"_acf_changed":false},"product_brand":[],"product_cat":[51,601],"product_tag":[424,429,428,425,427,418,417,416,415,379,426,380,376,378,374,377,375,423,422,419,420,421],"class_list":{"0":"post-7282","1":"product","2":"type-product","3":"status-publish","4":"has-post-thumbnail","6":"product_cat-salones","7":"product_cat-conjuntos-de-salon","8":"product_tag-aparador-alto","9":"product_tag-aparador-blanco","10":"product_tag-aparador-comedor","11":"product_tag-aparador-estrecho","12":"product_tag-aparador-salon","13":"product_tag-bodeguero","14":"product_tag-composicion-mueble","15":"product_tag-composicion-mueble-comedor","16":"product_tag-composicion-mueble-salon","17":"product_tag-conjunto-muebles-salon","18":"product_tag-mueble-aparador","19":"product_tag-muebles-saln-modernos-baratos","20":"product_tag-muebles-salon","21":"product_tag-muebles-salon-baratos","22":"product_tag-muebles-salon-cuenca","23":"product_tag-muebles-salon-modernos","24":"product_tag-salon-cuenca","25":"product_tag-vitrina-alta-salon","26":"product_tag-vitrina-baja-salon","27":"product_tag-vitrina-cristal","28":"product_tag-vitrina-expositora","29":"product_tag-vitrina-salon","30":"pa_color-andersen-pino-roble","31":"pa_color-trufa-canon-blanco","33":"first","34":"outofstock","35":"shipping-taxable","36":"product-type-variable"},"acf":[],"_links":{"self":[{"href":"https:\/\/anabelmuebles.com\/ca\/wp-json\/wp\/v2\/product\/7282","targetHints":{"allow":["GET"]}}],"collection":[{"href":"https:\/\/anabelmuebles.com\/ca\/wp-json\/wp\/v2\/product"}],"about":[{"href":"https:\/\/anabelmuebles.com\/ca\/wp-json\/wp\/v2\/types\/product"}],"version-history":[{"count":0,"href":"https:\/\/anabelmuebles.com\/ca\/wp-json\/wp\/v2\/product\/7282\/revisions"}],"wp:featuredmedia":[{"embeddable":true,"href":"https:\/\/anabelmuebles.com\/ca\/wp-json\/wp\/v2\/media\/7285"}],"wp:attachment":[{"href":"https:\/\/anabelmuebles.com\/ca\/wp-json\/wp\/v2\/media?parent=7282"}],"wp:term":[{"taxonomy":"product_brand","embeddable":true,"href":"https:\/\/anabelmuebles.com\/ca\/wp-json\/wp\/v2\/product_brand?post=7282"},{"taxonomy":"product_cat","embeddable":true,"href":"https:\/\/anabelmuebles.com\/ca\/wp-json\/wp\/v2\/product_cat?post=7282"},{"taxonomy":"product_tag","embeddable":true,"href":"https:\/\/anabelmuebles.com\/ca\/wp-json\/wp\/v2\/product_tag?post=7282"}],"curies":[{"name":"wp","href":"https:\/\/api.w.org\/{rel}","templated":true}]}}