{"id":6683,"date":"2024-02-29T17:54:45","date_gmt":"2024-02-29T17:54:45","guid":{"rendered":"https:\/\/anabelmuebles.com\/?post_type=product&#038;p=6683"},"modified":"2025-04-08T19:10:42","modified_gmt":"2025-04-08T19:10:42","slug":"mueble-hi-fi-europa","status":"publish","type":"product","link":"https:\/\/anabelmuebles.com\/ca\/tienda-online\/salones\/mueble-hi-fi-europa\/","title":{"rendered":"Mueble HI-FI Europa"},"content":{"rendered":"<p>Es similar a un mueble bajo de televisi\u00f3n, pero m\u00e1s grande y con un toque especial. Sus luces LED integradas le dan un aspecto moderno y sofisticado.<\/p>\r\n\r\n\r\n\r\n<p>Este mueble viene en formato KIT, lo que significa que puede ser ensamblado f\u00e1cilmente en casa. Su montaje sencillo no requiere de herramientas especiales ni conocimientos t\u00e9cnicos. Adem\u00e1s, al ser un mueble modular, te ofrece la flexibilidad de ajustarlo a tus necesidades y espacio disponible.<\/p>\r\n\r\n\r\n\r\n<p>Con el Mueble HI-FI Europa, podr\u00e1s organizar y exhibir tus equipos de m\u00fasica, altavoces y otros dispositivos electr\u00f3nicos de una manera elegante y funcional. Su dise\u00f1o espacioso y bien pensado incluye compartimentos y estantes para almacenar tus CDs, vinilos y otros accesorios.<\/p>\r\n\r\n\r\n\r\n<p>Destaca entre los dem\u00e1s con este mueble HI-FI Europa que combina estilo, funcionalidad y calidad. \u00a1Aprovecha esta oportunidad para tener una pieza \u00fanica en tu hogar!<\/p>","protected":false},"excerpt":{"rendered":"<p>El Mueble HI-FI Europa es una pieza \u00fanica que combina estilo industrial y un dise\u00f1o original.<\/p>","protected":false},"featured_media":6684,"template":"","meta":{"_acf_changed":false},"product_brand":[],"product_cat":[51],"product_tag":[424,429,428,425,427,418,417,416,415,379,426,380,376,378,374,377,375,423,422,419,420,421],"class_list":{"0":"post-6683","1":"product","2":"type-product","3":"status-publish","4":"has-post-thumbnail","6":"product_cat-salones","7":"product_tag-aparador-alto","8":"product_tag-aparador-blanco","9":"product_tag-aparador-comedor","10":"product_tag-aparador-estrecho","11":"product_tag-aparador-salon","12":"product_tag-bodeguero","13":"product_tag-composicion-mueble","14":"product_tag-composicion-mueble-comedor","15":"product_tag-composicion-mueble-salon","16":"product_tag-conjunto-muebles-salon","17":"product_tag-mueble-aparador","18":"product_tag-muebles-saln-modernos-baratos","19":"product_tag-muebles-salon","20":"product_tag-muebles-salon-baratos","21":"product_tag-muebles-salon-cuenca","22":"product_tag-muebles-salon-modernos","23":"product_tag-salon-cuenca","24":"product_tag-vitrina-alta-salon","25":"product_tag-vitrina-baja-salon","26":"product_tag-vitrina-cristal","27":"product_tag-vitrina-expositora","28":"product_tag-vitrina-salon","30":"first","31":"outofstock","32":"shipping-taxable","33":"purchasable","34":"product-type-simple"},"acf":[],"_links":{"self":[{"href":"https:\/\/anabelmuebles.com\/ca\/wp-json\/wp\/v2\/product\/6683","targetHints":{"allow":["GET"]}}],"collection":[{"href":"https:\/\/anabelmuebles.com\/ca\/wp-json\/wp\/v2\/product"}],"about":[{"href":"https:\/\/anabelmuebles.com\/ca\/wp-json\/wp\/v2\/types\/product"}],"version-history":[{"count":0,"href":"https:\/\/anabelmuebles.com\/ca\/wp-json\/wp\/v2\/product\/6683\/revisions"}],"wp:featuredmedia":[{"embeddable":true,"href":"https:\/\/anabelmuebles.com\/ca\/wp-json\/wp\/v2\/media\/6684"}],"wp:attachment":[{"href":"https:\/\/anabelmuebles.com\/ca\/wp-json\/wp\/v2\/media?parent=6683"}],"wp:term":[{"taxonomy":"product_brand","embeddable":true,"href":"https:\/\/anabelmuebles.com\/ca\/wp-json\/wp\/v2\/product_brand?post=6683"},{"taxonomy":"product_cat","embeddable":true,"href":"https:\/\/anabelmuebles.com\/ca\/wp-json\/wp\/v2\/product_cat?post=6683"},{"taxonomy":"product_tag","embeddable":true,"href":"https:\/\/anabelmuebles.com\/ca\/wp-json\/wp\/v2\/product_tag?post=6683"}],"curies":[{"name":"wp","href":"https:\/\/api.w.org\/{rel}","templated":true}]}}