{"id":6677,"date":"2024-02-29T17:40:51","date_gmt":"2024-02-29T17:40:51","guid":{"rendered":"https:\/\/anabelmuebles.com\/?post_type=product&#038;p=6677"},"modified":"2025-09-10T21:05:39","modified_gmt":"2025-09-10T21:05:39","slug":"bajo-tv-con-luces-led-europa","status":"publish","type":"product","link":"https:\/\/anabelmuebles.com\/ca\/tienda-online\/salones\/bajo-tv-con-luces-led-europa\/","title":{"rendered":"Bajo Tv con Luces Led Europa"},"content":{"rendered":"<p>Con sus cuatro puertas y huecos, este mueble combina a la perfecci\u00f3n la melamina y el cristal, agregando un toque moderno a tu sala de estar. Adem\u00e1s, incluye luces LED que le dan un aspecto a\u00fan m\u00e1s elegante y vanguardista.<\/p>\n\n\n\n<p>Con el bajo Tv con luces LED Europa, podr\u00e1s organizar todos tus dispositivos electr\u00f3nicos de manera ordenada y mantener tu espacio libre de cables enredados. Su formato KIT facilita su montaje y combina con todos los muebles de la serie Europa, brindando una apariencia uniforme y sofisticada a tu hogar.<\/p>\n\n\n\n<p>No te conformes con lo convencional, elige el bajo Tv con luces LED Europa y dale a tu sala de estar un toque de estilo \u00fanico y contempor\u00e1neo. \u00a1Haz clic ahora para obtenerlo!<\/p>","protected":false},"excerpt":{"rendered":"<p>Si est\u00e1s buscando un bajo de televisi\u00f3n con un dise\u00f1o industrial, el modelo Europa es perfecto para ti.<\/p>","protected":false},"featured_media":6678,"template":"","meta":{"_acf_changed":false},"product_brand":[],"product_cat":[51,599],"product_tag":[424,429,428,425,427,418,417,416,415,379,426,380,376,378,374,377,375,423,422,419,420,421],"class_list":{"0":"post-6677","1":"product","2":"type-product","3":"status-publish","4":"has-post-thumbnail","6":"product_cat-salones","7":"product_cat-muebles-bajo-tv","8":"product_tag-aparador-alto","9":"product_tag-aparador-blanco","10":"product_tag-aparador-comedor","11":"product_tag-aparador-estrecho","12":"product_tag-aparador-salon","13":"product_tag-bodeguero","14":"product_tag-composicion-mueble","15":"product_tag-composicion-mueble-comedor","16":"product_tag-composicion-mueble-salon","17":"product_tag-conjunto-muebles-salon","18":"product_tag-mueble-aparador","19":"product_tag-muebles-saln-modernos-baratos","20":"product_tag-muebles-salon","21":"product_tag-muebles-salon-baratos","22":"product_tag-muebles-salon-cuenca","23":"product_tag-muebles-salon-modernos","24":"product_tag-salon-cuenca","25":"product_tag-vitrina-alta-salon","26":"product_tag-vitrina-baja-salon","27":"product_tag-vitrina-cristal","28":"product_tag-vitrina-expositora","29":"product_tag-vitrina-salon","31":"first","32":"outofstock","33":"shipping-taxable","34":"purchasable","35":"product-type-simple"},"acf":[],"_links":{"self":[{"href":"https:\/\/anabelmuebles.com\/ca\/wp-json\/wp\/v2\/product\/6677","targetHints":{"allow":["GET"]}}],"collection":[{"href":"https:\/\/anabelmuebles.com\/ca\/wp-json\/wp\/v2\/product"}],"about":[{"href":"https:\/\/anabelmuebles.com\/ca\/wp-json\/wp\/v2\/types\/product"}],"version-history":[{"count":0,"href":"https:\/\/anabelmuebles.com\/ca\/wp-json\/wp\/v2\/product\/6677\/revisions"}],"wp:featuredmedia":[{"embeddable":true,"href":"https:\/\/anabelmuebles.com\/ca\/wp-json\/wp\/v2\/media\/6678"}],"wp:attachment":[{"href":"https:\/\/anabelmuebles.com\/ca\/wp-json\/wp\/v2\/media?parent=6677"}],"wp:term":[{"taxonomy":"product_brand","embeddable":true,"href":"https:\/\/anabelmuebles.com\/ca\/wp-json\/wp\/v2\/product_brand?post=6677"},{"taxonomy":"product_cat","embeddable":true,"href":"https:\/\/anabelmuebles.com\/ca\/wp-json\/wp\/v2\/product_cat?post=6677"},{"taxonomy":"product_tag","embeddable":true,"href":"https:\/\/anabelmuebles.com\/ca\/wp-json\/wp\/v2\/product_tag?post=6677"}],"curies":[{"name":"wp","href":"https:\/\/api.w.org\/{rel}","templated":true}]}}