{"id":6673,"date":"2024-02-29T17:33:27","date_gmt":"2024-02-29T17:33:27","guid":{"rendered":"https:\/\/anabelmuebles.com\/?post_type=product&#038;p=6673"},"modified":"2025-09-10T21:12:58","modified_gmt":"2025-09-10T21:12:58","slug":"vitrina-luces-led-europa","status":"publish","type":"product","link":"https:\/\/anabelmuebles.com\/ca\/tienda-online\/salones\/vitrina-luces-led-europa\/","title":{"rendered":"Vitrina Luces Led Europa"},"content":{"rendered":"<p>Su dise\u00f1o industrial \u00fanico y diferente captar\u00e1 todas las miradas. Con esta vitrina, podr\u00e1s exhibir tus objetos m\u00e1s preciados de una manera elegante.<\/p>\n\n\n\n<p>Esta vitrina, formato KIT, incluye luces leds que resaltar\u00e1n a\u00fan m\u00e1s tus objetos favoritos. Podr\u00e1s iluminarlos de manera sutil y crear un ambiente acogedor en tu hogar.<\/p>\n\n\n\n<p>Con su estilo industrial y sus luces leds incorporadas, la Vitrina con Luces Led Europa es ideal para combinar con cualquier mueble o bajo del sal\u00f3n. No solo te brinda espacio de almacenamiento adicional, sino que tambi\u00e9n a\u00f1ade un toque de estilo a tu decoraci\u00f3n.<\/p>\n\n\n\n<p>No te pierdas la oportunidad de tener esta vitrina \u00fanica en tu hogar. \u00a1Hazte con ella ahora mismo y dale a tu sal\u00f3n el toque especial que se merece!<\/p>","protected":false},"excerpt":{"rendered":"<p>La Vitrina con Luces Led Europa es la pieza imprescindible para completar tu sal\u00f3n con un toque original y sofisticado.<\/p>","protected":false},"featured_media":6674,"template":"","meta":{"_acf_changed":false},"product_brand":[],"product_cat":[51,608],"product_tag":[424,429,428,425,427,418,417,416,415,379,426,380,376,378,374,377,375,423,422,419,420,421],"class_list":{"0":"post-6673","1":"product","2":"type-product","3":"status-publish","4":"has-post-thumbnail","6":"product_cat-salones","7":"product_cat-vitrinas","8":"product_tag-aparador-alto","9":"product_tag-aparador-blanco","10":"product_tag-aparador-comedor","11":"product_tag-aparador-estrecho","12":"product_tag-aparador-salon","13":"product_tag-bodeguero","14":"product_tag-composicion-mueble","15":"product_tag-composicion-mueble-comedor","16":"product_tag-composicion-mueble-salon","17":"product_tag-conjunto-muebles-salon","18":"product_tag-mueble-aparador","19":"product_tag-muebles-saln-modernos-baratos","20":"product_tag-muebles-salon","21":"product_tag-muebles-salon-baratos","22":"product_tag-muebles-salon-cuenca","23":"product_tag-muebles-salon-modernos","24":"product_tag-salon-cuenca","25":"product_tag-vitrina-alta-salon","26":"product_tag-vitrina-baja-salon","27":"product_tag-vitrina-cristal","28":"product_tag-vitrina-expositora","29":"product_tag-vitrina-salon","31":"first","32":"outofstock","33":"shipping-taxable","34":"purchasable","35":"product-type-simple"},"acf":[],"_links":{"self":[{"href":"https:\/\/anabelmuebles.com\/ca\/wp-json\/wp\/v2\/product\/6673","targetHints":{"allow":["GET"]}}],"collection":[{"href":"https:\/\/anabelmuebles.com\/ca\/wp-json\/wp\/v2\/product"}],"about":[{"href":"https:\/\/anabelmuebles.com\/ca\/wp-json\/wp\/v2\/types\/product"}],"version-history":[{"count":0,"href":"https:\/\/anabelmuebles.com\/ca\/wp-json\/wp\/v2\/product\/6673\/revisions"}],"wp:featuredmedia":[{"embeddable":true,"href":"https:\/\/anabelmuebles.com\/ca\/wp-json\/wp\/v2\/media\/6674"}],"wp:attachment":[{"href":"https:\/\/anabelmuebles.com\/ca\/wp-json\/wp\/v2\/media?parent=6673"}],"wp:term":[{"taxonomy":"product_brand","embeddable":true,"href":"https:\/\/anabelmuebles.com\/ca\/wp-json\/wp\/v2\/product_brand?post=6673"},{"taxonomy":"product_cat","embeddable":true,"href":"https:\/\/anabelmuebles.com\/ca\/wp-json\/wp\/v2\/product_cat?post=6673"},{"taxonomy":"product_tag","embeddable":true,"href":"https:\/\/anabelmuebles.com\/ca\/wp-json\/wp\/v2\/product_tag?post=6673"}],"curies":[{"name":"wp","href":"https:\/\/api.w.org\/{rel}","templated":true}]}}