{"id":6608,"date":"2024-02-29T13:59:49","date_gmt":"2024-02-29T13:59:49","guid":{"rendered":"https:\/\/anabelmuebles.com\/?post_type=product&#038;p=6608"},"modified":"2025-10-09T07:51:13","modified_gmt":"2025-10-09T07:51:13","slug":"panel-3-estantes-chellen","status":"publish","type":"product","link":"https:\/\/anabelmuebles.com\/ca\/tienda-online\/muebles-auxiliares\/estanteria\/panel-3-estantes-chellen\/","title":{"rendered":"Panel de estantes vers\u00e1til y moderno Chell\u00e9n con 3 estantes"},"content":{"rendered":"<p>Transforma tu hogar y disfruta de un espacio organizado con el <strong>Panel 3 estantes Chell\u00e9n<\/strong>. Este vers\u00e1til panel no solo se ajusta perfectamente al aparador Chell\u00e9n, sino que tambi\u00e9n puede funcionar como una estanter\u00eda independiente, adapt\u00e1ndose a tus gustos y necesidades.<\/p>\n<h2>Descubre el panel 3 estantes Chell\u00e9n<\/h2>\n<p>Con un <strong>dise\u00f1o moderno<\/strong> y elegante, el Panel 3 estantes Chell\u00e9n es la opci\u00f3n ideal para organizar tus libros, objetos decorativos o plantas. Su estructura resistente asegura la durabilidad a largo plazo, y su acabado en color blanco a\u00f1ade un toque de sofisticaci\u00f3n a cualquier ambiente. Mejora tu entorno y mant\u00e9n tus pertenencias organizadas con este funcional y atractivo panel.<\/p>\n<h2>Beneficios del panel 3 estantes Chell\u00e9n<\/h2>\n<p>El <strong>panel 3 estantes Chell\u00e9n<\/strong> mejora tu vida al ofrecer una soluci\u00f3n de almacenamiento pr\u00e1ctica y estilizada. Ideal para sala de estar, estudio o dormitorio, este panel maximiza el espacio y le da un toque moderno a tu decoraci\u00f3n.<\/p>\n<h2>Panel 3 estantes Chell\u00e9n: caracter\u00edsticas principales<\/h2>\n<ul>\n<li>Personalizable: Instalable con 3, 2, 1 o ninguna repisa.<\/li>\n<li>Material resistente para una <strong>dureza a largo plazo<\/strong>.<\/li>\n<li>Color blanco que complementa cualquier esquema decorativo.<\/li>\n<li>Ideal para diversas estancias: sal\u00f3n, dormitorio y m\u00e1s.<\/li>\n<\/ul>\n<h2>Compra tu panel 3 estantes Chell\u00e9n en nuestra tienda online<\/h2>\n<p>Optar por el Panel 3 estantes Chell\u00e9n en nuestra tienda online te ofrece varias ventajas: <strong>env\u00edo gratuito<\/strong> a Espa\u00f1a en pedidos superiores a 199 euros, opciones de financiaci\u00f3n y m\u00e1s de 35 a\u00f1os de experiencia en el sector. No esperes m\u00e1s y adquiere tu panel hoy mismo para transformar tu hogar.<\/p>","protected":false},"excerpt":{"rendered":"<p>Panel 3 estantes Chell\u00e9n para organizar tu espacio con estilo y elegancia en color blanco.<\/p>","protected":false},"featured_media":21905,"template":"","meta":{"_acf_changed":false},"product_brand":[],"product_cat":[582],"product_tag":[424,429,428,425,427,418,417,416,415,379,426,376,378,374,377,664,375,423,422,419,420,421],"class_list":{"0":"post-6608","1":"product","2":"type-product","3":"status-publish","4":"has-post-thumbnail","6":"product_cat-estanteria","7":"product_tag-aparador-alto","8":"product_tag-aparador-blanco","9":"product_tag-aparador-comedor","10":"product_tag-aparador-estrecho","11":"product_tag-aparador-salon","12":"product_tag-bodeguero","13":"product_tag-composicion-mueble","14":"product_tag-composicion-mueble-comedor","15":"product_tag-composicion-mueble-salon","16":"product_tag-conjunto-muebles-salon","17":"product_tag-mueble-aparador","18":"product_tag-muebles-salon","19":"product_tag-muebles-salon-baratos","20":"product_tag-muebles-salon-cuenca","21":"product_tag-muebles-salon-modernos","22":"product_tag-muebles-salon-modernos-baratos","23":"product_tag-salon-cuenca","24":"product_tag-vitrina-alta-salon","25":"product_tag-vitrina-baja-salon","26":"product_tag-vitrina-cristal","27":"product_tag-vitrina-expositora","28":"product_tag-vitrina-salon","30":"first","31":"instock","32":"shipping-taxable","33":"purchasable","34":"product-type-simple"},"acf":[],"_links":{"self":[{"href":"https:\/\/anabelmuebles.com\/ca\/wp-json\/wp\/v2\/product\/6608","targetHints":{"allow":["GET"]}}],"collection":[{"href":"https:\/\/anabelmuebles.com\/ca\/wp-json\/wp\/v2\/product"}],"about":[{"href":"https:\/\/anabelmuebles.com\/ca\/wp-json\/wp\/v2\/types\/product"}],"version-history":[{"count":0,"href":"https:\/\/anabelmuebles.com\/ca\/wp-json\/wp\/v2\/product\/6608\/revisions"}],"wp:featuredmedia":[{"embeddable":true,"href":"https:\/\/anabelmuebles.com\/ca\/wp-json\/wp\/v2\/media\/21905"}],"wp:attachment":[{"href":"https:\/\/anabelmuebles.com\/ca\/wp-json\/wp\/v2\/media?parent=6608"}],"wp:term":[{"taxonomy":"product_brand","embeddable":true,"href":"https:\/\/anabelmuebles.com\/ca\/wp-json\/wp\/v2\/product_brand?post=6608"},{"taxonomy":"product_cat","embeddable":true,"href":"https:\/\/anabelmuebles.com\/ca\/wp-json\/wp\/v2\/product_cat?post=6608"},{"taxonomy":"product_tag","embeddable":true,"href":"https:\/\/anabelmuebles.com\/ca\/wp-json\/wp\/v2\/product_tag?post=6608"}],"curies":[{"name":"wp","href":"https:\/\/api.w.org\/{rel}","templated":true}]}}