{"id":6488,"date":"2024-02-26T20:31:57","date_gmt":"2024-02-26T20:31:57","guid":{"rendered":"https:\/\/anabelmuebles.com\/?post_type=product&#038;p=6488"},"modified":"2025-09-10T21:07:32","modified_gmt":"2025-09-10T21:07:32","slug":"composicion-apilable-roncal-06-303-cm","status":"publish","type":"product","link":"https:\/\/anabelmuebles.com\/ca\/tienda-online\/salones\/composicion-apilable-roncal-06-303-cm\/","title":{"rendered":"Composici\u00f3n Roncal 06 (303 cm)"},"content":{"rendered":"<p>El Mueble Bajo de TV Modelo Roncal Andersen y Roble cuenta con una puerta que ofrece un espacio de almacenamiento oculto para mantener tu sala de estar ordenada. Adem\u00e1s, tiene dos espacios abiertos ideales para consolas de videojuegos o reproductores multimedia.<\/p>\n\n\n\n<p>La Vitrina cuenta con una amplia puerta de cristal y luz LED interior, perfecta para almacenar art\u00edculos decorativos o de uso diario. Tambi\u00e9n cuenta con espacio para 8 botellas en la parte intermedia.<\/p>\n\n\n\n<p>La Vitrina con 4 Puertas es ideal para objetos que prefieres tener guardados. Tiene dos puertas con cristal en la parte superior y estantes resistentes y amplios en el interior.<\/p>\n\n\n\n<p>El Estante L tiene una estructura robusta y es perfecto para colocar objetos decorativos. Su terminado en tono Andersen Pino en la base y tono Roble en el respaldo le da un toque elegante.<\/p>\n\n\n\n<p>Limpiar estos muebles es f\u00e1cil, solo necesitas un pa\u00f1o h\u00famedo. El montaje tambi\u00e9n es r\u00e1pido y sencillo gracias a las indicaciones incluidas en el paquete.<\/p>\n\n\n\n<p>A\u00f1ade estilo y funcionalidad a tu sal\u00f3n con la Composici\u00f3n Roncal 06 (303 cm). \u00a1Ordena ahora!<\/p>","protected":false},"excerpt":{"rendered":"<p>La Composici\u00f3n Roncal 06 (303 cm) es una adici\u00f3n elegante y funcional para tu sal\u00f3n. Este conjunto de muebles incluye un Mueble Bajo de TV, una Vitrina, una Vitrina con 4 Puertas y un Estante L, todos con un acabado en tono Andersen Pino y Roble.<\/p>","protected":false},"featured_media":6489,"template":"","meta":{"_acf_changed":false},"product_brand":[],"product_cat":[51,601],"product_tag":[424,429,428,425,427,418,417,416,415,379,426,380,376,378,374,377,375,423,422,419,420,421],"class_list":{"0":"post-6488","1":"product","2":"type-product","3":"status-publish","4":"has-post-thumbnail","6":"product_cat-salones","7":"product_cat-conjuntos-de-salon","8":"product_tag-aparador-alto","9":"product_tag-aparador-blanco","10":"product_tag-aparador-comedor","11":"product_tag-aparador-estrecho","12":"product_tag-aparador-salon","13":"product_tag-bodeguero","14":"product_tag-composicion-mueble","15":"product_tag-composicion-mueble-comedor","16":"product_tag-composicion-mueble-salon","17":"product_tag-conjunto-muebles-salon","18":"product_tag-mueble-aparador","19":"product_tag-muebles-saln-modernos-baratos","20":"product_tag-muebles-salon","21":"product_tag-muebles-salon-baratos","22":"product_tag-muebles-salon-cuenca","23":"product_tag-muebles-salon-modernos","24":"product_tag-salon-cuenca","25":"product_tag-vitrina-alta-salon","26":"product_tag-vitrina-baja-salon","27":"product_tag-vitrina-cristal","28":"product_tag-vitrina-expositora","29":"product_tag-vitrina-salon","30":"pa_color-andersen-pino-roble","31":"pa_color-trufa-canon-blanco","33":"first","34":"outofstock","35":"shipping-taxable","36":"product-type-variable"},"acf":[],"_links":{"self":[{"href":"https:\/\/anabelmuebles.com\/ca\/wp-json\/wp\/v2\/product\/6488","targetHints":{"allow":["GET"]}}],"collection":[{"href":"https:\/\/anabelmuebles.com\/ca\/wp-json\/wp\/v2\/product"}],"about":[{"href":"https:\/\/anabelmuebles.com\/ca\/wp-json\/wp\/v2\/types\/product"}],"version-history":[{"count":0,"href":"https:\/\/anabelmuebles.com\/ca\/wp-json\/wp\/v2\/product\/6488\/revisions"}],"wp:featuredmedia":[{"embeddable":true,"href":"https:\/\/anabelmuebles.com\/ca\/wp-json\/wp\/v2\/media\/6489"}],"wp:attachment":[{"href":"https:\/\/anabelmuebles.com\/ca\/wp-json\/wp\/v2\/media?parent=6488"}],"wp:term":[{"taxonomy":"product_brand","embeddable":true,"href":"https:\/\/anabelmuebles.com\/ca\/wp-json\/wp\/v2\/product_brand?post=6488"},{"taxonomy":"product_cat","embeddable":true,"href":"https:\/\/anabelmuebles.com\/ca\/wp-json\/wp\/v2\/product_cat?post=6488"},{"taxonomy":"product_tag","embeddable":true,"href":"https:\/\/anabelmuebles.com\/ca\/wp-json\/wp\/v2\/product_tag?post=6488"}],"curies":[{"name":"wp","href":"https:\/\/api.w.org\/{rel}","templated":true}]}}