{"id":6469,"date":"2024-02-26T19:43:31","date_gmt":"2024-02-26T19:43:31","guid":{"rendered":"https:\/\/anabelmuebles.com\/?post_type=product&#038;p=6469"},"modified":"2025-09-10T21:07:31","modified_gmt":"2025-09-10T21:07:31","slug":"composicion-roncal-03-241-cm","status":"publish","type":"product","link":"https:\/\/anabelmuebles.com\/ca\/tienda-online\/salones\/composicion-roncal-03-241-cm\/","title":{"rendered":"Composici\u00f3n Roncal 03 (241 cm)"},"content":{"rendered":"<p>Con su elegante color trufa-ca\u00f1\u00f3n blanco, este conjunto incluye un estante L, un bajo tv con 2 puertas y un bodeguero con 1 caj\u00f3n.<\/p>\n\n\n\n<p>El dise\u00f1o vers\u00e1til de esta composici\u00f3n te permite personalizarla seg\u00fan tus necesidades y estilo. Adem\u00e1s, est\u00e1 disponible en los colores Andersen pino-roble y trufa ca\u00f1\u00f3n blanco para que puedas elegir el que mejor se adapte a tu decoraci\u00f3n.<\/p>\n\n\n\n<p>Construida con materiales de alta calidad, esta composici\u00f3n garantiza durabilidad y resistencia. El estante L proporciona espacio adicional para exhibir tus objetos decorativos favoritos, mientras que el bajo tv con puertas oculta cables y otros dispositivos electr\u00f3nicos.<\/p>\n\n\n\n<p>Aprovecha al m\u00e1ximo tu sal\u00f3n con la Composici\u00f3n Roncal 03 (241 cm), una combinaci\u00f3n perfecta de belleza y funcionalidad. \u00a1Haz clic ahora para darle un toque \u00fanico a tu hogar!<\/p>","protected":false},"excerpt":{"rendered":"<p>Transforma tu sal\u00f3n en un espacio moderno y funcional con la Composici\u00f3n Roncal 03 de 241 cm.<\/p>","protected":false},"featured_media":6476,"template":"","meta":{"_acf_changed":false},"product_brand":[],"product_cat":[51,601],"product_tag":[424,429,428,425,427,418,417,416,415,379,426,380,376,378,374,377,375,423,422,419,420,421],"class_list":{"0":"post-6469","1":"product","2":"type-product","3":"status-publish","4":"has-post-thumbnail","6":"product_cat-salones","7":"product_cat-conjuntos-de-salon","8":"product_tag-aparador-alto","9":"product_tag-aparador-blanco","10":"product_tag-aparador-comedor","11":"product_tag-aparador-estrecho","12":"product_tag-aparador-salon","13":"product_tag-bodeguero","14":"product_tag-composicion-mueble","15":"product_tag-composicion-mueble-comedor","16":"product_tag-composicion-mueble-salon","17":"product_tag-conjunto-muebles-salon","18":"product_tag-mueble-aparador","19":"product_tag-muebles-saln-modernos-baratos","20":"product_tag-muebles-salon","21":"product_tag-muebles-salon-baratos","22":"product_tag-muebles-salon-cuenca","23":"product_tag-muebles-salon-modernos","24":"product_tag-salon-cuenca","25":"product_tag-vitrina-alta-salon","26":"product_tag-vitrina-baja-salon","27":"product_tag-vitrina-cristal","28":"product_tag-vitrina-expositora","29":"product_tag-vitrina-salon","30":"pa_color-andersen-pino-roble","31":"pa_color-trufa-canon-blanco","33":"first","34":"outofstock","35":"shipping-taxable","36":"product-type-variable"},"acf":[],"_links":{"self":[{"href":"https:\/\/anabelmuebles.com\/ca\/wp-json\/wp\/v2\/product\/6469","targetHints":{"allow":["GET"]}}],"collection":[{"href":"https:\/\/anabelmuebles.com\/ca\/wp-json\/wp\/v2\/product"}],"about":[{"href":"https:\/\/anabelmuebles.com\/ca\/wp-json\/wp\/v2\/types\/product"}],"version-history":[{"count":0,"href":"https:\/\/anabelmuebles.com\/ca\/wp-json\/wp\/v2\/product\/6469\/revisions"}],"wp:featuredmedia":[{"embeddable":true,"href":"https:\/\/anabelmuebles.com\/ca\/wp-json\/wp\/v2\/media\/6476"}],"wp:attachment":[{"href":"https:\/\/anabelmuebles.com\/ca\/wp-json\/wp\/v2\/media?parent=6469"}],"wp:term":[{"taxonomy":"product_brand","embeddable":true,"href":"https:\/\/anabelmuebles.com\/ca\/wp-json\/wp\/v2\/product_brand?post=6469"},{"taxonomy":"product_cat","embeddable":true,"href":"https:\/\/anabelmuebles.com\/ca\/wp-json\/wp\/v2\/product_cat?post=6469"},{"taxonomy":"product_tag","embeddable":true,"href":"https:\/\/anabelmuebles.com\/ca\/wp-json\/wp\/v2\/product_tag?post=6469"}],"curies":[{"name":"wp","href":"https:\/\/api.w.org\/{rel}","templated":true}]}}