{"id":6433,"date":"2024-02-23T20:01:08","date_gmt":"2024-02-23T20:01:08","guid":{"rendered":"https:\/\/anabelmuebles.com\/?post_type=product&#038;p=6433"},"modified":"2025-09-10T21:06:15","modified_gmt":"2025-09-10T21:06:15","slug":"bodeguero-roncal-1-cajon","status":"publish","type":"product","link":"https:\/\/anabelmuebles.com\/ca\/tienda-online\/salones\/bodeguero-roncal-1-cajon\/","title":{"rendered":"Bodeguero Roncal 1 Caj\u00f3n"},"content":{"rendered":"<p>Con su dise\u00f1o de l\u00edneas limpias y toque moderno, este bodeguero de un caj\u00f3n y varios estantes modelo Roncal es la pieza ideal para darle a tu hogar un ambiente elegante y acogedor.\u00a0<\/p>\r\n\r\n\r\n\r\n<p>Disponible en dos colores, andersen pino-roble y trufa-ca\u00f1\u00f3n blanco, podr\u00e1s colocar tus botellas en \u00e9l y lucir\u00e1n espectaculares.\u00a0Su magn\u00edfico dise\u00f1o cl\u00e1sico con un toque moderno har\u00e1 que este mueble destaque sobre los dem\u00e1s en cualquier sal\u00f3n.<\/p>\r\n\r\n\r\n\r\n<p>\u00a0\u00a1No esperes m\u00e1s para disfrutar de este complemento ideal para tu hogar!<\/p>","protected":false},"excerpt":{"rendered":"<p>El BODEGUERO RONCAL 1 CAJ\u00d3N es el mueble perfecto para preparar tu sal\u00f3n con estilo.<\/p>","protected":false},"featured_media":6434,"template":"","meta":{"_acf_changed":false},"product_brand":[],"product_cat":[51,600],"product_tag":[424,429,428,425,427,418,417,416,415,379,426,380,376,378,374,377,375,423,422,419,420,421],"class_list":{"0":"post-6433","1":"product","2":"type-product","3":"status-publish","4":"has-post-thumbnail","6":"product_cat-salones","7":"product_cat-bodegueros","8":"product_tag-aparador-alto","9":"product_tag-aparador-blanco","10":"product_tag-aparador-comedor","11":"product_tag-aparador-estrecho","12":"product_tag-aparador-salon","13":"product_tag-bodeguero","14":"product_tag-composicion-mueble","15":"product_tag-composicion-mueble-comedor","16":"product_tag-composicion-mueble-salon","17":"product_tag-conjunto-muebles-salon","18":"product_tag-mueble-aparador","19":"product_tag-muebles-saln-modernos-baratos","20":"product_tag-muebles-salon","21":"product_tag-muebles-salon-baratos","22":"product_tag-muebles-salon-cuenca","23":"product_tag-muebles-salon-modernos","24":"product_tag-salon-cuenca","25":"product_tag-vitrina-alta-salon","26":"product_tag-vitrina-baja-salon","27":"product_tag-vitrina-cristal","28":"product_tag-vitrina-expositora","29":"product_tag-vitrina-salon","30":"pa_color-andersen-pino-roble","31":"pa_color-trufa-canon-blanco","33":"first","34":"outofstock","35":"shipping-taxable","36":"product-type-variable"},"acf":[],"_links":{"self":[{"href":"https:\/\/anabelmuebles.com\/ca\/wp-json\/wp\/v2\/product\/6433","targetHints":{"allow":["GET"]}}],"collection":[{"href":"https:\/\/anabelmuebles.com\/ca\/wp-json\/wp\/v2\/product"}],"about":[{"href":"https:\/\/anabelmuebles.com\/ca\/wp-json\/wp\/v2\/types\/product"}],"version-history":[{"count":0,"href":"https:\/\/anabelmuebles.com\/ca\/wp-json\/wp\/v2\/product\/6433\/revisions"}],"wp:featuredmedia":[{"embeddable":true,"href":"https:\/\/anabelmuebles.com\/ca\/wp-json\/wp\/v2\/media\/6434"}],"wp:attachment":[{"href":"https:\/\/anabelmuebles.com\/ca\/wp-json\/wp\/v2\/media?parent=6433"}],"wp:term":[{"taxonomy":"product_brand","embeddable":true,"href":"https:\/\/anabelmuebles.com\/ca\/wp-json\/wp\/v2\/product_brand?post=6433"},{"taxonomy":"product_cat","embeddable":true,"href":"https:\/\/anabelmuebles.com\/ca\/wp-json\/wp\/v2\/product_cat?post=6433"},{"taxonomy":"product_tag","embeddable":true,"href":"https:\/\/anabelmuebles.com\/ca\/wp-json\/wp\/v2\/product_tag?post=6433"}],"curies":[{"name":"wp","href":"https:\/\/api.w.org\/{rel}","templated":true}]}}