{"id":6244,"date":"2024-02-09T18:24:10","date_gmt":"2024-02-09T18:24:10","guid":{"rendered":"https:\/\/anabelmuebles.com\/?post_type=product&#038;p=6244"},"modified":"2025-09-10T21:05:40","modified_gmt":"2025-09-10T21:05:40","slug":"bajo-tv-roncal-1-puerta","status":"publish","type":"product","link":"https:\/\/anabelmuebles.com\/ca\/tienda-online\/salones\/bajo-tv-roncal-1-puerta\/","title":{"rendered":"Bajo Tv Roncal 1 Puerta"},"content":{"rendered":"<p>Fabricado en melamina de alta calidad y contrachapado, este bajo de televisi\u00f3n cuenta con una puerta y una balda para un almacenaje pr\u00e1ctico.<\/p>\r\n\r\n\r\n\r\n<p>Su dise\u00f1o moderno en color trufa y ca\u00f1\u00f3n lo convierte en una pieza ideal para cualquier sal\u00f3n contempor\u00e1neo. Con unas dimensiones de 58 x 118 x 45 cm (alto x ancho x fondo), se adapta f\u00e1cilmente a cualquier espacio.<\/p>\r\n\r\n\r\n\r\n<p>El montaje es sencillo gracias a las instrucciones incluidas en el paquete, y la limpieza se realiza de forma muy f\u00e1cil. Mant\u00e9n tu sal\u00f3n organizado con estilo con el Bajo TV Roncal 1 Puerta.<\/p>","protected":false},"excerpt":{"rendered":"<p>El Bajo TV Roncal 1 Puerta es la soluci\u00f3n perfecta para mantener tu sal\u00f3n ordenado y disfrutar de tu televisi\u00f3n y perif\u00e9ricos.<\/p>","protected":false},"featured_media":6245,"template":"","meta":{"_acf_changed":false},"product_brand":[],"product_cat":[51,599],"product_tag":[424,429,428,425,427,418,417,416,415,379,426,380,376,378,374,377,375,423,422,419,420,421],"class_list":{"0":"post-6244","1":"product","2":"type-product","3":"status-publish","4":"has-post-thumbnail","6":"product_cat-salones","7":"product_cat-muebles-bajo-tv","8":"product_tag-aparador-alto","9":"product_tag-aparador-blanco","10":"product_tag-aparador-comedor","11":"product_tag-aparador-estrecho","12":"product_tag-aparador-salon","13":"product_tag-bodeguero","14":"product_tag-composicion-mueble","15":"product_tag-composicion-mueble-comedor","16":"product_tag-composicion-mueble-salon","17":"product_tag-conjunto-muebles-salon","18":"product_tag-mueble-aparador","19":"product_tag-muebles-saln-modernos-baratos","20":"product_tag-muebles-salon","21":"product_tag-muebles-salon-baratos","22":"product_tag-muebles-salon-cuenca","23":"product_tag-muebles-salon-modernos","24":"product_tag-salon-cuenca","25":"product_tag-vitrina-alta-salon","26":"product_tag-vitrina-baja-salon","27":"product_tag-vitrina-cristal","28":"product_tag-vitrina-expositora","29":"product_tag-vitrina-salon","30":"pa_color-andersen-pino-roble","31":"pa_color-trufa-canon-blanco","33":"first","34":"outofstock","35":"shipping-taxable","36":"purchasable","37":"product-type-variable"},"acf":[],"_links":{"self":[{"href":"https:\/\/anabelmuebles.com\/ca\/wp-json\/wp\/v2\/product\/6244","targetHints":{"allow":["GET"]}}],"collection":[{"href":"https:\/\/anabelmuebles.com\/ca\/wp-json\/wp\/v2\/product"}],"about":[{"href":"https:\/\/anabelmuebles.com\/ca\/wp-json\/wp\/v2\/types\/product"}],"version-history":[{"count":0,"href":"https:\/\/anabelmuebles.com\/ca\/wp-json\/wp\/v2\/product\/6244\/revisions"}],"wp:featuredmedia":[{"embeddable":true,"href":"https:\/\/anabelmuebles.com\/ca\/wp-json\/wp\/v2\/media\/6245"}],"wp:attachment":[{"href":"https:\/\/anabelmuebles.com\/ca\/wp-json\/wp\/v2\/media?parent=6244"}],"wp:term":[{"taxonomy":"product_brand","embeddable":true,"href":"https:\/\/anabelmuebles.com\/ca\/wp-json\/wp\/v2\/product_brand?post=6244"},{"taxonomy":"product_cat","embeddable":true,"href":"https:\/\/anabelmuebles.com\/ca\/wp-json\/wp\/v2\/product_cat?post=6244"},{"taxonomy":"product_tag","embeddable":true,"href":"https:\/\/anabelmuebles.com\/ca\/wp-json\/wp\/v2\/product_tag?post=6244"}],"curies":[{"name":"wp","href":"https:\/\/api.w.org\/{rel}","templated":true}]}}