{"id":6228,"date":"2024-02-09T18:10:49","date_gmt":"2024-02-09T18:10:49","guid":{"rendered":"https:\/\/anabelmuebles.com\/?post_type=product&#038;p=6228"},"modified":"2025-09-10T21:12:58","modified_gmt":"2025-09-10T21:12:58","slug":"vitrina-roncal-1-puerta-cristal-con-luces","status":"publish","type":"product","link":"https:\/\/anabelmuebles.com\/ca\/tienda-online\/salones\/vitrina-roncal-1-puerta-cristal-con-luces\/","title":{"rendered":"Vitrina Roncal 1 Puerta Cristal con Luces"},"content":{"rendered":"<p>Con sus 68 cm de ancho, esta vitrina te ofrece espacio m\u00e1s que suficiente para almacenar y exhibir todo lo que desees.<\/p>\n\n\n\n<p>Esta vitrina cuenta con herrajes met\u00e1licos de alta calidad y est\u00e1 fabricada en melamina contrachapada resistente. Sus puertas de cristal le dan un toque elegante y permiten mostrar tus objetos de valor de manera segura. Adem\u00e1s, viene equipada con luces LED incluidas, que resaltar\u00e1n tus preciados art\u00edculos.<\/p>\n\n\n\n<p>Disponible en dos colores distintos, esta vitrina Roncal se adapta a cualquier estilo de decoraci\u00f3n. Aprovecha esta oportunidad para a\u00f1adir funcionalidad y estilo a tu sal\u00f3n con esta impresionante vitrina.<\/p>","protected":false},"excerpt":{"rendered":"<p>Te presentamos la VITRINA RONCAL 1 PUERTA CRISTAL CON LUCES LED, una pieza magn\u00edfica que transformar\u00e1 tu sal\u00f3n.<\/p>","protected":false},"featured_media":6233,"template":"","meta":{"_acf_changed":false},"product_brand":[],"product_cat":[51,608],"product_tag":[424,429,428,425,427,418,417,416,415,379,426,380,376,378,374,377,375,423,422,419,420,421],"class_list":{"0":"post-6228","1":"product","2":"type-product","3":"status-publish","4":"has-post-thumbnail","6":"product_cat-salones","7":"product_cat-vitrinas","8":"product_tag-aparador-alto","9":"product_tag-aparador-blanco","10":"product_tag-aparador-comedor","11":"product_tag-aparador-estrecho","12":"product_tag-aparador-salon","13":"product_tag-bodeguero","14":"product_tag-composicion-mueble","15":"product_tag-composicion-mueble-comedor","16":"product_tag-composicion-mueble-salon","17":"product_tag-conjunto-muebles-salon","18":"product_tag-mueble-aparador","19":"product_tag-muebles-saln-modernos-baratos","20":"product_tag-muebles-salon","21":"product_tag-muebles-salon-baratos","22":"product_tag-muebles-salon-cuenca","23":"product_tag-muebles-salon-modernos","24":"product_tag-salon-cuenca","25":"product_tag-vitrina-alta-salon","26":"product_tag-vitrina-baja-salon","27":"product_tag-vitrina-cristal","28":"product_tag-vitrina-expositora","29":"product_tag-vitrina-salon","30":"pa_color-andersen-pino-roble","31":"pa_color-trufa-canon-blanco","33":"first","34":"outofstock","35":"shipping-taxable","36":"product-type-variable"},"acf":[],"_links":{"self":[{"href":"https:\/\/anabelmuebles.com\/ca\/wp-json\/wp\/v2\/product\/6228","targetHints":{"allow":["GET"]}}],"collection":[{"href":"https:\/\/anabelmuebles.com\/ca\/wp-json\/wp\/v2\/product"}],"about":[{"href":"https:\/\/anabelmuebles.com\/ca\/wp-json\/wp\/v2\/types\/product"}],"version-history":[{"count":0,"href":"https:\/\/anabelmuebles.com\/ca\/wp-json\/wp\/v2\/product\/6228\/revisions"}],"wp:featuredmedia":[{"embeddable":true,"href":"https:\/\/anabelmuebles.com\/ca\/wp-json\/wp\/v2\/media\/6233"}],"wp:attachment":[{"href":"https:\/\/anabelmuebles.com\/ca\/wp-json\/wp\/v2\/media?parent=6228"}],"wp:term":[{"taxonomy":"product_brand","embeddable":true,"href":"https:\/\/anabelmuebles.com\/ca\/wp-json\/wp\/v2\/product_brand?post=6228"},{"taxonomy":"product_cat","embeddable":true,"href":"https:\/\/anabelmuebles.com\/ca\/wp-json\/wp\/v2\/product_cat?post=6228"},{"taxonomy":"product_tag","embeddable":true,"href":"https:\/\/anabelmuebles.com\/ca\/wp-json\/wp\/v2\/product_tag?post=6228"}],"curies":[{"name":"wp","href":"https:\/\/api.w.org\/{rel}","templated":true}]}}