{"id":6222,"date":"2024-02-09T17:55:47","date_gmt":"2024-02-09T17:55:47","guid":{"rendered":"https:\/\/anabelmuebles.com\/?post_type=product&#038;p=6222"},"modified":"2025-09-08T17:54:35","modified_gmt":"2025-09-08T17:54:35","slug":"libreria-roncal-2-puertas","status":"publish","type":"product","link":"https:\/\/anabelmuebles.com\/ca\/tienda-online\/salones\/libreria-roncal-2-puertas\/","title":{"rendered":"Librer\u00eda Roncal 2 Puertas"},"content":{"rendered":"<p>Con estantes en la parte superior y dos puertas en la inferior, esta librer\u00eda es perfecta para organizar y exhibir tus libros, adornos y recuerdos favoritos. <\/p>\n\n\n\n<p>Disponible en los colores Andersen pino-roble y Trufa-ca\u00f1\u00f3n blanco, esta pieza a\u00f1adir\u00e1 estilo y funcionalidad a cualquier espacio. Su dise\u00f1o moderno y vers\u00e1til se adapta a cualquier decoraci\u00f3n.<\/p>\n\n\n\n<p>\u00a1Transforma tu sala con la librer\u00eda Roncal 2 Puertas y dale vida a tus objetos m\u00e1s preciados!<\/p>","protected":false},"excerpt":{"rendered":"<p>Librer\u00eda Roncal 2 Puertas: Dale un toque especial a tu sal\u00f3n con la elegante librer\u00eda Roncal de dos puertas.<\/p>","protected":false},"featured_media":6223,"template":"","meta":{"_acf_changed":false},"product_brand":[],"product_cat":[51],"product_tag":[424,429,428,425,427,418,417,416,415,379,426,380,376,378,374,377,375,423,422,419,420,421],"class_list":{"0":"post-6222","1":"product","2":"type-product","3":"status-publish","4":"has-post-thumbnail","6":"product_cat-salones","7":"product_tag-aparador-alto","8":"product_tag-aparador-blanco","9":"product_tag-aparador-comedor","10":"product_tag-aparador-estrecho","11":"product_tag-aparador-salon","12":"product_tag-bodeguero","13":"product_tag-composicion-mueble","14":"product_tag-composicion-mueble-comedor","15":"product_tag-composicion-mueble-salon","16":"product_tag-conjunto-muebles-salon","17":"product_tag-mueble-aparador","18":"product_tag-muebles-saln-modernos-baratos","19":"product_tag-muebles-salon","20":"product_tag-muebles-salon-baratos","21":"product_tag-muebles-salon-cuenca","22":"product_tag-muebles-salon-modernos","23":"product_tag-salon-cuenca","24":"product_tag-vitrina-alta-salon","25":"product_tag-vitrina-baja-salon","26":"product_tag-vitrina-cristal","27":"product_tag-vitrina-expositora","28":"product_tag-vitrina-salon","29":"pa_color-andersen-pino-roble","30":"pa_color-trufa-canon-blanco","32":"first","33":"outofstock","34":"shipping-taxable","35":"product-type-variable"},"acf":[],"_links":{"self":[{"href":"https:\/\/anabelmuebles.com\/ca\/wp-json\/wp\/v2\/product\/6222","targetHints":{"allow":["GET"]}}],"collection":[{"href":"https:\/\/anabelmuebles.com\/ca\/wp-json\/wp\/v2\/product"}],"about":[{"href":"https:\/\/anabelmuebles.com\/ca\/wp-json\/wp\/v2\/types\/product"}],"version-history":[{"count":0,"href":"https:\/\/anabelmuebles.com\/ca\/wp-json\/wp\/v2\/product\/6222\/revisions"}],"wp:featuredmedia":[{"embeddable":true,"href":"https:\/\/anabelmuebles.com\/ca\/wp-json\/wp\/v2\/media\/6223"}],"wp:attachment":[{"href":"https:\/\/anabelmuebles.com\/ca\/wp-json\/wp\/v2\/media?parent=6222"}],"wp:term":[{"taxonomy":"product_brand","embeddable":true,"href":"https:\/\/anabelmuebles.com\/ca\/wp-json\/wp\/v2\/product_brand?post=6222"},{"taxonomy":"product_cat","embeddable":true,"href":"https:\/\/anabelmuebles.com\/ca\/wp-json\/wp\/v2\/product_cat?post=6222"},{"taxonomy":"product_tag","embeddable":true,"href":"https:\/\/anabelmuebles.com\/ca\/wp-json\/wp\/v2\/product_tag?post=6222"}],"curies":[{"name":"wp","href":"https:\/\/api.w.org\/{rel}","templated":true}]}}