{"id":5229,"date":"2024-01-12T14:24:22","date_gmt":"2024-01-12T14:24:22","guid":{"rendered":"https:\/\/anabelmuebles.com\/?post_type=product&#038;p=5229"},"modified":"2025-09-28T10:24:06","modified_gmt":"2025-09-28T10:24:06","slug":"litera-donald","status":"publish","type":"product","link":"https:\/\/anabelmuebles.com\/ca\/tienda-online\/dormitorios\/litera-donald\/","title":{"rendered":"Litera de melamina Donald con herrajes met\u00e1licos"},"content":{"rendered":"<p>Encuentra la soluci\u00f3n perfecta para optimizar el espacio en tu hogar con la <strong>litera Donald<\/strong>. Fabricada con melamina de primera calidad y herrajes met\u00e1licos, esta litera no solo es funcional, sino tambi\u00e9n elegante, satisfaciendo las necesidades de descanso de toda la familia.<\/p>\n<h2>BENEFICIOS: Mejora tu espacio con la litera Donald<\/h2>\n<p>La <strong>litera Donald<\/strong> te permite maximizar el uso del espacio en habitaciones peque\u00f1as, ideal para ni\u00f1os, adolescentes o visitas. Su instalaci\u00f3n es sencilla, y su dise\u00f1o moderno se adapta a cualquier estilo de decoraci\u00f3n, garantizando un ambiente acogedor y funcional.<\/p>\n<h2>CARACTERISTICAS: Litera Donald<\/h2>\n<ul>\n<li>Material: Melamina de primera calidad<\/li>\n<li>Herrajes met\u00e1licos que aseguran durabilidad<\/li>\n<li>Requiere dos colchones de tama\u00f1o 90&#215;190 cm<\/li>\n<li>Soporte (tabla) para mayor seguridad y comodidad<\/li>\n<li>Color Andersen que combina con diversas decoraciones<\/li>\n<\/ul>\n<h2>VENTAJAS: Compra tu litera Donald en nuestra tienda online<\/h2>\n<p>Al elegir la <strong>litera Donald<\/strong>, no solo adquieres un producto funcional, sino que tambi\u00e9n disfrutas de una experiencia de compra excepcional. Benef\u00edciate de env\u00edo gratuito a Espa\u00f1a en pedidos superiores a 199 euros y una financiaci\u00f3n accesible. Con m\u00e1s de 35 a\u00f1os en el mercado, garantizamos la calidad de nuestros productos, ofreciendo acabados que cumplen con los m\u00e1s altos est\u00e1ndares.<\/p>","protected":false},"excerpt":{"rendered":"<p>Litera Donald de melamina con herrajes met\u00e1licos, perfecta para optimizar el espacio en tu habitaci\u00f3n.<\/p>","protected":false},"featured_media":21913,"template":"","meta":{"_acf_changed":false},"product_brand":[],"product_cat":[48,629],"product_tag":[397,392,393,395,398,396,394,410,409,406,405,411,407,408,389,388,391,390,381,414,412,413,400,399,386,387,384,382,385,383,401,402,404,403],"class_list":{"0":"post-5229","1":"product","2":"type-product","3":"status-publish","4":"has-post-thumbnail","6":"product_cat-dormitorios","7":"product_cat-literas","8":"product_tag-armario-empotrado","9":"product_tag-armario-escobero","10":"product_tag-armario-esquinero","11":"product_tag-armario-exterior","12":"product_tag-armario-pax","13":"product_tag-armario-puertas-correderas","14":"product_tag-armario-ropero","15":"product_tag-cabecero-cama-135","16":"product_tag-cabecero-cama-150","17":"product_tag-cabecero-cama-90","18":"product_tag-cabecero-madera","19":"product_tag-cabecero-mandal","20":"product_tag-cabecero-ratan","21":"product_tag-cabecero-tapizado","22":"product_tag-cajonera-armario","23":"product_tag-cajonera-escritorio","24":"product_tag-cajonera-estrecha","25":"product_tag-cajonera-interior-armario","26":"product_tag-dormitorios-cuenca","27":"product_tag-litera-con-escritorio","28":"product_tag-litera-infantil","29":"product_tag-litera-triple","30":"product_tag-marco-de-espejo","31":"product_tag-marco-de-espejo-de-metal","32":"product_tag-muebles-dormitorio-baratos","33":"product_tag-muebles-dormitorio-cmoda","34":"product_tag-muebles-dormitorio-completo","35":"product_tag-muebles-dormitorio-cuenca","36":"product_tag-muebles-dormitorio-juvenil","37":"product_tag-muebles-dormitorio-matrimonio","38":"product_tag-sinfonier","39":"product_tag-sinfonier-blanco","40":"product_tag-sinfonier-estrecho","41":"product_tag-sinfonier-madera","42":"pa_color-andersen","43":"pa_color-puccini","45":"first","46":"instock","47":"shipping-taxable","48":"purchasable","49":"product-type-simple"},"acf":[],"_links":{"self":[{"href":"https:\/\/anabelmuebles.com\/ca\/wp-json\/wp\/v2\/product\/5229","targetHints":{"allow":["GET"]}}],"collection":[{"href":"https:\/\/anabelmuebles.com\/ca\/wp-json\/wp\/v2\/product"}],"about":[{"href":"https:\/\/anabelmuebles.com\/ca\/wp-json\/wp\/v2\/types\/product"}],"version-history":[{"count":0,"href":"https:\/\/anabelmuebles.com\/ca\/wp-json\/wp\/v2\/product\/5229\/revisions"}],"wp:featuredmedia":[{"embeddable":true,"href":"https:\/\/anabelmuebles.com\/ca\/wp-json\/wp\/v2\/media\/21913"}],"wp:attachment":[{"href":"https:\/\/anabelmuebles.com\/ca\/wp-json\/wp\/v2\/media?parent=5229"}],"wp:term":[{"taxonomy":"product_brand","embeddable":true,"href":"https:\/\/anabelmuebles.com\/ca\/wp-json\/wp\/v2\/product_brand?post=5229"},{"taxonomy":"product_cat","embeddable":true,"href":"https:\/\/anabelmuebles.com\/ca\/wp-json\/wp\/v2\/product_cat?post=5229"},{"taxonomy":"product_tag","embeddable":true,"href":"https:\/\/anabelmuebles.com\/ca\/wp-json\/wp\/v2\/product_tag?post=5229"}],"curies":[{"name":"wp","href":"https:\/\/api.w.org\/{rel}","templated":true}]}}