{"id":4670,"date":"2023-12-20T11:50:45","date_gmt":"2023-12-20T11:50:45","guid":{"rendered":"https:\/\/anabelmuebles.com\/?post_type=product&#038;p=4670"},"modified":"2025-10-10T09:59:28","modified_gmt":"2025-10-10T09:59:28","slug":"colchon-nano-grafeno","status":"publish","type":"product","link":"https:\/\/anabelmuebles.com\/ca\/tienda-online\/colchones\/colchon-nano-grafeno\/","title":{"rendered":"Colch\u00f3n Nano Grafeno de muelles ensacados"},"content":{"rendered":"<p>El <strong>Colch\u00f3n Nano Grafeno<\/strong> combina un n\u00facleo de <strong>muelles ensacados<\/strong> recubiertos con tejido <strong>TST<\/strong> de alto gramaje y <strong>BOX HR<\/strong> de 33 kg\/m\u00b3 para brindarte un soporte \u00f3ptimo y una durabilidad excepcional. La plancha de 2 cm de <strong>ECONATUR<\/strong> de alta densidad a\u00f1ade firmeza y prolonga la vida \u00fatil del colch\u00f3n.<\/p>\n<p>el acolchado superior del <strong>Colch\u00f3n Nano Grafeno<\/strong> cuenta con un tejido <strong>stretch<\/strong> con sistema <strong>tecno gel<\/strong> de 340 gr\/m\u00b2, espuma suave de 1 cm y viscoel\u00e1stica de 55 kg\/m\u00b3, proporcionando una superficie suave y adaptable que alivia los puntos de presi\u00f3n de manera \u00f3ptima. Tambi\u00e9n incluye 150 gramos de fibra at\u00e9rmica y soporte TST con dise\u00f1o tapa a tapa exclusivo.<\/p>\n<p>El acolchado inferior, hecho en tejido tridimensional de alta transpiraci\u00f3n, con 300 gramos de fibra at\u00e9rmica y soporte TST, asegura una excelente ventilaci\u00f3n durante toda la noche, manteniendo una frescura constante.<\/p>\n<p>La platabanda, dise\u00f1ada en tejido <strong>tech fresh<\/strong> transpirable y acolchada en ultrasonido con fibra transpirable, a\u00f1ade elegancia y funcionalidad al colch\u00f3n, ayudando a regular la temperatura para un descanso confortable.<\/p>\n<h3>Caracter\u00edsticas del Colch\u00f3n Nano Grafeno<\/h3>\n<ul>\n<li>N\u00facleo de muelles ensacados con recubrimiento TST y BOX HR de 33 kg\/m\u00b3 para soporte y durabilidad<\/li>\n<li>Plancha ECONATUR de alta densidad de 2 cm para mayor firmeza<\/li>\n<li>Acolchado superior en tejido stretch con sistema tecno gel, espuma suave y viscoel\u00e1stica de 55 kg\/m\u00b3<\/li>\n<li>Fibra at\u00e9rmica de 150 gramos y soporte TST con dise\u00f1o exclusivo tapa a tapa<\/li>\n<li>Acolchado inferior en tejido tridimensional de alta transpiraci\u00f3n con fibra at\u00e9rmica de 300 gramos y soporte TST<\/li>\n<li>Platabanda en tejido tech fresh transpirable con acolchado en ultrasonido para una frescura adicional<\/li>\n<li>Altura total: 25 cm (+-2 cm)<\/li>\n<\/ul>\n<p><strong>Experimenta el lujo y la innovaci\u00f3n del descanso con el <a href=\"https:\/\/anabelmuebles.com\/ca\/categoria-producto\/colchones\/\">Colch\u00f3n<\/a> Nano Grafeno<\/strong>, una opci\u00f3n que combina tecnolog\u00eda avanzada y comodidad para una experiencia de sue\u00f1o incomparable.<\/p>","protected":false},"excerpt":{"rendered":"<p>Colch\u00f3n Nano Grafeno n\u00facleo de muelles ensacados recubiertos con tejido TST, BOX HR de 33 kg, plancha de 2 cm de econatur, tejido stretch con tecno gel<\/p>","protected":false},"featured_media":18282,"template":"","meta":{"_acf_changed":false},"product_brand":[],"product_cat":[46],"product_tag":[349,560,481,348,352,351,341,632,660,350,520,525,523,537,558,353,343,345,342,344,559,557],"class_list":{"0":"post-4670","1":"product","2":"type-product","3":"status-publish","4":"has-post-thumbnail","6":"product_cat-colchones","7":"product_tag-camas-y-colchones-baratos","8":"product_tag-colchon-150x190","9":"product_tag-colchon-200e","10":"product_tag-colchones-baratos","11":"product_tag-colchones-baratos-150x190","12":"product_tag-colchones-baratos-de-135x190","13":"product_tag-colchones-cuenca","14":"product_tag-colchones-150x190","15":"product_tag-colchones-muelles-ensacados","16":"product_tag-comprar-colchones-baratos","17":"product_tag-firmeza","18":"product_tag-gente-adulta","19":"product_tag-gente-alta","20":"product_tag-independencia-de-lecho","21":"product_tag-muelles-ensacado","22":"product_tag-somieres-y-colchones-baratos","23":"product_tag-tienda-colchones-cuenca","24":"product_tag-tienda-de-colchones-cuenca","25":"product_tag-tiendas-colchones-cuenca","26":"product_tag-venta-de-colchones-cuenca","27":"product_tag-visco-con-muelles-ensacados","28":"product_tag-viscoelastico","29":"pa_medidas-105x190","30":"pa_medidas-105x200","31":"pa_medidas-135x190","32":"pa_medidas-135x200","33":"pa_medidas-150x190","34":"pa_medidas-150x200","35":"pa_medidas-90x190","36":"pa_medidas-90x200","38":"first","39":"outofstock","40":"shipping-taxable","41":"purchasable","42":"product-type-variable"},"acf":[],"_links":{"self":[{"href":"https:\/\/anabelmuebles.com\/ca\/wp-json\/wp\/v2\/product\/4670","targetHints":{"allow":["GET"]}}],"collection":[{"href":"https:\/\/anabelmuebles.com\/ca\/wp-json\/wp\/v2\/product"}],"about":[{"href":"https:\/\/anabelmuebles.com\/ca\/wp-json\/wp\/v2\/types\/product"}],"version-history":[{"count":0,"href":"https:\/\/anabelmuebles.com\/ca\/wp-json\/wp\/v2\/product\/4670\/revisions"}],"wp:featuredmedia":[{"embeddable":true,"href":"https:\/\/anabelmuebles.com\/ca\/wp-json\/wp\/v2\/media\/18282"}],"wp:attachment":[{"href":"https:\/\/anabelmuebles.com\/ca\/wp-json\/wp\/v2\/media?parent=4670"}],"wp:term":[{"taxonomy":"product_brand","embeddable":true,"href":"https:\/\/anabelmuebles.com\/ca\/wp-json\/wp\/v2\/product_brand?post=4670"},{"taxonomy":"product_cat","embeddable":true,"href":"https:\/\/anabelmuebles.com\/ca\/wp-json\/wp\/v2\/product_cat?post=4670"},{"taxonomy":"product_tag","embeddable":true,"href":"https:\/\/anabelmuebles.com\/ca\/wp-json\/wp\/v2\/product_tag?post=4670"}],"curies":[{"name":"wp","href":"https:\/\/api.w.org\/{rel}","templated":true}]}}