{"id":4209,"date":"2023-12-07T14:37:36","date_gmt":"2023-12-07T14:37:36","guid":{"rendered":"https:\/\/anabelmuebles.com\/?post_type=product&#038;p=4209"},"modified":"2025-09-28T10:08:17","modified_gmt":"2025-09-28T10:08:17","slug":"conjunto-ruben-32","status":"publish","type":"product","link":"https:\/\/anabelmuebles.com\/ca\/tienda-online\/sofas\/conjunto-ruben-32\/","title":{"rendered":"Conjunto de sofas Rub\u00e9n 3+2 con estructura de madera y dise\u00f1o desenfundable"},"content":{"rendered":"<p>Transforma tu sal\u00f3n con el <strong>Conjunto de Sofas Rub\u00e9n 3+2<\/strong>, dise\u00f1ado para brindar la <strong>combinaci\u00f3n perfecta<\/strong> de resistencia y confort. Este conjunto de sofas se convertir\u00e1 en una pieza imprescindible en tu hogar, garantizando un apoyo \u00f3ptimo y un estilo moderno.<\/p>\n<h2>Disfruta del confort con el conjunto de sofas Rub\u00e9n 3+2<\/h2>\n<p>Con el <strong>Conjunto de Sofas Rub\u00e9n 3+2<\/strong>, podr\u00e1s disfrutar de un asiento confortable gracias a su estructura de madera de pino y aglomerado, que asegura durabilidad. Las <strong>cinchas de asiento<\/strong> y respaldo ofrecen un soporte ideal, mientras que los cojines, compuestos de espuma aglomerada y muelles ensacados, se adaptan a tu forma, brindan suavidad y firmeza, mejorando tu experiencia de descanso.<\/p>\n<h2>Conjunto de sofas Rub\u00e9n 3+2: caracter\u00edsticas principales<\/h2>\n<ul>\n<li><strong>Estructura resistente<\/strong>: fabricada en madera de pino y aglomerado de alta calidad.<\/li>\n<li><strong>Soporte \u00f3ptimo<\/strong>: incluye cinchas de asiento (80 mm) y respaldo (60 mm) para mayor comodidad.<\/li>\n<li><strong>Cojines confortables<\/strong>: elaborados con espuma aglomerada y muelles ensacados que proporcionan un descanso ideal.<\/li>\n<li><strong>Relleno de brazos y respaldos<\/strong>: goma espuma picada para apoyo suave y firme.<\/li>\n<li><strong>Dise\u00f1o desenfundable<\/strong>: facilita limpieza y mantenimiento, manteniendo siempre su aspecto impecable.<\/li>\n<li><strong>Patas cromadas<\/strong>: dise\u00f1o en tubo de 22&#215;35 cm que da un toque moderno.<\/li>\n<li><strong>Tapizados personalizados<\/strong>: disponible en varias opciones como NEVADA, CAIRO, MAGNOL y EDI.<\/li>\n<\/ul>\n<h2>Compra tu conjunto de sofas Rub\u00e9n 3+2 online<\/h2>\n<p>No esperes m\u00e1s para disfrutar de un hogar elegante y c\u00f3modo. En nuestra tienda online, ofrece financiaci\u00f3n, env\u00edos gratuitos a Espa\u00f1a en pedidos superiores a 199 euros, y la seguridad de adquirir productos con m\u00e1s de 35 a\u00f1os de experiencia en el sector. El <strong>Conjunto de Sofas Rub\u00e9n 3+2<\/strong> es la elecci\u00f3n perfecta para mejorar tu calidad de vida.<\/p>","protected":false},"excerpt":{"rendered":"<p>Conjunto de sofas Rub\u00e9n 3+2, resistente y c\u00f3modo, con dise\u00f1o desenfundable y tapizados personalizados.<\/p>","protected":false},"featured_media":21898,"template":"","meta":{"_acf_changed":false},"product_brand":[],"product_cat":[49,592],"product_tag":[435,436,443,442,444,439,437,490,431,430,433,434],"class_list":{"0":"post-4209","1":"product","2":"type-product","3":"status-publish","4":"has-post-thumbnail","6":"product_cat-sofas","7":"product_cat-conjunto-sofa-3-2","8":"product_tag-butaca-reclinable","9":"product_tag-butaca-relax","10":"product_tag-sillon","11":"product_tag-sillon-relax","12":"product_tag-sillon-tantra","13":"product_tag-sof-2-plazas","14":"product_tag-sofa-3-plazas","15":"product_tag-sofa-500e","16":"product_tag-sofa-cama","17":"product_tag-sofa-cuenca","18":"product_tag-sofa-esquinero","19":"product_tag-sofa-rinconera","20":"pa_tapizado-cairo-antracita","21":"pa_tapizado-cairo-beige-oscuro","22":"pa_tapizado-cairo-grafito","23":"pa_tapizado-cairo-perla","24":"pa_tapizado-edi-camel","25":"pa_tapizado-edi-marengo","26":"pa_tapizado-edi-plata","27":"pa_tapizado-magnol-cemento","28":"pa_tapizado-magnol-piedra","29":"pa_tapizado-magnol-plomo","30":"pa_tapizado-nevada-17","31":"pa_tapizado-nevada-2","33":"first","34":"instock","35":"shipping-taxable","36":"purchasable","37":"product-type-variable"},"acf":[],"_links":{"self":[{"href":"https:\/\/anabelmuebles.com\/ca\/wp-json\/wp\/v2\/product\/4209","targetHints":{"allow":["GET"]}}],"collection":[{"href":"https:\/\/anabelmuebles.com\/ca\/wp-json\/wp\/v2\/product"}],"about":[{"href":"https:\/\/anabelmuebles.com\/ca\/wp-json\/wp\/v2\/types\/product"}],"version-history":[{"count":0,"href":"https:\/\/anabelmuebles.com\/ca\/wp-json\/wp\/v2\/product\/4209\/revisions"}],"wp:featuredmedia":[{"embeddable":true,"href":"https:\/\/anabelmuebles.com\/ca\/wp-json\/wp\/v2\/media\/21898"}],"wp:attachment":[{"href":"https:\/\/anabelmuebles.com\/ca\/wp-json\/wp\/v2\/media?parent=4209"}],"wp:term":[{"taxonomy":"product_brand","embeddable":true,"href":"https:\/\/anabelmuebles.com\/ca\/wp-json\/wp\/v2\/product_brand?post=4209"},{"taxonomy":"product_cat","embeddable":true,"href":"https:\/\/anabelmuebles.com\/ca\/wp-json\/wp\/v2\/product_cat?post=4209"},{"taxonomy":"product_tag","embeddable":true,"href":"https:\/\/anabelmuebles.com\/ca\/wp-json\/wp\/v2\/product_tag?post=4209"}],"curies":[{"name":"wp","href":"https:\/\/api.w.org\/{rel}","templated":true}]}}