{"id":4098,"date":"2023-12-01T20:57:45","date_gmt":"2023-12-01T20:57:45","guid":{"rendered":"https:\/\/anabelmuebles.com\/?post_type=product&#038;p=4098"},"modified":"2026-03-17T15:24:38","modified_gmt":"2026-03-17T15:24:38","slug":"rinconera-relax-manual-luxor","status":"publish","type":"product","link":"https:\/\/anabelmuebles.com\/ca\/tienda-online\/sofas\/rinconera-relax-manual-luxor\/","title":{"rendered":"Sof\u00e1 rinconera relax manual Luxor con asientos de espuma alta densidad"},"content":{"rendered":"<p>Disfruta de una experiencia de relax inigualable con el <strong>sof\u00e1 rinconera relax Luxor<\/strong>. Este sof\u00e1 ha sido dise\u00f1ado para ofrecerte el m\u00e1ximo confort y adaptarse a tu cuerpo, gracias a sus asientos rellenos de <strong>espuma de de alta densidad <\/strong>y su sistema de muelles ensacados. Con un sencillo mecanismo manual, podr\u00e1s reclinar los asientos de manera r\u00e1pida y c\u00f3moda, convirtiendo cualquier momento en una oportunidad para relajarte.<\/p>\n<h2>Descubre el confort del sof\u00e1 rinconera Luxor<\/h2>\n<p>Imagina llegar a casa y disfrutar de un relajante descanso en tu sof\u00e1. El <strong>sof\u00e1 rinconera Luxor<\/strong> no solo es estilizado con su tapizado en <strong>microfibra de alta calidad<\/strong> en color Marengo, sino que tambi\u00e9n es una pieza funcional que se adapta a cualquier ambiente decorativo. Perfecto para esos momentos en familia o de soledad con un buen libro, este sof\u00e1 hace que cada rinc\u00f3n de tu hogar sea acogedor.<\/p>\n<h2>Caracter\u00edsticas del sof\u00e1 rinconera relax manual Luxor<\/h2>\n<ul>\n<li><strong>Asientos c\u00f3modos<\/strong>: Rellenos de espuma de alta densidad y muelles ensacados para un soporte excepcional.<\/li>\n<li><strong>Mecanismo manual<\/strong>: Con un simple movimiento de palanca, reclina los asientos a tu preferencia.<\/li>\n<li><strong>Tapizado de microfibra<\/strong>: Suave al tacto y f\u00e1cil de limpiar, facilita su mantenimiento.<\/li>\n<li><strong>Color moderno<\/strong>: El elegante color Marengo se integra perfectamente en cualquier estilo decorativo.<\/li>\n<\/ul>\n<h2>Compra tu sof\u00e1 rinconera relax manual Luxor en nuestra tienda online<\/h2>\n<p>Aprovecha la oportunidad de llevarte a casa el <strong>sof\u00e1 rinconera Luxor<\/strong> y transforma tu espacio en un lugar de confort. Ofrecemos financiaci\u00f3n, env\u00edo gratuito a Espa\u00f1a en pedidos superiores a 199 euros, y la garant\u00eda y confianza de m\u00e1s de 35 a\u00f1os de experiencia en el sector.<\/p>","protected":false},"excerpt":{"rendered":"<p>Sof\u00e1 rinconera relax manual Luxor, asientos de espuma 28 kg y tapizado microfibra color Marengo para un confort excepcional.<\/p>","protected":false},"featured_media":21930,"template":"","meta":{"_acf_changed":false},"product_brand":[],"product_cat":[49,591,596],"product_tag":[435,436,443,442,444,439,437,431,432,440,430,433,434,441],"class_list":{"0":"post-4098","1":"product","2":"type-product","3":"status-publish","4":"has-post-thumbnail","6":"product_cat-sofas","7":"product_cat-sofas-relax-reclinables","8":"product_cat-sofa-rinconera-esquinero","9":"product_tag-butaca-reclinable","10":"product_tag-butaca-relax","11":"product_tag-sillon","12":"product_tag-sillon-relax","13":"product_tag-sillon-tantra","14":"product_tag-sof-2-plazas","15":"product_tag-sofa-3-plazas","16":"product_tag-sofa-cama","17":"product_tag-sofa-chaise-longue","18":"product_tag-sofa-chaiselonge","19":"product_tag-sofa-cuenca","20":"product_tag-sofa-esquinero","21":"product_tag-sofa-rinconera","22":"product_tag-sofas-chaiselonge","24":"first","25":"outofstock","26":"shipping-taxable","27":"purchasable","28":"product-type-simple"},"acf":[],"_links":{"self":[{"href":"https:\/\/anabelmuebles.com\/ca\/wp-json\/wp\/v2\/product\/4098","targetHints":{"allow":["GET"]}}],"collection":[{"href":"https:\/\/anabelmuebles.com\/ca\/wp-json\/wp\/v2\/product"}],"about":[{"href":"https:\/\/anabelmuebles.com\/ca\/wp-json\/wp\/v2\/types\/product"}],"version-history":[{"count":1,"href":"https:\/\/anabelmuebles.com\/ca\/wp-json\/wp\/v2\/product\/4098\/revisions"}],"predecessor-version":[{"id":26297,"href":"https:\/\/anabelmuebles.com\/ca\/wp-json\/wp\/v2\/product\/4098\/revisions\/26297"}],"wp:featuredmedia":[{"embeddable":true,"href":"https:\/\/anabelmuebles.com\/ca\/wp-json\/wp\/v2\/media\/21930"}],"wp:attachment":[{"href":"https:\/\/anabelmuebles.com\/ca\/wp-json\/wp\/v2\/media?parent=4098"}],"wp:term":[{"taxonomy":"product_brand","embeddable":true,"href":"https:\/\/anabelmuebles.com\/ca\/wp-json\/wp\/v2\/product_brand?post=4098"},{"taxonomy":"product_cat","embeddable":true,"href":"https:\/\/anabelmuebles.com\/ca\/wp-json\/wp\/v2\/product_cat?post=4098"},{"taxonomy":"product_tag","embeddable":true,"href":"https:\/\/anabelmuebles.com\/ca\/wp-json\/wp\/v2\/product_tag?post=4098"}],"curies":[{"name":"wp","href":"https:\/\/api.w.org\/{rel}","templated":true}]}}