{"id":4056,"date":"2023-12-01T19:59:50","date_gmt":"2023-12-01T19:59:50","guid":{"rendered":"https:\/\/anabelmuebles.com\/?post_type=product&#038;p=4056"},"modified":"2025-09-28T10:11:55","modified_gmt":"2025-09-28T10:11:55","slug":"conjunto-32-menfis-3p-electrico","status":"publish","type":"product","link":"https:\/\/anabelmuebles.com\/ca\/tienda-online\/sofas\/conjunto-32-menfis-3p-electrico\/","title":{"rendered":"Conjunto de sof\u00e1s 3 y 2 plazas Menfis con asientos de espuma y mecanismo relax"},"content":{"rendered":"<p>Transforma tu sal\u00f3n con el <strong>conjunto de sof\u00e1s 3 y 2 plazas Menfis<\/strong>, dise\u00f1ado para ofrecerte comodidad excepcional y un estilo contempor\u00e1neo que se adaptar\u00e1 a cualquier decoraci\u00f3n. Disfruta del confort absoluto con un elegante sof\u00e1 de 3 plazas que cuenta con dos mecanismos relax motorizados y un asiento central fijo, mientras que el sof\u00e1 de 2 plazas cuenta con un mecanismo de apertura manual, permiti\u00e9ndote ajustar el respaldo con facilidad seg\u00fan tus preferencias.<\/p>\n<h2>Disfruta del confort y el estilo con el conjunto de sof\u00e1s Menfis<\/h2>\n<p>La vida diaria puede ser estresante, y es importante tener un espacio donde relajarse. El <strong>conjunto de sof\u00e1s 3 y 2 plazas Menfis<\/strong> te proporciona un refugio acogedor donde puedes descansar y disfrutar de buenos momentos en compa\u00f1\u00eda. Gracias a su tapizado en <strong>tejido Nolia<\/strong>, disponible en colores cemento y piedra, se integra perfectamente en cualquier ambiente, aportando un toque de elegancia y sofisticaci\u00f3n.<\/p>\n<h2>Conjunto de sof\u00e1s 3 y 2 plazas Menfis: caracter\u00edsticas principales<\/h2>\n<ul>\n<li><strong>Asientos:<\/strong> Espuma de alta densidad con muelles ensacados para un confort superior.<\/li>\n<li><strong>Mecanismos:<\/strong>\n<ul>\n<li>Sof\u00e1 3 plazas: Dos mecanismos relax motorizados, ideal para un descanso inmediato.<\/li>\n<li>Sof\u00e1 2 plazas: Mecanismo manual con palanca para ajustes f\u00e1ciles.<\/li>\n<\/ul>\n<\/li>\n<li><strong>Tapizado:<\/strong> Tejido Nolia de alta calidad, disponible en elegantes colores cemento y piedra.<\/li>\n<\/ul>\n<h2>Encuentra el conjunto de sof\u00e1s Menfis en nuestra tienda online<\/h2>\n<p>Compra tu <strong>conjunto de sof\u00e1s Menfis<\/strong> con confianza en nuestra tienda online. Ofrecemos financiaci\u00f3n f\u00e1cil, env\u00edo gratuito a Espa\u00f1a en pedidos superiores a 199 euros y m\u00e1s de 35 a\u00f1os de experiencia en la selecci\u00f3n de muebles de calidad. Renueva tu hogar hoy mismo y disfruta de la sofisticaci\u00f3n y el confort que mereces.<\/p>","protected":false},"excerpt":{"rendered":"<p>Descubre el conjunto de sof\u00e1s 3 y 2 plazas Menfis, con comodidad superior, mecanismo relax y estilo moderno. \u00a1Compra ahora!<\/p>","protected":false},"featured_media":21900,"template":"","meta":{"_acf_changed":false},"product_brand":[],"product_cat":[49,592,591],"product_tag":[435,436,443,442,444,439,495,437,431,430,433,434],"class_list":{"0":"post-4056","1":"product","2":"type-product","3":"status-publish","4":"has-post-thumbnail","6":"product_cat-sofas","7":"product_cat-conjunto-sofa-3-2","8":"product_cat-sofas-relax-reclinables","9":"product_tag-butaca-reclinable","10":"product_tag-butaca-relax","11":"product_tag-sillon","12":"product_tag-sillon-relax","13":"product_tag-sillon-tantra","14":"product_tag-sof-2-plazas","15":"product_tag-sofa-1000e","16":"product_tag-sofa-3-plazas","17":"product_tag-sofa-cama","18":"product_tag-sofa-cuenca","19":"product_tag-sofa-esquinero","20":"product_tag-sofa-rinconera","21":"pa_color-cemento","22":"pa_color-piedra","24":"first","25":"instock","26":"shipping-taxable","27":"purchasable","28":"product-type-variable"},"acf":[],"_links":{"self":[{"href":"https:\/\/anabelmuebles.com\/ca\/wp-json\/wp\/v2\/product\/4056","targetHints":{"allow":["GET"]}}],"collection":[{"href":"https:\/\/anabelmuebles.com\/ca\/wp-json\/wp\/v2\/product"}],"about":[{"href":"https:\/\/anabelmuebles.com\/ca\/wp-json\/wp\/v2\/types\/product"}],"version-history":[{"count":0,"href":"https:\/\/anabelmuebles.com\/ca\/wp-json\/wp\/v2\/product\/4056\/revisions"}],"wp:featuredmedia":[{"embeddable":true,"href":"https:\/\/anabelmuebles.com\/ca\/wp-json\/wp\/v2\/media\/21900"}],"wp:attachment":[{"href":"https:\/\/anabelmuebles.com\/ca\/wp-json\/wp\/v2\/media?parent=4056"}],"wp:term":[{"taxonomy":"product_brand","embeddable":true,"href":"https:\/\/anabelmuebles.com\/ca\/wp-json\/wp\/v2\/product_brand?post=4056"},{"taxonomy":"product_cat","embeddable":true,"href":"https:\/\/anabelmuebles.com\/ca\/wp-json\/wp\/v2\/product_cat?post=4056"},{"taxonomy":"product_tag","embeddable":true,"href":"https:\/\/anabelmuebles.com\/ca\/wp-json\/wp\/v2\/product_tag?post=4056"}],"curies":[{"name":"wp","href":"https:\/\/api.w.org\/{rel}","templated":true}]}}