{"id":3967,"date":"2023-11-28T14:47:19","date_gmt":"2023-11-28T14:47:19","guid":{"rendered":"https:\/\/anabelmuebles.com\/?post_type=product&#038;p=3967"},"modified":"2025-09-18T08:01:35","modified_gmt":"2025-09-18T08:01:35","slug":"dormitorio-lara-36","status":"publish","type":"product","link":"https:\/\/anabelmuebles.com\/ca\/tienda-online\/dormitorios\/dormitorio-lara-36\/","title":{"rendered":"Dormitorio Lara 36"},"content":{"rendered":"<p>Este conjunto de matrimonio est\u00e1 dise\u00f1ado para brindarle a tu habitaci\u00f3n un toque de sofisticaci\u00f3n. El color Cambian y Andersen pino de la madera combina perfectamente con los frentes en blanco, grafito o gris creando un aspecto contempor\u00e1neo.<\/p>\n<p>El cabecero con patas a\u00f1ade altura y estilo a la cama, mientras que las dos mesitas de noche con 3 cajones cada una ofrecen espacio de almacenamiento adicional. El sinfonier de 5 cajones es perfecto para guardar tu ropa y accesorios, y el espejo mural con luna completa el conjunto.<\/p>\n<p>Con medidas precisas, el cabecero mide 140 x 160 x 3,8 cm, las mesitas de noche miden 60 x 50 x 34,6 cm, el sinfonier tiene unas dimensiones de 106.5 x 60 x 39,6 cm y el espejo mural mide 180 x 60 x 3,5 cm.<\/p>\n<p>Actualiza tu dormitorio y a\u00f1ade un toque de modernidad y elegancia con el dormitorio Lara 36. \u00a1Te encantar\u00e1!<\/p>","protected":false},"excerpt":{"rendered":"<p>\u00a1Actualiza tu dormitorio con el moderno y elegante dormitorio Lara 36!<\/p>","protected":false},"featured_media":3968,"template":"","meta":{"_acf_changed":false},"product_brand":[],"product_cat":[48,628],"product_tag":[397,392,393,395,398,396,394,410,409,406,405,411,407,408,389,388,391,390,381,414,412,413,400,399,386,387,384,382,385,383,401,402,404,403],"class_list":{"0":"post-3967","1":"product","2":"type-product","3":"status-publish","4":"has-post-thumbnail","6":"product_cat-dormitorios","7":"product_cat-dormitorios-matrimonio","8":"product_tag-armario-empotrado","9":"product_tag-armario-escobero","10":"product_tag-armario-esquinero","11":"product_tag-armario-exterior","12":"product_tag-armario-pax","13":"product_tag-armario-puertas-correderas","14":"product_tag-armario-ropero","15":"product_tag-cabecero-cama-135","16":"product_tag-cabecero-cama-150","17":"product_tag-cabecero-cama-90","18":"product_tag-cabecero-madera","19":"product_tag-cabecero-mandal","20":"product_tag-cabecero-ratan","21":"product_tag-cabecero-tapizado","22":"product_tag-cajonera-armario","23":"product_tag-cajonera-escritorio","24":"product_tag-cajonera-estrecha","25":"product_tag-cajonera-interior-armario","26":"product_tag-dormitorios-cuenca","27":"product_tag-litera-con-escritorio","28":"product_tag-litera-infantil","29":"product_tag-litera-triple","30":"product_tag-marco-de-espejo","31":"product_tag-marco-de-espejo-de-metal","32":"product_tag-muebles-dormitorio-baratos","33":"product_tag-muebles-dormitorio-cmoda","34":"product_tag-muebles-dormitorio-completo","35":"product_tag-muebles-dormitorio-cuenca","36":"product_tag-muebles-dormitorio-juvenil","37":"product_tag-muebles-dormitorio-matrimonio","38":"product_tag-sinfonier","39":"product_tag-sinfonier-blanco","40":"product_tag-sinfonier-estrecho","41":"product_tag-sinfonier-madera","42":"pa_color-andersen-pino-gris","43":"pa_color-cambria-blanco","44":"pa_color-cambria-grafito","46":"first","47":"outofstock","48":"shipping-taxable","49":"product-type-simple"},"acf":[],"_links":{"self":[{"href":"https:\/\/anabelmuebles.com\/ca\/wp-json\/wp\/v2\/product\/3967","targetHints":{"allow":["GET"]}}],"collection":[{"href":"https:\/\/anabelmuebles.com\/ca\/wp-json\/wp\/v2\/product"}],"about":[{"href":"https:\/\/anabelmuebles.com\/ca\/wp-json\/wp\/v2\/types\/product"}],"version-history":[{"count":0,"href":"https:\/\/anabelmuebles.com\/ca\/wp-json\/wp\/v2\/product\/3967\/revisions"}],"wp:featuredmedia":[{"embeddable":true,"href":"https:\/\/anabelmuebles.com\/ca\/wp-json\/wp\/v2\/media\/3968"}],"wp:attachment":[{"href":"https:\/\/anabelmuebles.com\/ca\/wp-json\/wp\/v2\/media?parent=3967"}],"wp:term":[{"taxonomy":"product_brand","embeddable":true,"href":"https:\/\/anabelmuebles.com\/ca\/wp-json\/wp\/v2\/product_brand?post=3967"},{"taxonomy":"product_cat","embeddable":true,"href":"https:\/\/anabelmuebles.com\/ca\/wp-json\/wp\/v2\/product_cat?post=3967"},{"taxonomy":"product_tag","embeddable":true,"href":"https:\/\/anabelmuebles.com\/ca\/wp-json\/wp\/v2\/product_tag?post=3967"}],"curies":[{"name":"wp","href":"https:\/\/api.w.org\/{rel}","templated":true}]}}