{"id":3551,"date":"2023-10-24T15:42:44","date_gmt":"2023-10-24T15:42:44","guid":{"rendered":"https:\/\/anabelmuebles.com\/?post_type=product&#038;p=3551"},"modified":"2025-10-09T07:50:17","modified_gmt":"2025-10-09T07:50:17","slug":"estanteria-soto","status":"publish","type":"product","link":"https:\/\/anabelmuebles.com\/ca\/tienda-online\/muebles-auxiliares\/estanteria\/estanteria-soto\/","title":{"rendered":"Estanter\u00eda n\u00f3rdica elegante Soto con combinaciones de color"},"content":{"rendered":"<p>Transforma tu espacio con la <strong>estanter\u00eda Soto<\/strong>, una soluci\u00f3n elegante y moderna que no solo optimiza el almacenamiento sino que tambi\u00e9n aporta un toque distintivo a tu decoraci\u00f3n.<\/p>\n<h2>Mejora tu hogar con la estanter\u00eda Soto<\/h2>\n<p>La <strong>estanter\u00eda Soto<\/strong> es la respuesta perfecta para quienes buscan un mueble que combine dise\u00f1o y funcionalidad. Con un estilo n\u00f3rdico inigualable, esta estanter\u00eda eleva cualquier habitaci\u00f3n, haciendo que tus objetos personales, libros o decoraciones se vean a\u00fan m\u00e1s atractivos.<\/p>\n<h2>Estanter\u00eda Soto: beneficios principales<\/h2>\n<p>La <strong>estanter\u00eda Soto<\/strong> mejora tu vida cotidiana al ofrecer una organizaci\u00f3n eficiente y un dise\u00f1o atractivo que se adapta a cualquier espacio. Sus acabados en roble blanco, textil puccini y cambria-grafito garantizan que encaje perfectamente con tu estilo personal, creando un ambiente cohesivo y est\u00e9ticamente agradable.<\/p>\n<h2>Estanter\u00eda Soto: caracter\u00edsticas principales<\/h2>\n<ul>\n<li>Estilo n\u00f3rdico moderno y elegante.<\/li>\n<li>Disponible en tres combinaciones de colores: roble blanco, textil puccini y cambria-grafito.<\/li>\n<li>Vers\u00e1til y f\u00e1cil de combinar con otros muebles de la colecci\u00f3n Soto.<\/li>\n<li>Incluye un pr\u00e1ctico kit de montaje para disfrutar del DIY.<\/li>\n<li>L\u00edneas limpias y atenci\u00f3n al detalle.<\/li>\n<\/ul>\n<h2>Compra tu estanter\u00eda Soto en nuestra tienda online<\/h2>\n<p>Al adquirir tu <strong>estanter\u00eda Soto<\/strong> en nuestra tienda, disfrutar\u00e1s de ventajas exclusivas como <strong>env\u00edo gratuito a Espa\u00f1a en pedidos superiores a 199 euros<\/strong>, financiaci\u00f3n disponible y una <strong>garant\u00eda de calidad<\/strong> respaldada por m\u00e1s de 35 a\u00f1os de experiencia en el sector. No esperes m\u00e1s para darle a tu hogar el toque de elegancia que se merece.<\/p>","protected":false},"excerpt":{"rendered":"<p>Descubre la estanter\u00eda Soto: elegante, moderna y vers\u00e1til para tu hogar.<\/p>","protected":false},"featured_media":21907,"template":"","meta":{"_acf_changed":false},"product_brand":[],"product_cat":[582],"product_tag":[424,429,428,425,427,418,417,416,415,379,426,376,378,374,377,375,423,422,419,420,421],"class_list":{"0":"post-3551","1":"product","2":"type-product","3":"status-publish","4":"has-post-thumbnail","6":"product_cat-estanteria","7":"product_tag-aparador-alto","8":"product_tag-aparador-blanco","9":"product_tag-aparador-comedor","10":"product_tag-aparador-estrecho","11":"product_tag-aparador-salon","12":"product_tag-bodeguero","13":"product_tag-composicion-mueble","14":"product_tag-composicion-mueble-comedor","15":"product_tag-composicion-mueble-salon","16":"product_tag-conjunto-muebles-salon","17":"product_tag-mueble-aparador","18":"product_tag-muebles-salon","19":"product_tag-muebles-salon-baratos","20":"product_tag-muebles-salon-cuenca","21":"product_tag-muebles-salon-modernos","22":"product_tag-salon-cuenca","23":"product_tag-vitrina-alta-salon","24":"product_tag-vitrina-baja-salon","25":"product_tag-vitrina-cristal","26":"product_tag-vitrina-expositora","27":"product_tag-vitrina-salon","28":"pa_color-cambria-grafito","29":"pa_color-puccini-textil","30":"pa_color-roble-blanco","32":"first","33":"instock","34":"shipping-taxable","35":"purchasable","36":"product-type-variable"},"acf":[],"_links":{"self":[{"href":"https:\/\/anabelmuebles.com\/ca\/wp-json\/wp\/v2\/product\/3551","targetHints":{"allow":["GET"]}}],"collection":[{"href":"https:\/\/anabelmuebles.com\/ca\/wp-json\/wp\/v2\/product"}],"about":[{"href":"https:\/\/anabelmuebles.com\/ca\/wp-json\/wp\/v2\/types\/product"}],"version-history":[{"count":0,"href":"https:\/\/anabelmuebles.com\/ca\/wp-json\/wp\/v2\/product\/3551\/revisions"}],"wp:featuredmedia":[{"embeddable":true,"href":"https:\/\/anabelmuebles.com\/ca\/wp-json\/wp\/v2\/media\/21907"}],"wp:attachment":[{"href":"https:\/\/anabelmuebles.com\/ca\/wp-json\/wp\/v2\/media?parent=3551"}],"wp:term":[{"taxonomy":"product_brand","embeddable":true,"href":"https:\/\/anabelmuebles.com\/ca\/wp-json\/wp\/v2\/product_brand?post=3551"},{"taxonomy":"product_cat","embeddable":true,"href":"https:\/\/anabelmuebles.com\/ca\/wp-json\/wp\/v2\/product_cat?post=3551"},{"taxonomy":"product_tag","embeddable":true,"href":"https:\/\/anabelmuebles.com\/ca\/wp-json\/wp\/v2\/product_tag?post=3551"}],"curies":[{"name":"wp","href":"https:\/\/api.w.org\/{rel}","templated":true}]}}