{"id":3529,"date":"2023-10-24T14:50:49","date_gmt":"2023-10-24T14:50:49","guid":{"rendered":"https:\/\/anabelmuebles.com\/?post_type=product&#038;p=3529"},"modified":"2025-09-18T07:36:06","modified_gmt":"2025-09-18T07:36:06","slug":"mural-con-luna-roncal","status":"publish","type":"product","link":"https:\/\/anabelmuebles.com\/ca\/tienda-online\/espejos\/mural-con-luna-roncal\/","title":{"rendered":"Mural Con Luna Roncal"},"content":{"rendered":"<p>Este exquisito mural con luna viene en tres hermosas opciones: Andersen pino, trufa o roble. Con la vers\u00e1til serie Roncal, puedes mezclar y combinar para crear el look que desees. \u00bfLa mejor parte? Es un KIT conveniente que facilita la instalaci\u00f3n.<\/p>\n<p>Eleva la decoraci\u00f3n de tu hogar con este cautivador mural que a\u00f1ade encanto y sofisticaci\u00f3n a cualquier habitaci\u00f3n sin esfuerzo.\u00a0Elaborado con precisi\u00f3n y atenci\u00f3n al detalle, el MURAL CON LUNA RONCAL seguramente impresionar\u00e1 a sus invitados y dejar\u00e1 una impresi\u00f3n duradera.<\/p>\n<p>Elija esta pieza \u00fanica para mostrar su gusto impecable y darle a su espacio un toque de elegancia art\u00edstica.\u00a0Transforma tus paredes en una obra de arte con el extraordinario MURAL CON LUNA RONCAL.<\/p>","protected":false},"excerpt":{"rendered":"<p>Presentamos el impresionante MURAL CON LUNA RONCAL, una verdadera obra maestra para tu espacio.<\/p>","protected":false},"featured_media":3530,"template":"","meta":{"_acf_changed":false},"product_brand":[],"product_cat":[609],"product_tag":[],"class_list":{"0":"post-3529","1":"product","2":"type-product","3":"status-publish","4":"has-post-thumbnail","6":"product_cat-espejos","7":"pa_color-andersen-pino-roble","8":"pa_color-roble-grafito","9":"pa_color-trufa-canon","11":"first","12":"outofstock","13":"shipping-taxable","14":"product-type-variable"},"acf":[],"_links":{"self":[{"href":"https:\/\/anabelmuebles.com\/ca\/wp-json\/wp\/v2\/product\/3529","targetHints":{"allow":["GET"]}}],"collection":[{"href":"https:\/\/anabelmuebles.com\/ca\/wp-json\/wp\/v2\/product"}],"about":[{"href":"https:\/\/anabelmuebles.com\/ca\/wp-json\/wp\/v2\/types\/product"}],"version-history":[{"count":0,"href":"https:\/\/anabelmuebles.com\/ca\/wp-json\/wp\/v2\/product\/3529\/revisions"}],"wp:featuredmedia":[{"embeddable":true,"href":"https:\/\/anabelmuebles.com\/ca\/wp-json\/wp\/v2\/media\/3530"}],"wp:attachment":[{"href":"https:\/\/anabelmuebles.com\/ca\/wp-json\/wp\/v2\/media?parent=3529"}],"wp:term":[{"taxonomy":"product_brand","embeddable":true,"href":"https:\/\/anabelmuebles.com\/ca\/wp-json\/wp\/v2\/product_brand?post=3529"},{"taxonomy":"product_cat","embeddable":true,"href":"https:\/\/anabelmuebles.com\/ca\/wp-json\/wp\/v2\/product_cat?post=3529"},{"taxonomy":"product_tag","embeddable":true,"href":"https:\/\/anabelmuebles.com\/ca\/wp-json\/wp\/v2\/product_tag?post=3529"}],"curies":[{"name":"wp","href":"https:\/\/api.w.org\/{rel}","templated":true}]}}