{"id":3523,"date":"2023-10-23T19:10:03","date_gmt":"2023-10-23T19:10:03","guid":{"rendered":"https:\/\/anabelmuebles.com\/?post_type=product&#038;p=3523"},"modified":"2025-09-18T08:05:46","modified_gmt":"2025-09-18T08:05:46","slug":"sinfonier-roncal","status":"publish","type":"product","link":"https:\/\/anabelmuebles.com\/ca\/tienda-online\/dormitorios\/sinfonier-roncal\/","title":{"rendered":"Sinfonier Roncal"},"content":{"rendered":"<p>Elaborado con precisi\u00f3n y atenci\u00f3n al detalle, ofrece un amplio espacio de almacenamiento y a\u00f1ade un toque de elegancia a cualquier habitaci\u00f3n.<\/p>\n<p>Construido como un kit de bricolaje, el SINFONIER RONCAL te permite montarlo sin esfuerzo y personalizarlo seg\u00fan tus preferencias.\u00a0Su construcci\u00f3n robusta garantiza durabilidad, mientras que los suaves deslizamientos del caj\u00f3n garantizan un f\u00e1cil acceso a sus pertenencias.<\/p>\n<p>Ya sea que necesite almacenamiento adicional para ropa, accesorios u otros elementos esenciales, este SINFONIER RONCAL est\u00e1 dise\u00f1ado para satisfacer sus necesidades.\u00a0Mejora tu espacio vital con este mueble vers\u00e1til que combina practicidad con un dise\u00f1o exquisito.<\/p>","protected":false},"excerpt":{"rendered":"<p>SINFONIER RONCAL, un mueble de cinco cajones que combina estilo y funcionalidad a la perfecci\u00f3n. Disponible en dos impresionantes acabados: Andersen Pino-Roble y trufa-ca\u00f1\u00f3n, este Sinfonier es el complemento perfecto para la serie Roncal.<\/p>","protected":false},"featured_media":3524,"template":"","meta":{"_acf_changed":false},"product_brand":[],"product_cat":[48,631],"product_tag":[397,392,393,395,398,396,394,410,409,406,405,411,407,408,389,388,391,390,381,414,412,413,400,399,386,387,384,382,385,383,401,402,404,403],"class_list":{"0":"post-3523","1":"product","2":"type-product","3":"status-publish","4":"has-post-thumbnail","6":"product_cat-dormitorios","7":"product_cat-sinfonier","8":"product_tag-armario-empotrado","9":"product_tag-armario-escobero","10":"product_tag-armario-esquinero","11":"product_tag-armario-exterior","12":"product_tag-armario-pax","13":"product_tag-armario-puertas-correderas","14":"product_tag-armario-ropero","15":"product_tag-cabecero-cama-135","16":"product_tag-cabecero-cama-150","17":"product_tag-cabecero-cama-90","18":"product_tag-cabecero-madera","19":"product_tag-cabecero-mandal","20":"product_tag-cabecero-ratan","21":"product_tag-cabecero-tapizado","22":"product_tag-cajonera-armario","23":"product_tag-cajonera-escritorio","24":"product_tag-cajonera-estrecha","25":"product_tag-cajonera-interior-armario","26":"product_tag-dormitorios-cuenca","27":"product_tag-litera-con-escritorio","28":"product_tag-litera-infantil","29":"product_tag-litera-triple","30":"product_tag-marco-de-espejo","31":"product_tag-marco-de-espejo-de-metal","32":"product_tag-muebles-dormitorio-baratos","33":"product_tag-muebles-dormitorio-cmoda","34":"product_tag-muebles-dormitorio-completo","35":"product_tag-muebles-dormitorio-cuenca","36":"product_tag-muebles-dormitorio-juvenil","37":"product_tag-muebles-dormitorio-matrimonio","38":"product_tag-sinfonier","39":"product_tag-sinfonier-blanco","40":"product_tag-sinfonier-estrecho","41":"product_tag-sinfonier-madera","42":"pa_color-andersen-pino-roble","43":"pa_color-trufa-canon","45":"first","46":"outofstock","47":"shipping-taxable","48":"product-type-variable"},"acf":[],"_links":{"self":[{"href":"https:\/\/anabelmuebles.com\/ca\/wp-json\/wp\/v2\/product\/3523","targetHints":{"allow":["GET"]}}],"collection":[{"href":"https:\/\/anabelmuebles.com\/ca\/wp-json\/wp\/v2\/product"}],"about":[{"href":"https:\/\/anabelmuebles.com\/ca\/wp-json\/wp\/v2\/types\/product"}],"version-history":[{"count":0,"href":"https:\/\/anabelmuebles.com\/ca\/wp-json\/wp\/v2\/product\/3523\/revisions"}],"wp:featuredmedia":[{"embeddable":true,"href":"https:\/\/anabelmuebles.com\/ca\/wp-json\/wp\/v2\/media\/3524"}],"wp:attachment":[{"href":"https:\/\/anabelmuebles.com\/ca\/wp-json\/wp\/v2\/media?parent=3523"}],"wp:term":[{"taxonomy":"product_brand","embeddable":true,"href":"https:\/\/anabelmuebles.com\/ca\/wp-json\/wp\/v2\/product_brand?post=3523"},{"taxonomy":"product_cat","embeddable":true,"href":"https:\/\/anabelmuebles.com\/ca\/wp-json\/wp\/v2\/product_cat?post=3523"},{"taxonomy":"product_tag","embeddable":true,"href":"https:\/\/anabelmuebles.com\/ca\/wp-json\/wp\/v2\/product_tag?post=3523"}],"curies":[{"name":"wp","href":"https:\/\/api.w.org\/{rel}","templated":true}]}}