{"id":3518,"date":"2023-10-23T19:00:08","date_gmt":"2023-10-23T19:00:08","guid":{"rendered":"https:\/\/anabelmuebles.com\/?post_type=product&#038;p=3518"},"modified":"2025-09-18T07:49:32","modified_gmt":"2025-09-18T07:49:32","slug":"cabecero-izal","status":"publish","type":"product","link":"https:\/\/anabelmuebles.com\/ca\/tienda-online\/dormitorios\/cabecero-izal\/","title":{"rendered":"Cabecero Izal"},"content":{"rendered":"<p>Con su dise\u00f1o elegante y su impecable estructura, este modelo de cabecero seguramente impresionar\u00e1. Disponible en roble-grafito puedes combinarlo a la perfecci\u00f3n con la serie Roncal.<\/p>\n<p>El CABECERO IZAL es m\u00e1s que una simple pieza elegante.\u00a0Su construcci\u00f3n robusta garantiza durabilidad en los a\u00f1os venideros, mientras que su c\u00f3moda superficie acolchada permite momentos relajantes de descanso y relajaci\u00f3n.\u00a0Ya sea que est\u00e9s leyendo un libro o disfrutando de una pel\u00edcula en la cama, este cabecero brinda el apoyo perfecto.<\/p>\n<p>Mejora tu dormitorio con CABECERO IZAL y experimenta la combinaci\u00f3n de funcionalidad y elegancia.\u00a0Cree un espacio que refleje su estilo \u00fanico y disfrute de la m\u00e1xima comodidad en su santuario.\u00a0No te conformes con lo ordinario, elige lo extraordinario con CABECERO IZAL.<\/p>","protected":false},"excerpt":{"rendered":"<p>Presentamos el CABECERO IZAL de 160 cm, una impresionante adici\u00f3n a la decoraci\u00f3n de su dormitorio.<\/p>","protected":false},"featured_media":4147,"template":"","meta":{"_acf_changed":false},"product_brand":[],"product_cat":[48,625],"product_tag":[397,392,393,395,398,396,394,410,409,406,405,411,407,408,389,388,391,390,381,414,412,413,400,399,386,387,384,382,385,383,401,402,404,403],"class_list":{"0":"post-3518","1":"product","2":"type-product","3":"status-publish","4":"has-post-thumbnail","6":"product_cat-dormitorios","7":"product_cat-cabeceros","8":"product_tag-armario-empotrado","9":"product_tag-armario-escobero","10":"product_tag-armario-esquinero","11":"product_tag-armario-exterior","12":"product_tag-armario-pax","13":"product_tag-armario-puertas-correderas","14":"product_tag-armario-ropero","15":"product_tag-cabecero-cama-135","16":"product_tag-cabecero-cama-150","17":"product_tag-cabecero-cama-90","18":"product_tag-cabecero-madera","19":"product_tag-cabecero-mandal","20":"product_tag-cabecero-ratan","21":"product_tag-cabecero-tapizado","22":"product_tag-cajonera-armario","23":"product_tag-cajonera-escritorio","24":"product_tag-cajonera-estrecha","25":"product_tag-cajonera-interior-armario","26":"product_tag-dormitorios-cuenca","27":"product_tag-litera-con-escritorio","28":"product_tag-litera-infantil","29":"product_tag-litera-triple","30":"product_tag-marco-de-espejo","31":"product_tag-marco-de-espejo-de-metal","32":"product_tag-muebles-dormitorio-baratos","33":"product_tag-muebles-dormitorio-cmoda","34":"product_tag-muebles-dormitorio-completo","35":"product_tag-muebles-dormitorio-cuenca","36":"product_tag-muebles-dormitorio-juvenil","37":"product_tag-muebles-dormitorio-matrimonio","38":"product_tag-sinfonier","39":"product_tag-sinfonier-blanco","40":"product_tag-sinfonier-estrecho","41":"product_tag-sinfonier-madera","42":"pa_color-roble-grafito","43":"pa_color-trufa-canon","45":"first","46":"outofstock","47":"shipping-taxable","48":"purchasable","49":"product-type-simple"},"acf":[],"_links":{"self":[{"href":"https:\/\/anabelmuebles.com\/ca\/wp-json\/wp\/v2\/product\/3518","targetHints":{"allow":["GET"]}}],"collection":[{"href":"https:\/\/anabelmuebles.com\/ca\/wp-json\/wp\/v2\/product"}],"about":[{"href":"https:\/\/anabelmuebles.com\/ca\/wp-json\/wp\/v2\/types\/product"}],"version-history":[{"count":0,"href":"https:\/\/anabelmuebles.com\/ca\/wp-json\/wp\/v2\/product\/3518\/revisions"}],"wp:featuredmedia":[{"embeddable":true,"href":"https:\/\/anabelmuebles.com\/ca\/wp-json\/wp\/v2\/media\/4147"}],"wp:attachment":[{"href":"https:\/\/anabelmuebles.com\/ca\/wp-json\/wp\/v2\/media?parent=3518"}],"wp:term":[{"taxonomy":"product_brand","embeddable":true,"href":"https:\/\/anabelmuebles.com\/ca\/wp-json\/wp\/v2\/product_brand?post=3518"},{"taxonomy":"product_cat","embeddable":true,"href":"https:\/\/anabelmuebles.com\/ca\/wp-json\/wp\/v2\/product_cat?post=3518"},{"taxonomy":"product_tag","embeddable":true,"href":"https:\/\/anabelmuebles.com\/ca\/wp-json\/wp\/v2\/product_tag?post=3518"}],"curies":[{"name":"wp","href":"https:\/\/api.w.org\/{rel}","templated":true}]}}