{"id":3485,"date":"2023-10-23T15:04:27","date_gmt":"2023-10-23T15:04:27","guid":{"rendered":"https:\/\/anabelmuebles.com\/?post_type=product&#038;p=3485"},"modified":"2025-09-18T07:49:39","modified_gmt":"2025-09-18T07:49:39","slug":"cabecero-roncal","status":"publish","type":"product","link":"https:\/\/anabelmuebles.com\/ca\/tienda-online\/dormitorios\/cabecero-roncal\/","title":{"rendered":"Cabecero Roncal"},"content":{"rendered":"<p>Elaborado con meticulosa atenci\u00f3n al detalle, este cabecero a\u00f1ade un toque de elegancia a la decoraci\u00f3n de cualquier dormitorio.\u00a0La combinaci\u00f3n perfecta de forma y funci\u00f3n, no s\u00f3lo mejora el atractivo est\u00e9tico de su espacio sino que tambi\u00e9n proporciona un soporte resistente para su cama.<\/p>\n<p>Con su altura ajustable y su construcci\u00f3n robusta, el Cabecero Roncal garantiza una experiencia c\u00f3moda y personalizada.\u00a0Ya sea que prefiera sentarse y leer un libro o simplemente descansar mientras disfruta de una ma\u00f1ana tranquila en la cama, esta cabecera le brinda la m\u00e1xima comodidad.<\/p>\n<p>Mejora tu dormitorio con CABECERO RONCAL y transf\u00f3rmalo en un santuario de estilo y relajaci\u00f3n.\u00a0Elija la combinaci\u00f3n de colores perfecta que complemente su decoraci\u00f3n y disfrute del lujo cada noche.<\/p>","protected":false},"excerpt":{"rendered":"<p>Te presentamos el Cabecero Roncal, un impresionante cabecero de 160cm con patas. Esta pieza vers\u00e1til ofrece tres opciones elegantes que se adaptan a su gusto: Andersen pino-roble, trufa-ca\u00f1\u00f3n o roble-grafito.<\/p>","protected":false},"featured_media":3491,"template":"","meta":{"_acf_changed":false},"product_brand":[],"product_cat":[48,625],"product_tag":[397,392,393,395,398,396,394,410,409,406,405,411,407,408,389,388,391,390,381,414,412,413,400,399,386,387,384,382,385,383,401,402,404,403],"class_list":{"0":"post-3485","1":"product","2":"type-product","3":"status-publish","4":"has-post-thumbnail","6":"product_cat-dormitorios","7":"product_cat-cabeceros","8":"product_tag-armario-empotrado","9":"product_tag-armario-escobero","10":"product_tag-armario-esquinero","11":"product_tag-armario-exterior","12":"product_tag-armario-pax","13":"product_tag-armario-puertas-correderas","14":"product_tag-armario-ropero","15":"product_tag-cabecero-cama-135","16":"product_tag-cabecero-cama-150","17":"product_tag-cabecero-cama-90","18":"product_tag-cabecero-madera","19":"product_tag-cabecero-mandal","20":"product_tag-cabecero-ratan","21":"product_tag-cabecero-tapizado","22":"product_tag-cajonera-armario","23":"product_tag-cajonera-escritorio","24":"product_tag-cajonera-estrecha","25":"product_tag-cajonera-interior-armario","26":"product_tag-dormitorios-cuenca","27":"product_tag-litera-con-escritorio","28":"product_tag-litera-infantil","29":"product_tag-litera-triple","30":"product_tag-marco-de-espejo","31":"product_tag-marco-de-espejo-de-metal","32":"product_tag-muebles-dormitorio-baratos","33":"product_tag-muebles-dormitorio-cmoda","34":"product_tag-muebles-dormitorio-completo","35":"product_tag-muebles-dormitorio-cuenca","36":"product_tag-muebles-dormitorio-juvenil","37":"product_tag-muebles-dormitorio-matrimonio","38":"product_tag-sinfonier","39":"product_tag-sinfonier-blanco","40":"product_tag-sinfonier-estrecho","41":"product_tag-sinfonier-madera","42":"pa_color-andersen-pino-roble","43":"pa_color-roble-grafito","44":"pa_color-trufa-canon","46":"first","47":"outofstock","48":"shipping-taxable","49":"product-type-variable"},"acf":[],"_links":{"self":[{"href":"https:\/\/anabelmuebles.com\/ca\/wp-json\/wp\/v2\/product\/3485","targetHints":{"allow":["GET"]}}],"collection":[{"href":"https:\/\/anabelmuebles.com\/ca\/wp-json\/wp\/v2\/product"}],"about":[{"href":"https:\/\/anabelmuebles.com\/ca\/wp-json\/wp\/v2\/types\/product"}],"version-history":[{"count":0,"href":"https:\/\/anabelmuebles.com\/ca\/wp-json\/wp\/v2\/product\/3485\/revisions"}],"wp:featuredmedia":[{"embeddable":true,"href":"https:\/\/anabelmuebles.com\/ca\/wp-json\/wp\/v2\/media\/3491"}],"wp:attachment":[{"href":"https:\/\/anabelmuebles.com\/ca\/wp-json\/wp\/v2\/media?parent=3485"}],"wp:term":[{"taxonomy":"product_brand","embeddable":true,"href":"https:\/\/anabelmuebles.com\/ca\/wp-json\/wp\/v2\/product_brand?post=3485"},{"taxonomy":"product_cat","embeddable":true,"href":"https:\/\/anabelmuebles.com\/ca\/wp-json\/wp\/v2\/product_cat?post=3485"},{"taxonomy":"product_tag","embeddable":true,"href":"https:\/\/anabelmuebles.com\/ca\/wp-json\/wp\/v2\/product_tag?post=3485"}],"curies":[{"name":"wp","href":"https:\/\/api.w.org\/{rel}","templated":true}]}}