{"id":3374,"date":"2023-09-29T18:15:21","date_gmt":"2023-09-29T18:15:21","guid":{"rendered":"https:\/\/anabelmuebles.com\/?post_type=product&#038;p=3374"},"modified":"2025-09-18T07:49:30","modified_gmt":"2025-09-18T07:49:30","slug":"cabecero-con-plafon-cabra","status":"publish","type":"product","link":"https:\/\/anabelmuebles.com\/ca\/tienda-online\/dormitorios\/cabecero-con-plafon-cabra\/","title":{"rendered":"Cabecero con Plaf\u00f3n Cabra"},"content":{"rendered":"<p>Con su dise\u00f1o elegante y contempor\u00e1neo, este cabecero de matrimonio se destaca por su plaf\u00f3n tapizado en polipiel de color grafito. La estructura en color blanco del cabecero crea un contraste moderno y sofisticado, agregando un toque de frescura a cualquier habitaci\u00f3n. Adem\u00e1s, su tama\u00f1o es ideal para combinar con los distintos muebles de la serie Cabra, brindando una coherencia est\u00e9tica a tu dormitorio.<\/p>\n<p>No solo es un elemento decorativo, sino que tambi\u00e9n proporciona una funci\u00f3n pr\u00e1ctica al actuar como respaldo c\u00f3modo para leer o ver televisi\u00f3n desde la cama. Adem\u00e1s, el plaf\u00f3n tapizado a\u00f1ade un toque de lujo y confort. Fabricado con materiales de alta calidad, Este cabecero con plaf\u00f3n Cabra garantiza durabilidad y resistencia a lo largo del tiempo.<\/p>\n<p>No pierdas la oportunidad de transformar tu habitaci\u00f3n en un espacio elegante y acogedor con este impresionante cabecero. A\u00f1ade estilo y sofisticaci\u00f3n a tu dormitorio con el Cabecero con Plaf\u00f3n Cabra.<\/p>\n<p>\u00a1Hazlo tuyo hoy mismo!<\/p>","protected":false},"excerpt":{"rendered":"<p>El Cabecero con Plaf\u00f3n Cabra es la elecci\u00f3n perfecta para quienes buscan a\u00f1adir estilo y funcionalidad a su dormitorio.<\/p>","protected":false},"featured_media":3375,"template":"","meta":{"_acf_changed":false},"product_brand":[],"product_cat":[48,625],"product_tag":[397,392,393,395,398,396,394,410,409,406,405,411,407,408,389,388,391,390,381,414,412,413,400,399,386,387,384,382,385,383,401,402,404,403],"class_list":{"0":"post-3374","1":"product","2":"type-product","3":"status-publish","4":"has-post-thumbnail","6":"product_cat-dormitorios","7":"product_cat-cabeceros","8":"product_tag-armario-empotrado","9":"product_tag-armario-escobero","10":"product_tag-armario-esquinero","11":"product_tag-armario-exterior","12":"product_tag-armario-pax","13":"product_tag-armario-puertas-correderas","14":"product_tag-armario-ropero","15":"product_tag-cabecero-cama-135","16":"product_tag-cabecero-cama-150","17":"product_tag-cabecero-cama-90","18":"product_tag-cabecero-madera","19":"product_tag-cabecero-mandal","20":"product_tag-cabecero-ratan","21":"product_tag-cabecero-tapizado","22":"product_tag-cajonera-armario","23":"product_tag-cajonera-escritorio","24":"product_tag-cajonera-estrecha","25":"product_tag-cajonera-interior-armario","26":"product_tag-dormitorios-cuenca","27":"product_tag-litera-con-escritorio","28":"product_tag-litera-infantil","29":"product_tag-litera-triple","30":"product_tag-marco-de-espejo","31":"product_tag-marco-de-espejo-de-metal","32":"product_tag-muebles-dormitorio-baratos","33":"product_tag-muebles-dormitorio-cmoda","34":"product_tag-muebles-dormitorio-completo","35":"product_tag-muebles-dormitorio-cuenca","36":"product_tag-muebles-dormitorio-juvenil","37":"product_tag-muebles-dormitorio-matrimonio","38":"product_tag-sinfonier","39":"product_tag-sinfonier-blanco","40":"product_tag-sinfonier-estrecho","41":"product_tag-sinfonier-madera","43":"first","44":"outofstock","45":"shipping-taxable","46":"purchasable","47":"product-type-simple"},"acf":[],"_links":{"self":[{"href":"https:\/\/anabelmuebles.com\/ca\/wp-json\/wp\/v2\/product\/3374","targetHints":{"allow":["GET"]}}],"collection":[{"href":"https:\/\/anabelmuebles.com\/ca\/wp-json\/wp\/v2\/product"}],"about":[{"href":"https:\/\/anabelmuebles.com\/ca\/wp-json\/wp\/v2\/types\/product"}],"version-history":[{"count":0,"href":"https:\/\/anabelmuebles.com\/ca\/wp-json\/wp\/v2\/product\/3374\/revisions"}],"wp:featuredmedia":[{"embeddable":true,"href":"https:\/\/anabelmuebles.com\/ca\/wp-json\/wp\/v2\/media\/3375"}],"wp:attachment":[{"href":"https:\/\/anabelmuebles.com\/ca\/wp-json\/wp\/v2\/media?parent=3374"}],"wp:term":[{"taxonomy":"product_brand","embeddable":true,"href":"https:\/\/anabelmuebles.com\/ca\/wp-json\/wp\/v2\/product_brand?post=3374"},{"taxonomy":"product_cat","embeddable":true,"href":"https:\/\/anabelmuebles.com\/ca\/wp-json\/wp\/v2\/product_cat?post=3374"},{"taxonomy":"product_tag","embeddable":true,"href":"https:\/\/anabelmuebles.com\/ca\/wp-json\/wp\/v2\/product_tag?post=3374"}],"curies":[{"name":"wp","href":"https:\/\/api.w.org\/{rel}","templated":true}]}}