{"id":3369,"date":"2023-09-29T17:44:22","date_gmt":"2023-09-29T17:44:22","guid":{"rendered":"https:\/\/anabelmuebles.com\/?post_type=product&#038;p=3369"},"modified":"2025-09-18T07:49:40","modified_gmt":"2025-09-18T07:49:40","slug":"cabecero-sophie","status":"publish","type":"product","link":"https:\/\/anabelmuebles.com\/ca\/tienda-online\/dormitorios\/cabecero-sophie\/","title":{"rendered":"Cabecero Sophie"},"content":{"rendered":"<p>Con una longitud de 160 cm, este cabecero tiene un dise\u00f1o de l\u00edneas sencillas que se adaptar\u00e1 a cualquier estilo de decoraci\u00f3n. El color chocolate le dar\u00e1 un toque de calidez y sofisticaci\u00f3n a tu habitaci\u00f3n. Adem\u00e1s, su acabado de alta calidad garantiza durabilidad y resistencia.<\/p>\n<p>El cabecero Sophie no solo es est\u00e9ticamente atractivo, sino tambi\u00e9n funcional. Puedes apoyarte c\u00f3modamente en \u00e9l mientras lees o ves la televisi\u00f3n en la cama. Tambi\u00e9n proteger\u00e1 tu pared de manchas y roces.<\/p>\n<p>Convierte tu dormitorio en un lugar acogedor y elegante con el cabecero Sophie. Aprovecha esta oportunidad para a\u00f1adir estilo y personalidad a tu espacio.<\/p>\n<p>\u00a1No esperes m\u00e1s y adquiere el cabecero Sophie ahora mismo!<\/p>","protected":false},"excerpt":{"rendered":"<p>\u00bfBuscas un cabecero elegante para darle un toque especial a tu dormitorio? El precioso cabecero Sophie es la elecci\u00f3n perfecta para ti<\/p>","protected":false},"featured_media":3372,"template":"","meta":{"_acf_changed":false},"product_brand":[],"product_cat":[48,625],"product_tag":[397,392,393,395,398,396,394,410,409,406,405,411,407,408,389,388,391,390,381,414,412,413,400,399,386,387,384,382,385,383,401,402,404,403],"class_list":{"0":"post-3369","1":"product","2":"type-product","3":"status-publish","4":"has-post-thumbnail","6":"product_cat-dormitorios","7":"product_cat-cabeceros","8":"product_tag-armario-empotrado","9":"product_tag-armario-escobero","10":"product_tag-armario-esquinero","11":"product_tag-armario-exterior","12":"product_tag-armario-pax","13":"product_tag-armario-puertas-correderas","14":"product_tag-armario-ropero","15":"product_tag-cabecero-cama-135","16":"product_tag-cabecero-cama-150","17":"product_tag-cabecero-cama-90","18":"product_tag-cabecero-madera","19":"product_tag-cabecero-mandal","20":"product_tag-cabecero-ratan","21":"product_tag-cabecero-tapizado","22":"product_tag-cajonera-armario","23":"product_tag-cajonera-escritorio","24":"product_tag-cajonera-estrecha","25":"product_tag-cajonera-interior-armario","26":"product_tag-dormitorios-cuenca","27":"product_tag-litera-con-escritorio","28":"product_tag-litera-infantil","29":"product_tag-litera-triple","30":"product_tag-marco-de-espejo","31":"product_tag-marco-de-espejo-de-metal","32":"product_tag-muebles-dormitorio-baratos","33":"product_tag-muebles-dormitorio-cmoda","34":"product_tag-muebles-dormitorio-completo","35":"product_tag-muebles-dormitorio-cuenca","36":"product_tag-muebles-dormitorio-juvenil","37":"product_tag-muebles-dormitorio-matrimonio","38":"product_tag-sinfonier","39":"product_tag-sinfonier-blanco","40":"product_tag-sinfonier-estrecho","41":"product_tag-sinfonier-madera","43":"first","44":"outofstock","45":"shipping-taxable","46":"purchasable","47":"product-type-simple"},"acf":[],"_links":{"self":[{"href":"https:\/\/anabelmuebles.com\/ca\/wp-json\/wp\/v2\/product\/3369","targetHints":{"allow":["GET"]}}],"collection":[{"href":"https:\/\/anabelmuebles.com\/ca\/wp-json\/wp\/v2\/product"}],"about":[{"href":"https:\/\/anabelmuebles.com\/ca\/wp-json\/wp\/v2\/types\/product"}],"version-history":[{"count":0,"href":"https:\/\/anabelmuebles.com\/ca\/wp-json\/wp\/v2\/product\/3369\/revisions"}],"wp:featuredmedia":[{"embeddable":true,"href":"https:\/\/anabelmuebles.com\/ca\/wp-json\/wp\/v2\/media\/3372"}],"wp:attachment":[{"href":"https:\/\/anabelmuebles.com\/ca\/wp-json\/wp\/v2\/media?parent=3369"}],"wp:term":[{"taxonomy":"product_brand","embeddable":true,"href":"https:\/\/anabelmuebles.com\/ca\/wp-json\/wp\/v2\/product_brand?post=3369"},{"taxonomy":"product_cat","embeddable":true,"href":"https:\/\/anabelmuebles.com\/ca\/wp-json\/wp\/v2\/product_cat?post=3369"},{"taxonomy":"product_tag","embeddable":true,"href":"https:\/\/anabelmuebles.com\/ca\/wp-json\/wp\/v2\/product_tag?post=3369"}],"curies":[{"name":"wp","href":"https:\/\/api.w.org\/{rel}","templated":true}]}}