{"id":3361,"date":"2023-09-29T17:24:57","date_gmt":"2023-09-29T17:24:57","guid":{"rendered":"https:\/\/anabelmuebles.com\/?post_type=product&#038;p=3361"},"modified":"2025-09-18T07:49:40","modified_gmt":"2025-09-18T07:49:40","slug":"cabecero-simon","status":"publish","type":"product","link":"https:\/\/anabelmuebles.com\/ca\/tienda-online\/dormitorios\/cabecero-simon\/","title":{"rendered":"Cabecero Sim\u00f3n"},"content":{"rendered":"<p>Disponible en Andersen pino-gris .El dise\u00f1o \u00fanico del cabecero SIM\u00d3N destaca por su calidad y atenci\u00f3n al detalle.<\/p>\n<p>Est\u00e1 fabricado con materiales duraderos y resistentes, garantizando as\u00ed su larga vida \u00fatil. Adem\u00e1s, su estructura s\u00f3lida proporciona un soporte estable para su descanso. No solo es est\u00e9ticamente atractivo, sino que tambi\u00e9n es funcional.<\/p>\n<p>El cabecero SIM\u00d3N cuenta con un acabado suave al tacto, lo que te permitir\u00e1 apoyarte c\u00f3modamente mientras lees o ves la televisi\u00f3n en la cama. Transforma tu dormitorio en un lugar de ensue\u00f1o con el cabecero SIM\u00d3N.<\/p>\n<p>Escoge el color que m\u00e1s te guste y comienza a disfrutar de noches de descanso reparador en un ambiente elegante y acogedor.<\/p>","protected":false},"excerpt":{"rendered":"<p>El cabecero SIM\u00d6N es el complemento perfecto para tu dormitorio de matrimonio. Con una longitud de 260 cm, este cabecero te permitir\u00e1 disfrutar de un ambiente acogedor y elegante.<\/p>","protected":false},"featured_media":3362,"template":"","meta":{"_acf_changed":false},"product_brand":[],"product_cat":[48,625],"product_tag":[397,392,393,395,398,396,394,410,409,406,405,411,407,408,389,388,391,390,381,414,412,413,400,399,386,387,384,382,385,383,401,402,404,403],"class_list":{"0":"post-3361","1":"product","2":"type-product","3":"status-publish","4":"has-post-thumbnail","6":"product_cat-dormitorios","7":"product_cat-cabeceros","8":"product_tag-armario-empotrado","9":"product_tag-armario-escobero","10":"product_tag-armario-esquinero","11":"product_tag-armario-exterior","12":"product_tag-armario-pax","13":"product_tag-armario-puertas-correderas","14":"product_tag-armario-ropero","15":"product_tag-cabecero-cama-135","16":"product_tag-cabecero-cama-150","17":"product_tag-cabecero-cama-90","18":"product_tag-cabecero-madera","19":"product_tag-cabecero-mandal","20":"product_tag-cabecero-ratan","21":"product_tag-cabecero-tapizado","22":"product_tag-cajonera-armario","23":"product_tag-cajonera-escritorio","24":"product_tag-cajonera-estrecha","25":"product_tag-cajonera-interior-armario","26":"product_tag-dormitorios-cuenca","27":"product_tag-litera-con-escritorio","28":"product_tag-litera-infantil","29":"product_tag-litera-triple","30":"product_tag-marco-de-espejo","31":"product_tag-marco-de-espejo-de-metal","32":"product_tag-muebles-dormitorio-baratos","33":"product_tag-muebles-dormitorio-cmoda","34":"product_tag-muebles-dormitorio-completo","35":"product_tag-muebles-dormitorio-cuenca","36":"product_tag-muebles-dormitorio-juvenil","37":"product_tag-muebles-dormitorio-matrimonio","38":"product_tag-sinfonier","39":"product_tag-sinfonier-blanco","40":"product_tag-sinfonier-estrecho","41":"product_tag-sinfonier-madera","42":"pa_color-andersen-pino-gris","43":"pa_color-cambria-grafito","45":"first","46":"outofstock","47":"shipping-taxable","48":"purchasable","49":"product-type-simple"},"acf":[],"_links":{"self":[{"href":"https:\/\/anabelmuebles.com\/ca\/wp-json\/wp\/v2\/product\/3361","targetHints":{"allow":["GET"]}}],"collection":[{"href":"https:\/\/anabelmuebles.com\/ca\/wp-json\/wp\/v2\/product"}],"about":[{"href":"https:\/\/anabelmuebles.com\/ca\/wp-json\/wp\/v2\/types\/product"}],"version-history":[{"count":0,"href":"https:\/\/anabelmuebles.com\/ca\/wp-json\/wp\/v2\/product\/3361\/revisions"}],"wp:featuredmedia":[{"embeddable":true,"href":"https:\/\/anabelmuebles.com\/ca\/wp-json\/wp\/v2\/media\/3362"}],"wp:attachment":[{"href":"https:\/\/anabelmuebles.com\/ca\/wp-json\/wp\/v2\/media?parent=3361"}],"wp:term":[{"taxonomy":"product_brand","embeddable":true,"href":"https:\/\/anabelmuebles.com\/ca\/wp-json\/wp\/v2\/product_brand?post=3361"},{"taxonomy":"product_cat","embeddable":true,"href":"https:\/\/anabelmuebles.com\/ca\/wp-json\/wp\/v2\/product_cat?post=3361"},{"taxonomy":"product_tag","embeddable":true,"href":"https:\/\/anabelmuebles.com\/ca\/wp-json\/wp\/v2\/product_tag?post=3361"}],"curies":[{"name":"wp","href":"https:\/\/api.w.org\/{rel}","templated":true}]}}