{"id":3359,"date":"2023-09-29T16:56:10","date_gmt":"2023-09-29T16:56:10","guid":{"rendered":"https:\/\/anabelmuebles.com\/?post_type=product&#038;p=3359"},"modified":"2025-09-28T10:24:38","modified_gmt":"2025-09-28T10:24:38","slug":"litera-funny","status":"publish","type":"product","link":"https:\/\/anabelmuebles.com\/ca\/tienda-online\/dormitorios\/litera-funny\/","title":{"rendered":"Litera met\u00e1lica con somieres Funny de color gris"},"content":{"rendered":"<p>Transforma el sue\u00f1o y el juego de tus peque\u00f1os con la <strong>litera Funny<\/strong>. Este mueble no solo ahorra espacio, sino que tambi\u00e9n ofrece una experiencia divertida y segura para tus seres queridos. Con su estructura met\u00e1lica pintada con pintura electroest\u00e1tica, garantiza durabilidad y resistencia, ideal para cualquier habitaci\u00f3n.<\/p>\n<h2>Beneficios de la litera Funny<\/h2>\n<p>La <strong>litera Funny<\/strong> est\u00e1 dise\u00f1ada para mejorar la comodidad y la versatilidad de tu hogar. Sus somieres para colchones de 90&#215;190 cm permiten un descanso \u00f3ptimo, mientras que su color gris moderno se adapta a diversas decoraciones. No m\u00e1s preocupaciones por el espacio; esta litera es la soluci\u00f3n perfecta para habitaciones peque\u00f1as, brindando un \u00e1rea adicional para jugar y dormir.<\/p>\n<h2>Litera Funny: caracter\u00edsticas principales<\/h2>\n<ul>\n<li>Estructura met\u00e1lica pintada con pintura electroest\u00e1tica.<\/li>\n<li>Somieres incluidos, preparados para colchones de 90&#215;190 cm.<\/li>\n<li>Dise\u00f1o moderno y elegante en color gris.<\/li>\n<li>Segura y resistente, ideal para ni\u00f1os y adolescentes.<\/li>\n<li>Perfecta para optimizar espacio y crear \u00e1reas de juego.<\/li>\n<\/ul>\n<h2>Compra tu litera Funny en nuestra tienda online<\/h2>\n<p>Adquiere la <strong>litera Funny<\/strong> y disfruta de las ventajas de comprar en nuestra tienda: env\u00edos gratuitos a Espa\u00f1a en pedidos superiores a 199 euros, financiaci\u00f3n disponible y m\u00e1s de 35 a\u00f1os de experiencia ofreciendo productos de calidad a nuestros clientes. Haz de la hora de dormir una experiencia divertida y \u00fanica.<\/p>","protected":false},"excerpt":{"rendered":"<p>Litera Funny met\u00e1lica gris con somieres, perfecta para ahorrar espacio y a\u00f1adir diversi\u00f3n a cualquier habitaci\u00f3n.<\/p>","protected":false},"featured_media":21917,"template":"","meta":{"_acf_changed":false},"product_brand":[],"product_cat":[48,629],"product_tag":[397,392,393,395,398,396,394,410,409,406,405,411,407,408,389,388,391,390,381,414,412,413,400,399,386,387,384,382,385,383,401,402,404,403],"class_list":{"0":"post-3359","1":"product","2":"type-product","3":"status-publish","4":"has-post-thumbnail","6":"product_cat-dormitorios","7":"product_cat-literas","8":"product_tag-armario-empotrado","9":"product_tag-armario-escobero","10":"product_tag-armario-esquinero","11":"product_tag-armario-exterior","12":"product_tag-armario-pax","13":"product_tag-armario-puertas-correderas","14":"product_tag-armario-ropero","15":"product_tag-cabecero-cama-135","16":"product_tag-cabecero-cama-150","17":"product_tag-cabecero-cama-90","18":"product_tag-cabecero-madera","19":"product_tag-cabecero-mandal","20":"product_tag-cabecero-ratan","21":"product_tag-cabecero-tapizado","22":"product_tag-cajonera-armario","23":"product_tag-cajonera-escritorio","24":"product_tag-cajonera-estrecha","25":"product_tag-cajonera-interior-armario","26":"product_tag-dormitorios-cuenca","27":"product_tag-litera-con-escritorio","28":"product_tag-litera-infantil","29":"product_tag-litera-triple","30":"product_tag-marco-de-espejo","31":"product_tag-marco-de-espejo-de-metal","32":"product_tag-muebles-dormitorio-baratos","33":"product_tag-muebles-dormitorio-cmoda","34":"product_tag-muebles-dormitorio-completo","35":"product_tag-muebles-dormitorio-cuenca","36":"product_tag-muebles-dormitorio-juvenil","37":"product_tag-muebles-dormitorio-matrimonio","38":"product_tag-sinfonier","39":"product_tag-sinfonier-blanco","40":"product_tag-sinfonier-estrecho","41":"product_tag-sinfonier-madera","43":"first","44":"instock","45":"shipping-taxable","46":"purchasable","47":"product-type-simple"},"acf":[],"_links":{"self":[{"href":"https:\/\/anabelmuebles.com\/ca\/wp-json\/wp\/v2\/product\/3359","targetHints":{"allow":["GET"]}}],"collection":[{"href":"https:\/\/anabelmuebles.com\/ca\/wp-json\/wp\/v2\/product"}],"about":[{"href":"https:\/\/anabelmuebles.com\/ca\/wp-json\/wp\/v2\/types\/product"}],"version-history":[{"count":0,"href":"https:\/\/anabelmuebles.com\/ca\/wp-json\/wp\/v2\/product\/3359\/revisions"}],"wp:featuredmedia":[{"embeddable":true,"href":"https:\/\/anabelmuebles.com\/ca\/wp-json\/wp\/v2\/media\/21917"}],"wp:attachment":[{"href":"https:\/\/anabelmuebles.com\/ca\/wp-json\/wp\/v2\/media?parent=3359"}],"wp:term":[{"taxonomy":"product_brand","embeddable":true,"href":"https:\/\/anabelmuebles.com\/ca\/wp-json\/wp\/v2\/product_brand?post=3359"},{"taxonomy":"product_cat","embeddable":true,"href":"https:\/\/anabelmuebles.com\/ca\/wp-json\/wp\/v2\/product_cat?post=3359"},{"taxonomy":"product_tag","embeddable":true,"href":"https:\/\/anabelmuebles.com\/ca\/wp-json\/wp\/v2\/product_tag?post=3359"}],"curies":[{"name":"wp","href":"https:\/\/api.w.org\/{rel}","templated":true}]}}