{"id":3180,"date":"2023-09-16T15:21:23","date_gmt":"2023-09-16T15:21:23","guid":{"rendered":"https:\/\/anabelmuebles.com\/?post_type=product&#038;p=3180"},"modified":"2025-09-18T07:49:31","modified_gmt":"2025-09-18T07:49:31","slug":"cabecero-deva","status":"publish","type":"product","link":"https:\/\/anabelmuebles.com\/ca\/tienda-online\/dormitorios\/cabeceros\/cabecero-deva\/","title":{"rendered":"Cabecero Deva"},"content":{"rendered":"<p style=\"text-align: justify; line-height: 150%;\"><span style=\"font-size: 11.0pt; line-height: 150%; font-family: 'Trebuchet MS','sans-serif';\">Disponible en dos colores, blanco y grafito, el CABECERO DEVA a\u00f1ade un toque sofisticado a cualquier ambiente. El tapizado incluye costuras decorativas y un original capiton\u00e9, que realzan a\u00fan m\u00e1s su aspecto elegante.<\/span><\/p>\n<p style=\"text-align: justify; line-height: 150%;\"><span style=\"font-size: 11.0pt; line-height: 150%; font-family: 'Trebuchet MS','sans-serif';\">No solo es est\u00e9ticamente atractivo, sino que tambi\u00e9n es muy pr\u00e1ctico. Gracias a su revestimiento en s\u00edmil piel, es muy f\u00e1cil de limpiar y mantener en perfectas condiciones.<\/span><\/p>\n<p style=\"text-align: justify; line-height: 150%;\"><span style=\"font-size: 11.0pt; line-height: 150%; font-family: 'Trebuchet MS','sans-serif';\">Adem\u00e1s, su dise\u00f1o vers\u00e1til permite que se adapte a cualquier tipo de pared y estilo de decoraci\u00f3n. Ya sea que tengas una habitaci\u00f3n moderna o cl\u00e1sica, el CABECERO DEVA encajar\u00e1 a la perfecci\u00f3n.<\/span><\/p>\n<p style=\"text-align: justify; line-height: 150%;\"><span style=\"font-size: 11.0pt; line-height: 150%; font-family: 'Trebuchet MS','sans-serif';\">\u00a1No pierdas la oportunidad de transformar tu dormitorio en un oasis de lujo con el CABECERO DEVA! A\u00f1ade estilo y sofisticaci\u00f3n a tu espacio con este cabecero elegante y f\u00e1cil de mantener. \u00a1Haz clic ahora para obtener el tuyo!<\/span><\/p>","protected":false},"excerpt":{"rendered":"<p style=\"text-align: justify; line-height: 150%;\"><span style=\"font-size: 11.0pt; line-height: 150%; font-family: 'Trebuchet MS','sans-serif';\">\u00bfEst\u00e1s buscando un cabecero que eleve instant\u00e1neamente el estilo de tu habitaci\u00f3n? El CABECERO DEVA es la elecci\u00f3n perfecta. Confeccionado con materiales de alta calidad como madera y s\u00edmil piel, este cabecero combina elegancia y durabilidad.<\/span><\/p>","protected":false},"featured_media":3185,"template":"","meta":{"_acf_changed":false},"product_brand":[],"product_cat":[625,48],"product_tag":[397,392,393,395,398,396,394,410,409,406,405,411,407,408,389,388,391,390,381,414,412,413,400,399,386,387,384,382,385,383,401,402,404,403],"class_list":{"0":"post-3180","1":"product","2":"type-product","3":"status-publish","4":"has-post-thumbnail","6":"product_cat-cabeceros","7":"product_cat-dormitorios","8":"product_tag-armario-empotrado","9":"product_tag-armario-escobero","10":"product_tag-armario-esquinero","11":"product_tag-armario-exterior","12":"product_tag-armario-pax","13":"product_tag-armario-puertas-correderas","14":"product_tag-armario-ropero","15":"product_tag-cabecero-cama-135","16":"product_tag-cabecero-cama-150","17":"product_tag-cabecero-cama-90","18":"product_tag-cabecero-madera","19":"product_tag-cabecero-mandal","20":"product_tag-cabecero-ratan","21":"product_tag-cabecero-tapizado","22":"product_tag-cajonera-armario","23":"product_tag-cajonera-escritorio","24":"product_tag-cajonera-estrecha","25":"product_tag-cajonera-interior-armario","26":"product_tag-dormitorios-cuenca","27":"product_tag-litera-con-escritorio","28":"product_tag-litera-infantil","29":"product_tag-litera-triple","30":"product_tag-marco-de-espejo","31":"product_tag-marco-de-espejo-de-metal","32":"product_tag-muebles-dormitorio-baratos","33":"product_tag-muebles-dormitorio-cmoda","34":"product_tag-muebles-dormitorio-completo","35":"product_tag-muebles-dormitorio-cuenca","36":"product_tag-muebles-dormitorio-juvenil","37":"product_tag-muebles-dormitorio-matrimonio","38":"product_tag-sinfonier","39":"product_tag-sinfonier-blanco","40":"product_tag-sinfonier-estrecho","41":"product_tag-sinfonier-madera","42":"pa_color-blanco","43":"pa_color-grafito","45":"first","46":"outofstock","47":"shipping-taxable","48":"purchasable","49":"product-type-variable"},"acf":[],"_links":{"self":[{"href":"https:\/\/anabelmuebles.com\/ca\/wp-json\/wp\/v2\/product\/3180","targetHints":{"allow":["GET"]}}],"collection":[{"href":"https:\/\/anabelmuebles.com\/ca\/wp-json\/wp\/v2\/product"}],"about":[{"href":"https:\/\/anabelmuebles.com\/ca\/wp-json\/wp\/v2\/types\/product"}],"version-history":[{"count":0,"href":"https:\/\/anabelmuebles.com\/ca\/wp-json\/wp\/v2\/product\/3180\/revisions"}],"wp:featuredmedia":[{"embeddable":true,"href":"https:\/\/anabelmuebles.com\/ca\/wp-json\/wp\/v2\/media\/3185"}],"wp:attachment":[{"href":"https:\/\/anabelmuebles.com\/ca\/wp-json\/wp\/v2\/media?parent=3180"}],"wp:term":[{"taxonomy":"product_brand","embeddable":true,"href":"https:\/\/anabelmuebles.com\/ca\/wp-json\/wp\/v2\/product_brand?post=3180"},{"taxonomy":"product_cat","embeddable":true,"href":"https:\/\/anabelmuebles.com\/ca\/wp-json\/wp\/v2\/product_cat?post=3180"},{"taxonomy":"product_tag","embeddable":true,"href":"https:\/\/anabelmuebles.com\/ca\/wp-json\/wp\/v2\/product_tag?post=3180"}],"curies":[{"name":"wp","href":"https:\/\/api.w.org\/{rel}","templated":true}]}}