{"id":3151,"date":"2023-09-15T16:18:05","date_gmt":"2023-09-15T16:18:05","guid":{"rendered":"https:\/\/anabelmuebles.com\/?post_type=product&#038;p=3151"},"modified":"2025-09-18T07:49:29","modified_gmt":"2025-09-18T07:49:29","slug":"cabecero-con-patas-mod-ada","status":"publish","type":"product","link":"https:\/\/anabelmuebles.com\/ca\/tienda-online\/dormitorios\/cabeceros\/cabecero-con-patas-mod-ada\/","title":{"rendered":"Cabecero con Patas Mod. Ada"},"content":{"rendered":"<p style=\"text-align: justify; line-height: 150%;\"><span style=\"font-size: 11.0pt; line-height: 150%; font-family: 'Trebuchet MS','sans-serif';\">Este impresionante cabecero viene completo con patas para una f\u00e1cil instalaci\u00f3n. Fabricado con melamina contrachapada de la mejor calidad, garantizamos la durabilidad y resistencia que est\u00e1s buscando. <\/span><\/p>\n<p style=\"text-align: justify; line-height: 150%;\"><span style=\"font-size: 11.0pt; line-height: 150%; font-family: 'Trebuchet MS','sans-serif';\">Disponible en una variedad de colores modernos y sofisticados, como Cambrian-Grafito, Andersen Pino-Gris, Cambrian-Blanco, podr\u00e1s encontrar el tono perfecto para complementar tu decoraci\u00f3n. No esperes m\u00e1s para a\u00f1adir un toque de lujo a tu dormitorio con el cabecero modelo ADA. <\/span><\/p>\n<p style=\"text-align: justify; line-height: 150%;\"><span style=\"font-size: 11.0pt; line-height: 150%; font-family: 'Trebuchet MS','sans-serif';\">\u00a1Hazlo tuyo hoy mismo!<\/span><\/p>\n<p>Medidas: 141x160x3,8<\/p>","protected":false},"excerpt":{"rendered":"<p>\u00a1Transforma tu dormitorio en un oasis de elegancia con nuestro cabecero modelo ADA!<\/p>","protected":false},"featured_media":3152,"template":"","meta":{"_acf_changed":false},"product_brand":[],"product_cat":[625,48],"product_tag":[397,392,393,395,398,396,394,410,409,406,405,411,407,408,389,388,391,390,381,414,412,413,400,399,386,387,384,382,385,383,401,402,404,403],"class_list":{"0":"post-3151","1":"product","2":"type-product","3":"status-publish","4":"has-post-thumbnail","6":"product_cat-cabeceros","7":"product_cat-dormitorios","8":"product_tag-armario-empotrado","9":"product_tag-armario-escobero","10":"product_tag-armario-esquinero","11":"product_tag-armario-exterior","12":"product_tag-armario-pax","13":"product_tag-armario-puertas-correderas","14":"product_tag-armario-ropero","15":"product_tag-cabecero-cama-135","16":"product_tag-cabecero-cama-150","17":"product_tag-cabecero-cama-90","18":"product_tag-cabecero-madera","19":"product_tag-cabecero-mandal","20":"product_tag-cabecero-ratan","21":"product_tag-cabecero-tapizado","22":"product_tag-cajonera-armario","23":"product_tag-cajonera-escritorio","24":"product_tag-cajonera-estrecha","25":"product_tag-cajonera-interior-armario","26":"product_tag-dormitorios-cuenca","27":"product_tag-litera-con-escritorio","28":"product_tag-litera-infantil","29":"product_tag-litera-triple","30":"product_tag-marco-de-espejo","31":"product_tag-marco-de-espejo-de-metal","32":"product_tag-muebles-dormitorio-baratos","33":"product_tag-muebles-dormitorio-cmoda","34":"product_tag-muebles-dormitorio-completo","35":"product_tag-muebles-dormitorio-cuenca","36":"product_tag-muebles-dormitorio-juvenil","37":"product_tag-muebles-dormitorio-matrimonio","38":"product_tag-sinfonier","39":"product_tag-sinfonier-blanco","40":"product_tag-sinfonier-estrecho","41":"product_tag-sinfonier-madera","43":"first","44":"outofstock","45":"shipping-taxable","46":"product-type-simple"},"acf":[],"_links":{"self":[{"href":"https:\/\/anabelmuebles.com\/ca\/wp-json\/wp\/v2\/product\/3151","targetHints":{"allow":["GET"]}}],"collection":[{"href":"https:\/\/anabelmuebles.com\/ca\/wp-json\/wp\/v2\/product"}],"about":[{"href":"https:\/\/anabelmuebles.com\/ca\/wp-json\/wp\/v2\/types\/product"}],"version-history":[{"count":0,"href":"https:\/\/anabelmuebles.com\/ca\/wp-json\/wp\/v2\/product\/3151\/revisions"}],"wp:featuredmedia":[{"embeddable":true,"href":"https:\/\/anabelmuebles.com\/ca\/wp-json\/wp\/v2\/media\/3152"}],"wp:attachment":[{"href":"https:\/\/anabelmuebles.com\/ca\/wp-json\/wp\/v2\/media?parent=3151"}],"wp:term":[{"taxonomy":"product_brand","embeddable":true,"href":"https:\/\/anabelmuebles.com\/ca\/wp-json\/wp\/v2\/product_brand?post=3151"},{"taxonomy":"product_cat","embeddable":true,"href":"https:\/\/anabelmuebles.com\/ca\/wp-json\/wp\/v2\/product_cat?post=3151"},{"taxonomy":"product_tag","embeddable":true,"href":"https:\/\/anabelmuebles.com\/ca\/wp-json\/wp\/v2\/product_tag?post=3151"}],"curies":[{"name":"wp","href":"https:\/\/api.w.org\/{rel}","templated":true}]}}