{"id":2969,"date":"2023-08-18T16:07:35","date_gmt":"2023-08-18T16:07:35","guid":{"rendered":"https:\/\/anabelmuebles.com\/?post_type=product&#038;p=2969"},"modified":"2025-09-10T21:07:20","modified_gmt":"2025-09-10T21:07:20","slug":"composicion-apilable-europa-280cm","status":"publish","type":"product","link":"https:\/\/anabelmuebles.com\/ca\/tienda-online\/salones\/conjuntos-de-salon\/composicion-apilable-europa-280cm\/","title":{"rendered":"Composici\u00f3n Apilable Europa (280cm)"},"content":{"rendered":"<p>Elaborada con meticulosa atenci\u00f3n al detalle, esta composici\u00f3n de sal\u00f3n destila sofisticaci\u00f3n. Su cuidada distribuci\u00f3n a\u00f1ade un toque \u00fanico a cualquier espacio, convirti\u00e9ndola en un aut\u00e9ntico elemento destacado.<\/p>\n<p>Pero esto no es todo. Esta composici\u00f3n se completa con una vitrina con luces LED, un armario HI FI con luces LED y estanter\u00edas para todas sus necesidades de almacenamiento.<\/p>\n<p>Con su tono profesional y su impecable artesan\u00eda, la composici\u00f3n apilable Europa (260 cm) es el complemento perfecto para elevar su sal\u00f3n a nuevos niveles de estilo.<\/p>","protected":false},"excerpt":{"rendered":"<p>Presentamos la composici\u00f3n apilable Europa (260 cm): el ep\u00edtome de la elegancia y la originalidad.<\/p>","protected":false},"featured_media":2970,"template":"","meta":{"_acf_changed":false},"product_brand":[],"product_cat":[601,51],"product_tag":[424,429,428,425,427,418,417,416,415,379,426,380,376,378,374,377,375,423,422,419,420,421],"class_list":{"0":"post-2969","1":"product","2":"type-product","3":"status-publish","4":"has-post-thumbnail","6":"product_cat-conjuntos-de-salon","7":"product_cat-salones","8":"product_tag-aparador-alto","9":"product_tag-aparador-blanco","10":"product_tag-aparador-comedor","11":"product_tag-aparador-estrecho","12":"product_tag-aparador-salon","13":"product_tag-bodeguero","14":"product_tag-composicion-mueble","15":"product_tag-composicion-mueble-comedor","16":"product_tag-composicion-mueble-salon","17":"product_tag-conjunto-muebles-salon","18":"product_tag-mueble-aparador","19":"product_tag-muebles-saln-modernos-baratos","20":"product_tag-muebles-salon","21":"product_tag-muebles-salon-baratos","22":"product_tag-muebles-salon-cuenca","23":"product_tag-muebles-salon-modernos","24":"product_tag-salon-cuenca","25":"product_tag-vitrina-alta-salon","26":"product_tag-vitrina-baja-salon","27":"product_tag-vitrina-cristal","28":"product_tag-vitrina-expositora","29":"product_tag-vitrina-salon","31":"first","32":"outofstock","33":"shipping-taxable","34":"purchasable","35":"product-type-simple"},"acf":[],"_links":{"self":[{"href":"https:\/\/anabelmuebles.com\/ca\/wp-json\/wp\/v2\/product\/2969","targetHints":{"allow":["GET"]}}],"collection":[{"href":"https:\/\/anabelmuebles.com\/ca\/wp-json\/wp\/v2\/product"}],"about":[{"href":"https:\/\/anabelmuebles.com\/ca\/wp-json\/wp\/v2\/types\/product"}],"version-history":[{"count":0,"href":"https:\/\/anabelmuebles.com\/ca\/wp-json\/wp\/v2\/product\/2969\/revisions"}],"wp:featuredmedia":[{"embeddable":true,"href":"https:\/\/anabelmuebles.com\/ca\/wp-json\/wp\/v2\/media\/2970"}],"wp:attachment":[{"href":"https:\/\/anabelmuebles.com\/ca\/wp-json\/wp\/v2\/media?parent=2969"}],"wp:term":[{"taxonomy":"product_brand","embeddable":true,"href":"https:\/\/anabelmuebles.com\/ca\/wp-json\/wp\/v2\/product_brand?post=2969"},{"taxonomy":"product_cat","embeddable":true,"href":"https:\/\/anabelmuebles.com\/ca\/wp-json\/wp\/v2\/product_cat?post=2969"},{"taxonomy":"product_tag","embeddable":true,"href":"https:\/\/anabelmuebles.com\/ca\/wp-json\/wp\/v2\/product_tag?post=2969"}],"curies":[{"name":"wp","href":"https:\/\/api.w.org\/{rel}","templated":true}]}}