{"id":2932,"date":"2023-08-17T14:47:59","date_gmt":"2023-08-17T14:47:59","guid":{"rendered":"https:\/\/anabelmuebles.com\/?post_type=product&#038;p=2932"},"modified":"2025-01-25T19:02:41","modified_gmt":"2025-01-25T19:02:41","slug":"almohada-premium","status":"publish","type":"product","link":"https:\/\/anabelmuebles.com\/ca\/tienda-online\/almohadas\/almohada-premium\/","title":{"rendered":"Almohada Premium"},"content":{"rendered":"<p>La <strong>Almohada Premium<\/strong> est\u00e1 dise\u00f1ada con <strong>viscoel\u00e1stica de alta densidad<\/strong>, moldeada mediante un proceso de inyecci\u00f3n que garantiza un equilibrio perfecto entre resistencia y adaptabilidad. Su formulaci\u00f3n ofrece un soporte \u00f3ptimo para la columna cervical, proporcionando un alojamiento ideal para un descanso saludable.<\/p>\n<p>Con una <strong>recuperaci\u00f3n suave<\/strong>, esta almohada minimiza la presi\u00f3n ejercida, permiti\u00e9ndote descansar sin molestias. Adem\u00e1s, su dise\u00f1o incluye un <strong>cent\u00edmetro adicional de grosor<\/strong>, aportando una sensaci\u00f3n m\u00e1s firme al tacto para quienes buscan un soporte adicional.<\/p>\n<h3>Beneficios de la Almohada Premium<\/h3>\n<ul>\n<li>Fabricada con viscoel\u00e1stica de alta densidad para resistencia y adaptabilidad<\/li>\n<li>Recuperaci\u00f3n suave que minimiza la presi\u00f3n para mayor confort<\/li>\n<li>Dise\u00f1o con un cent\u00edmetro adicional de grosor para una sensaci\u00f3n firme<\/li>\n<li>Soporte \u00f3ptimo para la columna cervical, ideal para un descanso saludable<\/li>\n<\/ul>\n<p><strong>Descansa c\u00f3modamente con la <a href=\"https:\/\/anabelmuebles.com\/ca\/categoria-producto\/almohadas\/\">Almohada<\/a> Premium<\/strong> y despi\u00e9rtate renovado cada ma\u00f1ana, disfrutando de un sue\u00f1o reparador y equilibrado.<\/p>","protected":false},"excerpt":{"rendered":"<p>Almohada Premium fabricada con viscoel\u00e1stica de alta densidad y dise\u00f1o con un cent\u00edmetro adicional de grosor que minimiza la presi\u00f3n para mayor confort.<\/p>","protected":false},"featured_media":17448,"template":"","meta":{"_acf_changed":false},"product_brand":[],"product_cat":[473],"product_tag":[568,457,460,458,463,464,461],"class_list":{"0":"post-2932","1":"product","2":"type-product","3":"status-publish","4":"has-post-thumbnail","6":"product_cat-almohadas","7":"product_tag-almohada-para-dolor-cervicales","8":"product_tag-almohadas","9":"product_tag-almohadas-cervicales","10":"product_tag-almohadas-viscoelasticas","11":"product_tag-almohadas-viscoelasticas-70-cm","12":"product_tag-almohadas-viscoelasticas-aloe-vera","13":"product_tag-mejores-almohadas","14":"pa_medidas-105cm","15":"pa_medidas-135cm","16":"pa_medidas-150cm","17":"pa_medidas-70cm","18":"pa_medidas-75cm","19":"pa_medidas-80cm","20":"pa_medidas-90cm","22":"first","23":"outofstock","24":"shipping-taxable","25":"purchasable","26":"product-type-variable"},"acf":[],"_links":{"self":[{"href":"https:\/\/anabelmuebles.com\/ca\/wp-json\/wp\/v2\/product\/2932","targetHints":{"allow":["GET"]}}],"collection":[{"href":"https:\/\/anabelmuebles.com\/ca\/wp-json\/wp\/v2\/product"}],"about":[{"href":"https:\/\/anabelmuebles.com\/ca\/wp-json\/wp\/v2\/types\/product"}],"version-history":[{"count":0,"href":"https:\/\/anabelmuebles.com\/ca\/wp-json\/wp\/v2\/product\/2932\/revisions"}],"wp:featuredmedia":[{"embeddable":true,"href":"https:\/\/anabelmuebles.com\/ca\/wp-json\/wp\/v2\/media\/17448"}],"wp:attachment":[{"href":"https:\/\/anabelmuebles.com\/ca\/wp-json\/wp\/v2\/media?parent=2932"}],"wp:term":[{"taxonomy":"product_brand","embeddable":true,"href":"https:\/\/anabelmuebles.com\/ca\/wp-json\/wp\/v2\/product_brand?post=2932"},{"taxonomy":"product_cat","embeddable":true,"href":"https:\/\/anabelmuebles.com\/ca\/wp-json\/wp\/v2\/product_cat?post=2932"},{"taxonomy":"product_tag","embeddable":true,"href":"https:\/\/anabelmuebles.com\/ca\/wp-json\/wp\/v2\/product_tag?post=2932"}],"curies":[{"name":"wp","href":"https:\/\/api.w.org\/{rel}","templated":true}]}}