{"id":2928,"date":"2023-08-16T21:28:01","date_gmt":"2023-08-16T21:28:01","guid":{"rendered":"https:\/\/anabelmuebles.com\/?post_type=product&#038;p=2928"},"modified":"2025-01-25T19:02:30","modified_gmt":"2025-01-25T19:02:30","slug":"almohada-cervical","status":"publish","type":"product","link":"https:\/\/anabelmuebles.com\/ca\/tienda-online\/almohadas\/almohada-cervical\/","title":{"rendered":"Almohada Cervical"},"content":{"rendered":"<p>Gracias a su <strong>dise\u00f1o ergon\u00f3mico<\/strong> y fabricaci\u00f3n mediante <strong>moldeo por inyecci\u00f3n<\/strong> con viscoel\u00e1stica de alta calidad, la <strong>almohada cervical<\/strong> se adapta perfectamente al cuello y la nuca, asegurando la correcta alineaci\u00f3n de la columna vertebral y proporcionando un descanso c\u00f3modo y reparador.<\/p>\n<p>Su composici\u00f3n <strong>antibacteriana y antial\u00e9rgica<\/strong> garantiza un entorno seguro y saludable, ideal para quienes buscan un descanso sin preocupaciones. Dise\u00f1ada para aliviar molestias cervicales, esta almohada es la soluci\u00f3n definitiva para mejorar la calidad de tu sue\u00f1o.<\/p>\n<h3>Beneficios de la Almohada Cervical<\/h3>\n<ul>\n<li>Dise\u00f1o ergon\u00f3mico para una adaptaci\u00f3n perfecta al cuello y nuca<\/li>\n<li>Fabricaci\u00f3n en viscoel\u00e1stica de alta calidad mediante moldeo por inyecci\u00f3n<\/li>\n<li>Garantiza la correcta alineaci\u00f3n de la columna vertebral<\/li>\n<li>Composici\u00f3n antibacteriana y antial\u00e9rgica para un entorno de descanso saludable<\/li>\n<li>Ideal para aliviar molestias cervicales<\/li>\n<\/ul>\n<p><strong>Prueba la <a href=\"https:\/\/anabelmuebles.com\/ca\/categoria-producto\/almohadas\/\">Almohada<\/a> Cervical<\/strong> y disfruta de noches de descanso profundo, despert\u00e1ndote sin molestias y listo para afrontar tu d\u00eda con energ\u00eda. \u00a1Descubre la soluci\u00f3n definitiva para tus problemas cervicales!<\/p>","protected":false},"excerpt":{"rendered":"<p>Almohada Cervical con fabricaci\u00f3n viscoel\u00e1stica de alta calidad, composici\u00f3n antibacteriana y antial\u00e9rgica garantizando alineaci\u00f3n de la columna vertebral<\/p>","protected":false},"featured_media":17445,"template":"","meta":{"_acf_changed":false},"product_brand":[],"product_cat":[473],"product_tag":[568,457,460,458,463,464,461],"class_list":{"0":"post-2928","1":"product","2":"type-product","3":"status-publish","4":"has-post-thumbnail","6":"product_cat-almohadas","7":"product_tag-almohada-para-dolor-cervicales","8":"product_tag-almohadas","9":"product_tag-almohadas-cervicales","10":"product_tag-almohadas-viscoelasticas","11":"product_tag-almohadas-viscoelasticas-70-cm","12":"product_tag-almohadas-viscoelasticas-aloe-vera","13":"product_tag-mejores-almohadas","14":"pa_medidas-70cm","16":"first","17":"outofstock","18":"shipping-taxable","19":"purchasable","20":"product-type-variable"},"acf":[],"_links":{"self":[{"href":"https:\/\/anabelmuebles.com\/ca\/wp-json\/wp\/v2\/product\/2928","targetHints":{"allow":["GET"]}}],"collection":[{"href":"https:\/\/anabelmuebles.com\/ca\/wp-json\/wp\/v2\/product"}],"about":[{"href":"https:\/\/anabelmuebles.com\/ca\/wp-json\/wp\/v2\/types\/product"}],"version-history":[{"count":0,"href":"https:\/\/anabelmuebles.com\/ca\/wp-json\/wp\/v2\/product\/2928\/revisions"}],"wp:featuredmedia":[{"embeddable":true,"href":"https:\/\/anabelmuebles.com\/ca\/wp-json\/wp\/v2\/media\/17445"}],"wp:attachment":[{"href":"https:\/\/anabelmuebles.com\/ca\/wp-json\/wp\/v2\/media?parent=2928"}],"wp:term":[{"taxonomy":"product_brand","embeddable":true,"href":"https:\/\/anabelmuebles.com\/ca\/wp-json\/wp\/v2\/product_brand?post=2928"},{"taxonomy":"product_cat","embeddable":true,"href":"https:\/\/anabelmuebles.com\/ca\/wp-json\/wp\/v2\/product_cat?post=2928"},{"taxonomy":"product_tag","embeddable":true,"href":"https:\/\/anabelmuebles.com\/ca\/wp-json\/wp\/v2\/product_tag?post=2928"}],"curies":[{"name":"wp","href":"https:\/\/api.w.org\/{rel}","templated":true}]}}