{"id":2919,"date":"2023-08-16T21:19:53","date_gmt":"2023-08-16T21:19:53","guid":{"rendered":"https:\/\/anabelmuebles.com\/?post_type=product&#038;p=2919"},"modified":"2025-06-30T16:31:57","modified_gmt":"2025-06-30T16:31:57","slug":"almohada-grafeno","status":"publish","type":"product","link":"https:\/\/anabelmuebles.com\/ca\/tienda-online\/almohadas\/almohada-grafeno\/","title":{"rendered":"Almohada Grafeno"},"content":{"rendered":"<p>La <strong>Almohada Grafeno<\/strong> combina lo mejor de la innovaci\u00f3n y el confort. El n\u00facleo de la Almohada Grafeno ofrece <strong>firmeza media<\/strong> reforzado con part\u00edculas de <strong>grafeno<\/strong> ofrece una resistencia superior sin comprometer la ligereza ni las propiedades viscoel\u00e1sticas que garantizan una adaptaci\u00f3n perfecta al \u00e1rea cervical.<\/p>\n<p>El <strong>grafeno<\/strong> no solo aporta durabilidad, sino que tambi\u00e9n act\u00faa como un excelente <strong>termorregulador<\/strong>, manteniendo una temperatura equilibrada para que disfrutes de noches de descanso ininterrumpido. Su dise\u00f1o promueve una \u00f3ptima <strong>transpirabilidad y flujo t\u00e9rmico<\/strong>, ayudando a reducir la presi\u00f3n arterial y mejorar la circulaci\u00f3n, asegurando un descanso reparador.<\/p>\n<p>Adem\u00e1s, esta <strong>Almohada Grafeno<\/strong> es <strong>transpirable<\/strong>, f\u00e1cil de almacenar enrollada y cuenta con propiedades <strong>antibacterianas y antial\u00e9rgicas<\/strong>, garantizando un entorno saludable para el descanso.<\/p>\n<h3>Beneficios de la Almohada Viscoel\u00e1stica con Grafeno<\/h3>\n<ul>\n<li>N\u00facleo viscoel\u00e1stico de firmeza media reforzado con part\u00edculas de grafeno<\/li>\n<li>Termorregulaci\u00f3n para mantener una temperatura equilibrada durante la noche<\/li>\n<li>Transpirabilidad y flujo t\u00e9rmico que mejoran la circulaci\u00f3n y reducen la presi\u00f3n arterial<\/li>\n<li>Propiedades antibacterianas y antial\u00e9rgicas para un entorno saludable<\/li>\n<li>F\u00e1cil de almacenar y transportar gracias a su dise\u00f1o enrollable<\/li>\n<\/ul>\n<p><strong>Elige la <a href=\"https:\/\/anabelmuebles.com\/ca\/categoria-producto\/almohadas\/\">Almohada<\/a>\u00a0Grafeno<\/strong> y experimenta un descanso tecnol\u00f3gico, saludable y c\u00f3modo. Una opci\u00f3n ideal para cuidar tu bienestar mientras duermes.<\/p>","protected":false},"excerpt":{"rendered":"<p>Almohada Grafeno con n\u00facleo viscoel\u00e1stico y part\u00edculas de grafeno, termorregulaci\u00f3n, transpirabilidad y flujo t\u00e9rmico, transpirable y f\u00e1cil de almacenar<\/p>","protected":false},"featured_media":17443,"template":"","meta":{"_acf_changed":false},"product_brand":[],"product_cat":[473],"product_tag":[568,457,460,458,463,464,461],"class_list":{"0":"post-2919","1":"product","2":"type-product","3":"status-publish","4":"has-post-thumbnail","6":"product_cat-almohadas","7":"product_tag-almohada-para-dolor-cervicales","8":"product_tag-almohadas","9":"product_tag-almohadas-cervicales","10":"product_tag-almohadas-viscoelasticas","11":"product_tag-almohadas-viscoelasticas-70-cm","12":"product_tag-almohadas-viscoelasticas-aloe-vera","13":"product_tag-mejores-almohadas","14":"pa_medidas-105cm","15":"pa_medidas-135cm","16":"pa_medidas-150cm","17":"pa_medidas-70cm","18":"pa_medidas-75cm","19":"pa_medidas-80cm","20":"pa_medidas-90cm","22":"first","23":"outofstock","24":"shipping-taxable","25":"purchasable","26":"product-type-variable"},"acf":[],"_links":{"self":[{"href":"https:\/\/anabelmuebles.com\/ca\/wp-json\/wp\/v2\/product\/2919","targetHints":{"allow":["GET"]}}],"collection":[{"href":"https:\/\/anabelmuebles.com\/ca\/wp-json\/wp\/v2\/product"}],"about":[{"href":"https:\/\/anabelmuebles.com\/ca\/wp-json\/wp\/v2\/types\/product"}],"version-history":[{"count":0,"href":"https:\/\/anabelmuebles.com\/ca\/wp-json\/wp\/v2\/product\/2919\/revisions"}],"wp:featuredmedia":[{"embeddable":true,"href":"https:\/\/anabelmuebles.com\/ca\/wp-json\/wp\/v2\/media\/17443"}],"wp:attachment":[{"href":"https:\/\/anabelmuebles.com\/ca\/wp-json\/wp\/v2\/media?parent=2919"}],"wp:term":[{"taxonomy":"product_brand","embeddable":true,"href":"https:\/\/anabelmuebles.com\/ca\/wp-json\/wp\/v2\/product_brand?post=2919"},{"taxonomy":"product_cat","embeddable":true,"href":"https:\/\/anabelmuebles.com\/ca\/wp-json\/wp\/v2\/product_cat?post=2919"},{"taxonomy":"product_tag","embeddable":true,"href":"https:\/\/anabelmuebles.com\/ca\/wp-json\/wp\/v2\/product_tag?post=2919"}],"curies":[{"name":"wp","href":"https:\/\/api.w.org\/{rel}","templated":true}]}}