{"id":2808,"date":"2023-08-11T18:15:04","date_gmt":"2023-08-11T18:15:04","guid":{"rendered":"https:\/\/anabelmuebles.com\/?post_type=product&#038;p=2808"},"modified":"2025-04-08T19:21:59","modified_gmt":"2025-04-08T19:21:59","slug":"buffet-europa","status":"publish","type":"product","link":"https:\/\/anabelmuebles.com\/ca\/tienda-online\/salones\/buffet-europa\/","title":{"rendered":"Buffet Europa"},"content":{"rendered":"<p>Fabricado con meticulosa atenci\u00f3n al detalle, este mueble est\u00e1 dise\u00f1ado para almacenar todos los elementos esenciales de la cocina y la mesa a la perfecci\u00f3n. Con amplio espacio para botellas, platos, vasos y mucho m\u00e1s, garantiza una f\u00e1cil organizaci\u00f3n y accesibilidad.<\/p>\n<p>Fabricado con tablero de melamina de alta calidad, garantiza durabilidad y longevidad. Adem\u00e1s, las luces LED integradas a\u00f1aden un toque de elegancia y sofisticaci\u00f3n a su espacio.<\/p>\n<p>Complete su colecci\u00f3n Europa con este buffet profesional y funcional.<\/p>\n<p>\u00a1Eleve la decoraci\u00f3n de su hogar hoy mismo!<\/p>","protected":false},"excerpt":{"rendered":"<p>Presentamos el Buffet Europa, un espectacular mueble de dise\u00f1o perfecto para realzar su sal\u00f3n o comedor, disponible en <em>Muebles Anabel<\/em>.<\/p>","protected":false},"featured_media":2809,"template":"","meta":{"_acf_changed":false},"product_brand":[],"product_cat":[51],"product_tag":[424,429,428,425,427,418,417,416,415,379,426,380,376,378,374,377,375,423,422,419,420,421],"class_list":{"0":"post-2808","1":"product","2":"type-product","3":"status-publish","4":"has-post-thumbnail","6":"product_cat-salones","7":"product_tag-aparador-alto","8":"product_tag-aparador-blanco","9":"product_tag-aparador-comedor","10":"product_tag-aparador-estrecho","11":"product_tag-aparador-salon","12":"product_tag-bodeguero","13":"product_tag-composicion-mueble","14":"product_tag-composicion-mueble-comedor","15":"product_tag-composicion-mueble-salon","16":"product_tag-conjunto-muebles-salon","17":"product_tag-mueble-aparador","18":"product_tag-muebles-saln-modernos-baratos","19":"product_tag-muebles-salon","20":"product_tag-muebles-salon-baratos","21":"product_tag-muebles-salon-cuenca","22":"product_tag-muebles-salon-modernos","23":"product_tag-salon-cuenca","24":"product_tag-vitrina-alta-salon","25":"product_tag-vitrina-baja-salon","26":"product_tag-vitrina-cristal","27":"product_tag-vitrina-expositora","28":"product_tag-vitrina-salon","30":"first","31":"outofstock","32":"shipping-taxable","33":"purchasable","34":"product-type-simple"},"acf":[],"_links":{"self":[{"href":"https:\/\/anabelmuebles.com\/ca\/wp-json\/wp\/v2\/product\/2808","targetHints":{"allow":["GET"]}}],"collection":[{"href":"https:\/\/anabelmuebles.com\/ca\/wp-json\/wp\/v2\/product"}],"about":[{"href":"https:\/\/anabelmuebles.com\/ca\/wp-json\/wp\/v2\/types\/product"}],"version-history":[{"count":0,"href":"https:\/\/anabelmuebles.com\/ca\/wp-json\/wp\/v2\/product\/2808\/revisions"}],"wp:featuredmedia":[{"embeddable":true,"href":"https:\/\/anabelmuebles.com\/ca\/wp-json\/wp\/v2\/media\/2809"}],"wp:attachment":[{"href":"https:\/\/anabelmuebles.com\/ca\/wp-json\/wp\/v2\/media?parent=2808"}],"wp:term":[{"taxonomy":"product_brand","embeddable":true,"href":"https:\/\/anabelmuebles.com\/ca\/wp-json\/wp\/v2\/product_brand?post=2808"},{"taxonomy":"product_cat","embeddable":true,"href":"https:\/\/anabelmuebles.com\/ca\/wp-json\/wp\/v2\/product_cat?post=2808"},{"taxonomy":"product_tag","embeddable":true,"href":"https:\/\/anabelmuebles.com\/ca\/wp-json\/wp\/v2\/product_tag?post=2808"}],"curies":[{"name":"wp","href":"https:\/\/api.w.org\/{rel}","templated":true}]}}