{"id":2647,"date":"2023-08-04T17:44:39","date_gmt":"2023-08-04T17:44:39","guid":{"rendered":"https:\/\/anabelmuebles.com\/?post_type=product&#038;p=2647"},"modified":"2025-08-25T13:14:58","modified_gmt":"2025-08-25T13:14:58","slug":"balancin-denia","status":"publish","type":"product","link":"https:\/\/anabelmuebles.com\/ca\/tienda-online\/sofas\/balancin-denia\/","title":{"rendered":"Balanc\u00edn Denia"},"content":{"rendered":"<p>El <strong>Balanc\u00edn Denia<\/strong> ha sido dise\u00f1ado para brindar <strong>soporte y comodidad excepcionales<\/strong> gracias a su respaldo y asiento reforzados con cincha de 80 mm, que aseguran una experiencia de sentado confortable. Adem\u00e1s, su coj\u00edn de asiento est\u00e1 relleno con goma espuma de alta densidad (25 kg), ofreciendo un acolchado suave pero firme para un descanso ideal.<\/p>\n<p>La <strong>versatilidad<\/strong> es una de las caracter\u00edsticas m\u00e1s destacadas del Balanc\u00edn Denia. Su <strong>asiento desenfundable<\/strong> facilita la limpieza y el mantenimiento, permiti\u00e9ndote mantenerlo siempre fresco y en perfecto estado. Las patas de madera de haya tintadas en color cerezo aportan un toque <strong>sofisticado y c\u00e1lido<\/strong>, ideal para complementar cualquier estilo decorativo.<\/p>\n<p>El balanc\u00edn est\u00e1 tapizado en <strong>tela EDI<\/strong> en tonos camel y plata, una microfibra algodonada que proporciona suavidad al contacto. Adem\u00e1s, est\u00e1 disponible en diferentes opciones de tapizados para adaptarse a tus preferencias:<\/p>\n<ul>\n<li><strong>Cairo<\/strong>: Antracita, beige oscuro, grafito, perla.<\/li>\n<li><strong>Nevada<\/strong>: 2-17.<\/li>\n<li><strong>Magnol<\/strong>: Cemento y piedra.<\/li>\n<li><strong>EDI<\/strong>: Camel, marengo, plata.<\/li>\n<\/ul>\n<h3><strong>Caracter\u00edsticas del Balanc\u00edn Denia<\/strong><\/h3>\n<ul>\n<li><strong>Materiales<\/strong>: Estructura s\u00f3lida de madera de haya y goma espuma de alta densidad.<\/li>\n<li><strong>Dise\u00f1o<\/strong>: Elegante con patas tintadas en cerezo.<\/li>\n<li><strong>Tapizados<\/strong>: Varias opciones para personalizarlo seg\u00fan tu estilo.<\/li>\n<li><strong>Limpieza<\/strong>: Asiento desenfundable para f\u00e1cil mantenimiento.<\/li>\n<\/ul>\n<p><strong>\u00a1Agrega un toque de estilo y comodidad a tu hogar con el Balanc\u00edn Denia! <a href=\"https:\/\/anabelmuebles.com\/ca\/categoria-producto\/sofas\/\" target=\"_new\" rel=\"noopener\">Cons\u00edguelo aqu\u00ed<\/a><\/strong><\/p>","protected":false},"excerpt":{"rendered":"<p style=\"text-align: justify;\">Balanc\u00edn Denia con respaldo reforzado y coj\u00edn de alta densidad, asiento desenfundable, patas en madera de haya color cerezo. Varios tapizados elegantes.<\/p>","protected":false},"featured_media":2671,"template":"","meta":{"_acf_changed":false},"product_brand":[],"product_cat":[49,593],"product_tag":[435,436,443,573,442,444,439,437,431,430,433,434],"class_list":{"0":"post-2647","1":"product","2":"type-product","3":"status-publish","4":"has-post-thumbnail","6":"product_cat-sofas","7":"product_cat-sillones-relax","8":"product_tag-butaca-reclinable","9":"product_tag-butaca-relax","10":"product_tag-sillon","11":"product_tag-sillon-comodo","12":"product_tag-sillon-relax","13":"product_tag-sillon-tantra","14":"product_tag-sof-2-plazas","15":"product_tag-sofa-3-plazas","16":"product_tag-sofa-cama","17":"product_tag-sofa-cuenca","18":"product_tag-sofa-esquinero","19":"product_tag-sofa-rinconera","20":"pa_tapizado-edi-camel","21":"pa_tapizado-edi-marengo","22":"pa_tapizado-edi-plata","23":"pa_tapizado-magnol-cemento","24":"pa_tapizado-magnol-piedra","25":"pa_tapizado-nevada-17","26":"pa_tapizado-nevada-2","28":"first","29":"outofstock","30":"shipping-taxable","31":"purchasable","32":"product-type-variable"},"acf":[],"_links":{"self":[{"href":"https:\/\/anabelmuebles.com\/ca\/wp-json\/wp\/v2\/product\/2647","targetHints":{"allow":["GET"]}}],"collection":[{"href":"https:\/\/anabelmuebles.com\/ca\/wp-json\/wp\/v2\/product"}],"about":[{"href":"https:\/\/anabelmuebles.com\/ca\/wp-json\/wp\/v2\/types\/product"}],"version-history":[{"count":0,"href":"https:\/\/anabelmuebles.com\/ca\/wp-json\/wp\/v2\/product\/2647\/revisions"}],"wp:featuredmedia":[{"embeddable":true,"href":"https:\/\/anabelmuebles.com\/ca\/wp-json\/wp\/v2\/media\/2671"}],"wp:attachment":[{"href":"https:\/\/anabelmuebles.com\/ca\/wp-json\/wp\/v2\/media?parent=2647"}],"wp:term":[{"taxonomy":"product_brand","embeddable":true,"href":"https:\/\/anabelmuebles.com\/ca\/wp-json\/wp\/v2\/product_brand?post=2647"},{"taxonomy":"product_cat","embeddable":true,"href":"https:\/\/anabelmuebles.com\/ca\/wp-json\/wp\/v2\/product_cat?post=2647"},{"taxonomy":"product_tag","embeddable":true,"href":"https:\/\/anabelmuebles.com\/ca\/wp-json\/wp\/v2\/product_tag?post=2647"}],"curies":[{"name":"wp","href":"https:\/\/api.w.org\/{rel}","templated":true}]}}