{"id":2526,"date":"2023-07-31T20:27:35","date_gmt":"2023-07-31T20:27:35","guid":{"rendered":"https:\/\/anabelmuebles.com\/?post_type=product&#038;p=2526"},"modified":"2025-11-17T15:45:07","modified_gmt":"2025-11-17T15:45:07","slug":"mesa-centro-fija-irma","status":"publish","type":"product","link":"https:\/\/anabelmuebles.com\/ca\/tienda-online\/salones\/mesas-de-centro\/mesa-centro-fija-irma\/","title":{"rendered":"Mesa Centro Fija Irma"},"content":{"rendered":"<div class=\"flex-shrink-0 flex flex-col relative items-end\">\n<div>\n<div class=\"pt-0\">\n<div class=\"gizmo-bot-avatar flex h-8 w-8 items-center justify-center overflow-hidden rounded-full\">\n<div class=\"relative p-1 rounded-sm flex items-center justify-center bg-token-main-surface-primary text-token-text-primary h-8 w-8\"><\/div>\n<\/div>\n<\/div>\n<\/div>\n<\/div>\n<div class=\"group\/conversation-turn relative flex w-full min-w-0 flex-col agent-turn\">\n<div class=\"flex-col gap-1 md:gap-3\">\n<div class=\"flex max-w-full flex-col flex-grow\">\n<div class=\"min-h-8 text-message flex w-full flex-col items-end gap-2 whitespace-normal break-words text-start [.text-message+&amp;]:mt-5\" dir=\"auto\" data-message-author-role=\"assistant\" data-message-id=\"d150b40e-a8b5-4172-8872-9a8e2a5def0c\" data-message-model-slug=\"gpt-4o\">\n<div class=\"flex w-full flex-col gap-1 empty:hidden first:pt-[3px]\">\n<div class=\"markdown prose w-full break-words dark:prose-invert dark\">\n<p>La <strong>Mesa Centro Irma<\/strong> combina funcionalidad y estilo con un dise\u00f1o moderno y pr\u00e1ctico, ideal para cualquier espacio. Cuenta con dos huecos abiertos y uno cerrado en la parte inferior, perfectos para almacenar y organizar tus objetos esenciales de manera eficiente.<\/p>\n<p>Su tama\u00f1o compacto la convierte en una opci\u00f3n ideal para salas de estar o espacios de entretenimiento peque\u00f1os. Fabricada como un <strong>mueble kit<\/strong>, esta mesa es f\u00e1cil y r\u00e1pida de montar. Adem\u00e1s, est\u00e1 dise\u00f1ada con materiales resistentes y duraderos para garantizar su uso prolongado.<\/p>\n<h3>Caracter\u00edsticas de la Mesa Centro Irma<\/h3>\n<ul>\n<li><strong>Espacios de almacenamiento:<\/strong> Dos huecos abiertos y uno cerrado.<\/li>\n<li><strong>Material:<\/strong> Fabricada en melamina resistente.<\/li>\n<li><strong>Color:<\/strong> Andersen pino-gris.<\/li>\n<li><strong>Montaje:<\/strong> F\u00e1cil y r\u00e1pido, gracias a su formato de mueble kit.<\/li>\n<li><strong>Dise\u00f1o:<\/strong> Compacto y funcional.<\/li>\n<\/ul>\n<p>Renueva tu sala de estar con la <strong>Mesa Centro Irma<\/strong> y disfruta de un mueble pr\u00e1ctico y elegante. <a href=\"https:\/\/anabelmuebles.com\/categoria-producto\/sillas-y-mesas\/\" target=\"_new\" rel=\"noopener\">\u00a1Haz tu pedido ahora!<\/a><\/p>\n<\/div>\n<\/div>\n<\/div>\n<\/div>\n<\/div>\n<\/div>\n","protected":false},"excerpt":{"rendered":"<p>Mesa Centro Irma fabricada con melamina, dos huecos abiertos y uno cerrado, en color Andersen pino-gris, montaje r\u00e1pido gracias a su formato de mueble kit.<\/p>","protected":false},"featured_media":2527,"template":"","meta":{"_acf_changed":false},"product_brand":[],"product_cat":[668],"product_tag":[452,453,454,455,456,446,445,450,447,449,448,451],"class_list":{"0":"post-2526","1":"product","2":"type-product","3":"status-publish","4":"has-post-thumbnail","6":"product_cat-mesas-de-centro","7":"product_tag-conjunto-sillas-y-mesa","8":"product_tag-juego-de-silla-y-mesa","9":"product_tag-juego-de-silla-y-mesa-comedor","10":"product_tag-juegos-de-mesa","11":"product_tag-mesa-de-centro","12":"product_tag-mesas-cuenca","13":"product_tag-sillas-cuenca","14":"product_tag-sillas-y-mesas-baratas","15":"product_tag-sillas-y-mesas-cuenca","16":"product_tag-sillas-y-mesas-de-cocina","17":"product_tag-sillas-y-mesas-de-comedor","18":"product_tag-sillas-y-mesas-de-jardin","19":"pa_color-andersen-pino-gris","21":"first","22":"outofstock","23":"shipping-taxable","24":"purchasable","25":"product-type-simple"},"acf":[],"_links":{"self":[{"href":"https:\/\/anabelmuebles.com\/ca\/wp-json\/wp\/v2\/product\/2526","targetHints":{"allow":["GET"]}}],"collection":[{"href":"https:\/\/anabelmuebles.com\/ca\/wp-json\/wp\/v2\/product"}],"about":[{"href":"https:\/\/anabelmuebles.com\/ca\/wp-json\/wp\/v2\/types\/product"}],"version-history":[{"count":0,"href":"https:\/\/anabelmuebles.com\/ca\/wp-json\/wp\/v2\/product\/2526\/revisions"}],"wp:featuredmedia":[{"embeddable":true,"href":"https:\/\/anabelmuebles.com\/ca\/wp-json\/wp\/v2\/media\/2527"}],"wp:attachment":[{"href":"https:\/\/anabelmuebles.com\/ca\/wp-json\/wp\/v2\/media?parent=2526"}],"wp:term":[{"taxonomy":"product_brand","embeddable":true,"href":"https:\/\/anabelmuebles.com\/ca\/wp-json\/wp\/v2\/product_brand?post=2526"},{"taxonomy":"product_cat","embeddable":true,"href":"https:\/\/anabelmuebles.com\/ca\/wp-json\/wp\/v2\/product_cat?post=2526"},{"taxonomy":"product_tag","embeddable":true,"href":"https:\/\/anabelmuebles.com\/ca\/wp-json\/wp\/v2\/product_tag?post=2526"}],"curies":[{"name":"wp","href":"https:\/\/api.w.org\/{rel}","templated":true}]}}