{"id":2522,"date":"2023-07-31T20:19:51","date_gmt":"2023-07-31T20:19:51","guid":{"rendered":"https:\/\/anabelmuebles.com\/?post_type=product&#038;p=2522"},"modified":"2025-09-10T21:06:15","modified_gmt":"2025-09-10T21:06:15","slug":"bodeguero-modelo-irma","status":"publish","type":"product","link":"https:\/\/anabelmuebles.com\/ca\/tienda-online\/salones\/bodegueros\/bodeguero-modelo-irma\/","title":{"rendered":"Bodeguero Modelo Irma"},"content":{"rendered":"<p>El bodeguero modelo Irma mide 99 cm de ancho y es de color Andersen pino-gris. Es un mueble kit, lo que significa que su montaje es f\u00e1cil y r\u00e1pido. Adem\u00e1s, su dise\u00f1o moderno y sofisticado se adapta perfectamente a cualquier estilo de decoraci\u00f3n.<\/p>\n<p>Con las luces LED incorporadas, podr\u00e1s iluminar tus objetos y decoraciones favoritas de manera suave y agradable. Y gracias a su resistencia y durabilidad, este bodeguero te garantiza a\u00f1os de uso sin perder su estilo y belleza.<\/p>\n<p>No esperes m\u00e1s para tener un mueble de almacenamiento amplio y funcional en tu hogar. \u00a1Haz tu pedido ahora y consigue nuestro bodeguero Irma con luces LED para darle un toque moderno y sofisticado a cualquier espacio de tu hogar!<\/p>","protected":false},"excerpt":{"rendered":"<p>\u00bfNecesitas un mueble de almacenamiento amplio y resistente para tu hogar? Nuestro bodeguero Irma con luces LED es la soluci\u00f3n perfecta. Con sus dos puertas, un caj\u00f3n y cuatro huecos, este mueble te ofrece un gran espacio para almacenar todo lo que necesitas.<\/p>","protected":false},"featured_media":2524,"template":"","meta":{"_acf_changed":false},"product_brand":[],"product_cat":[600,51],"product_tag":[424,429,428,425,427,418,417,416,415,379,426,380,376,378,374,377,375,423,422,419,420,421],"class_list":{"0":"post-2522","1":"product","2":"type-product","3":"status-publish","4":"has-post-thumbnail","6":"product_cat-bodegueros","7":"product_cat-salones","8":"product_tag-aparador-alto","9":"product_tag-aparador-blanco","10":"product_tag-aparador-comedor","11":"product_tag-aparador-estrecho","12":"product_tag-aparador-salon","13":"product_tag-bodeguero","14":"product_tag-composicion-mueble","15":"product_tag-composicion-mueble-comedor","16":"product_tag-composicion-mueble-salon","17":"product_tag-conjunto-muebles-salon","18":"product_tag-mueble-aparador","19":"product_tag-muebles-saln-modernos-baratos","20":"product_tag-muebles-salon","21":"product_tag-muebles-salon-baratos","22":"product_tag-muebles-salon-cuenca","23":"product_tag-muebles-salon-modernos","24":"product_tag-salon-cuenca","25":"product_tag-vitrina-alta-salon","26":"product_tag-vitrina-baja-salon","27":"product_tag-vitrina-cristal","28":"product_tag-vitrina-expositora","29":"product_tag-vitrina-salon","30":"pa_color-andersen-pino-gris","32":"first","33":"outofstock","34":"shipping-taxable","35":"purchasable","36":"product-type-simple"},"acf":[],"_links":{"self":[{"href":"https:\/\/anabelmuebles.com\/ca\/wp-json\/wp\/v2\/product\/2522","targetHints":{"allow":["GET"]}}],"collection":[{"href":"https:\/\/anabelmuebles.com\/ca\/wp-json\/wp\/v2\/product"}],"about":[{"href":"https:\/\/anabelmuebles.com\/ca\/wp-json\/wp\/v2\/types\/product"}],"version-history":[{"count":0,"href":"https:\/\/anabelmuebles.com\/ca\/wp-json\/wp\/v2\/product\/2522\/revisions"}],"wp:featuredmedia":[{"embeddable":true,"href":"https:\/\/anabelmuebles.com\/ca\/wp-json\/wp\/v2\/media\/2524"}],"wp:attachment":[{"href":"https:\/\/anabelmuebles.com\/ca\/wp-json\/wp\/v2\/media?parent=2522"}],"wp:term":[{"taxonomy":"product_brand","embeddable":true,"href":"https:\/\/anabelmuebles.com\/ca\/wp-json\/wp\/v2\/product_brand?post=2522"},{"taxonomy":"product_cat","embeddable":true,"href":"https:\/\/anabelmuebles.com\/ca\/wp-json\/wp\/v2\/product_cat?post=2522"},{"taxonomy":"product_tag","embeddable":true,"href":"https:\/\/anabelmuebles.com\/ca\/wp-json\/wp\/v2\/product_tag?post=2522"}],"curies":[{"name":"wp","href":"https:\/\/api.w.org\/{rel}","templated":true}]}}