{"id":1914,"date":"2023-06-23T13:13:29","date_gmt":"2023-06-23T13:13:29","guid":{"rendered":"https:\/\/anabelmuebles.com\/?post_type=product&#038;p=1914"},"modified":"2025-09-10T21:04:53","modified_gmt":"2025-09-10T21:04:53","slug":"aparador-roncal","status":"publish","type":"product","link":"https:\/\/anabelmuebles.com\/ca\/tienda-online\/salones\/aparadores\/aparador-roncal\/","title":{"rendered":"Aparador Roncal"},"content":{"rendered":"<p>El Aparador Roncal cuenta con dos puertas y tres cajones, lo que lo hace muy pr\u00e1ctico y funcional para almacenar diferentes tipos de objetos. Adem\u00e1s, sus medidas son de 90.5 cm de alto, 160 cm de ancho y 45 cm de profundidad, lo que lo hace lo suficientemente grande para satisfacer tus necesidades de almacenamiento, pero lo suficientemente compacto para adaptarse a diferentes espacios.<\/p>\n<p>Este mueble est\u00e1 disponible en dos colores: andersen pino-roble y trufa-ca\u00f1\u00f3n-blanco, lo que te permite elegir el que mejor se adapte a tu estilo y decoraci\u00f3n. Adem\u00e1s, su construcci\u00f3n resistente asegura una larga vida \u00fatil y una gran durabilidad.<\/p>","protected":false},"excerpt":{"rendered":"<p>Si est\u00e1s buscando un mueble de alta calidad y est\u00e9tica para organizar tus espacios, \u00a1el Aparador Roncal podr\u00eda ser el mueble perfecto para ti! Este aparador cuenta con un dise\u00f1o elegante y resistente que lo hace ideal para cualquier hogar.<\/p>","protected":false},"featured_media":1918,"template":"","meta":{"_acf_changed":false},"product_brand":[],"product_cat":[598,51],"product_tag":[424,429,428,425,427,418,417,416,415,379,426,380,376,378,374,377,375,423,422,419,420,421],"class_list":{"0":"post-1914","1":"product","2":"type-product","3":"status-publish","4":"has-post-thumbnail","6":"product_cat-aparadores","7":"product_cat-salones","8":"product_tag-aparador-alto","9":"product_tag-aparador-blanco","10":"product_tag-aparador-comedor","11":"product_tag-aparador-estrecho","12":"product_tag-aparador-salon","13":"product_tag-bodeguero","14":"product_tag-composicion-mueble","15":"product_tag-composicion-mueble-comedor","16":"product_tag-composicion-mueble-salon","17":"product_tag-conjunto-muebles-salon","18":"product_tag-mueble-aparador","19":"product_tag-muebles-saln-modernos-baratos","20":"product_tag-muebles-salon","21":"product_tag-muebles-salon-baratos","22":"product_tag-muebles-salon-cuenca","23":"product_tag-muebles-salon-modernos","24":"product_tag-salon-cuenca","25":"product_tag-vitrina-alta-salon","26":"product_tag-vitrina-baja-salon","27":"product_tag-vitrina-cristal","28":"product_tag-vitrina-expositora","29":"product_tag-vitrina-salon","30":"pa_color-andersen-pino-roble","31":"pa_color-trufa-canon","33":"first","34":"outofstock","35":"shipping-taxable","36":"purchasable","37":"product-type-variable"},"acf":[],"_links":{"self":[{"href":"https:\/\/anabelmuebles.com\/ca\/wp-json\/wp\/v2\/product\/1914","targetHints":{"allow":["GET"]}}],"collection":[{"href":"https:\/\/anabelmuebles.com\/ca\/wp-json\/wp\/v2\/product"}],"about":[{"href":"https:\/\/anabelmuebles.com\/ca\/wp-json\/wp\/v2\/types\/product"}],"version-history":[{"count":0,"href":"https:\/\/anabelmuebles.com\/ca\/wp-json\/wp\/v2\/product\/1914\/revisions"}],"wp:featuredmedia":[{"embeddable":true,"href":"https:\/\/anabelmuebles.com\/ca\/wp-json\/wp\/v2\/media\/1918"}],"wp:attachment":[{"href":"https:\/\/anabelmuebles.com\/ca\/wp-json\/wp\/v2\/media?parent=1914"}],"wp:term":[{"taxonomy":"product_brand","embeddable":true,"href":"https:\/\/anabelmuebles.com\/ca\/wp-json\/wp\/v2\/product_brand?post=1914"},{"taxonomy":"product_cat","embeddable":true,"href":"https:\/\/anabelmuebles.com\/ca\/wp-json\/wp\/v2\/product_cat?post=1914"},{"taxonomy":"product_tag","embeddable":true,"href":"https:\/\/anabelmuebles.com\/ca\/wp-json\/wp\/v2\/product_tag?post=1914"}],"curies":[{"name":"wp","href":"https:\/\/api.w.org\/{rel}","templated":true}]}}