{"id":1783,"date":"2023-06-20T19:03:31","date_gmt":"2023-06-20T19:03:31","guid":{"rendered":"https:\/\/anabelmuebles.com\/?post_type=product&#038;p=1783"},"modified":"2025-09-25T17:06:19","modified_gmt":"2025-09-25T17:06:19","slug":"colchon-verin","status":"publish","type":"product","link":"https:\/\/anabelmuebles.com\/ca\/tienda-online\/colchones\/colchon-verin\/","title":{"rendered":"Colch\u00f3n Ver\u00edn"},"content":{"rendered":"<p>El <strong>Colch\u00f3n Ver\u00edn<\/strong> est\u00e1 dise\u00f1ado para ofrecer una experiencia de descanso personalizada y c\u00f3moda. Su n\u00facleo de <strong>muelles ensacados resistentes<\/strong> con 680 muelles individuales recubiertos en tejido <strong>TST de alto gramaje<\/strong> y una capa de <strong>Box HR de 33 kg\/m\u00b3<\/strong> proporciona un soporte preciso que se adapta a las diferentes \u00e1reas del cuerpo, brindando un confort superior y un soporte firme.<\/p>\r\n<p>La capa de confort superior del colch\u00f3n Ver\u00edn incluye un tejido <strong>stretch<\/strong> de 320 gr con acabado suave, espuma s\u00faper suave, fibra at\u00e9rmica y soporte TST en un dise\u00f1o continuo, asegurando una sensaci\u00f3n de suavidad y adaptabilidad a cada movimiento del cuerpo. La capa inferior de soporte, fabricada con los mismos materiales, proporciona una base s\u00f3lida, manteniendo la forma y estabilidad del colch\u00f3n.<\/p>\r\n<p>La platabanda tapizada con tejido <strong>stretch transpirable<\/strong> y acolchada con fibra mediante ultrasonido mejora la transpirabilidad y ofrece una sensaci\u00f3n suave y c\u00f3moda al tacto, ideal para mantener una temperatura \u00f3ptima durante toda la noche.<\/p>\r\n<h3>Caracter\u00edsticas del Colch\u00f3n Ver\u00edn<\/h3>\r\n<ul>\r\n<li><strong>N\u00facleo de muelle ensacado<\/strong> con 680 muelles recubiertos y capa Box HR de 33 kg\/m\u00b3 para un soporte personalizado<\/li>\r\n<li><strong>Capa de confort superior en tejido stretch<\/strong>, espuma s\u00faper suave, fibra at\u00e9rmica y soporte TST para una mayor adaptabilidad<\/li>\r\n<li><strong>Capa inferior en tejido stretch<\/strong>, espuma s\u00faper suave, fibra at\u00e9rmica y soporte TST para una base s\u00f3lida y estable<\/li>\r\n<li><strong>Platabanda tapizada en tejido stretch<\/strong> transpirable y acolchada con fibra mediante ultrasonido para mejorar la ventilaci\u00f3n<\/li>\r\n<li><strong>Altura total<\/strong>: 25 cm (+-2 cm)<\/li>\r\n<\/ul>\r\n<p><strong>Descubre el <a href=\"https:\/\/anabelmuebles.com\/ca\/categoria-producto\/colchones\/\">Colch\u00f3n<\/a> Ver\u00edn<\/strong>, dise\u00f1ado para aquellos que buscan un descanso reparador, aliviando dolores de espalda y mejorando la calidad del sue\u00f1o.<\/p>\r\n<p>ENTREGA- Abierto.<\/p>","protected":false},"excerpt":{"rendered":"<p>Colch\u00f3n Ver\u00edn con n\u00facleo de muelles ensacados, capa superior en tejido stretch, capa inferior tejido stretch, platabanda de tejido stretch, altura 25 cm<\/p>","protected":false},"featured_media":18279,"template":"","meta":{"_acf_changed":false},"product_brand":[],"product_cat":[46],"product_tag":[349,560,482,348,352,351,341,597,632,660,350,562,558,353,343,345,342,344],"class_list":{"0":"post-1783","1":"product","2":"type-product","3":"status-publish","4":"has-post-thumbnail","6":"product_cat-colchones","7":"product_tag-camas-y-colchones-baratos","8":"product_tag-colchon-150x190","9":"product_tag-colchon-250e","10":"product_tag-colchones-baratos","11":"product_tag-colchones-baratos-150x190","12":"product_tag-colchones-baratos-de-135x190","13":"product_tag-colchones-cuenca","14":"product_tag-colchones-135x190","15":"product_tag-colchones-150x190","16":"product_tag-colchones-muelles-ensacados","17":"product_tag-comprar-colchones-baratos","18":"product_tag-firmeza-media-alta","19":"product_tag-muelles-ensacado","20":"product_tag-somieres-y-colchones-baratos","21":"product_tag-tienda-colchones-cuenca","22":"product_tag-tienda-de-colchones-cuenca","23":"product_tag-tiendas-colchones-cuenca","24":"product_tag-venta-de-colchones-cuenca","25":"pa_medidas-105x190","26":"pa_medidas-105x200","27":"pa_medidas-135x190","28":"pa_medidas-135x200","29":"pa_medidas-150x190","30":"pa_medidas-150x200","31":"pa_medidas-90x190","32":"pa_medidas-90x200","34":"first","35":"outofstock","36":"shipping-taxable","37":"purchasable","38":"product-type-variable"},"acf":[],"_links":{"self":[{"href":"https:\/\/anabelmuebles.com\/ca\/wp-json\/wp\/v2\/product\/1783","targetHints":{"allow":["GET"]}}],"collection":[{"href":"https:\/\/anabelmuebles.com\/ca\/wp-json\/wp\/v2\/product"}],"about":[{"href":"https:\/\/anabelmuebles.com\/ca\/wp-json\/wp\/v2\/types\/product"}],"version-history":[{"count":0,"href":"https:\/\/anabelmuebles.com\/ca\/wp-json\/wp\/v2\/product\/1783\/revisions"}],"wp:featuredmedia":[{"embeddable":true,"href":"https:\/\/anabelmuebles.com\/ca\/wp-json\/wp\/v2\/media\/18279"}],"wp:attachment":[{"href":"https:\/\/anabelmuebles.com\/ca\/wp-json\/wp\/v2\/media?parent=1783"}],"wp:term":[{"taxonomy":"product_brand","embeddable":true,"href":"https:\/\/anabelmuebles.com\/ca\/wp-json\/wp\/v2\/product_brand?post=1783"},{"taxonomy":"product_cat","embeddable":true,"href":"https:\/\/anabelmuebles.com\/ca\/wp-json\/wp\/v2\/product_cat?post=1783"},{"taxonomy":"product_tag","embeddable":true,"href":"https:\/\/anabelmuebles.com\/ca\/wp-json\/wp\/v2\/product_tag?post=1783"}],"curies":[{"name":"wp","href":"https:\/\/api.w.org\/{rel}","templated":true}]}}