{"id":1662,"date":"2023-06-19T20:48:29","date_gmt":"2023-06-19T20:48:29","guid":{"rendered":"https:\/\/anabelmuebles.com\/?post_type=product&#038;p=1662"},"modified":"2026-03-18T13:13:58","modified_gmt":"2026-03-18T13:13:58","slug":"colchon-eclipse","status":"publish","type":"product","link":"https:\/\/anabelmuebles.com\/ca\/tienda-online\/colchones\/colchon-eclipse\/","title":{"rendered":"Colch\u00f3n de muelle ensacado y econatur Eclipse"},"content":{"rendered":"<p>El <strong>Colch\u00f3n Eclipse<\/strong>\u00a0est\u00e1 dise\u00f1ado para brindarte un descanso profundo y c\u00f3modo, adapt\u00e1ndose perfectamente a tu cuerpo. Su n\u00facleo <strong>con 680 muelles ensacados con BOX HR 33 kg\/m3<\/strong>\u00a0proporciona un soporte progresivo que reduce la presi\u00f3n en los puntos de contacto, permitiendo una comodidad superior durante toda la noche.<\/p>\n<p>El tejido stretch acabado suave 340 gr\/m\u00b2 + espuma suave 1 cm + viscoel\u00e1stica 55 kg\/m\u00b3 \u00b7 2 cm + fibra at\u00e9rmica 150 gr\/m\u00b2 + soporte TST en confecci\u00f3n continua, crea una sensaci\u00f3n acogedora que regula la temperatura y mantiene el colch\u00f3n fresco y transpirable, ideal para disfrutar de un sue\u00f1o continuo y sin interrupciones.<\/p>\n<p>Si buscas mejorar la calidad de tu descanso, el Colch\u00f3n Eclipse es la elecci\u00f3n perfecta, proporcionando el soporte y confort que necesitas para despertar renovado.<\/p>\n<h3>Caracter\u00edsticas del Colch\u00f3n Eclipse<\/h3>\n<ul>\n<li><strong>N\u00facleo<\/strong>\u00a0<strong>con 680 muelles ensacados<\/strong> con BOX HR 33 kg\/m3, recubiertos con tejido TST de alto gramaje y plancha ECONATUR de alta densidad de 2 cm para un soporte progresivo y reducci\u00f3n de presi\u00f3n<\/li>\n<li><strong>Tejido 3D<\/strong> de alta transpiraci\u00f3n\u00a0para un descanso fresco y acogedor<\/li>\n<li><strong>Excelente regulaci\u00f3n de temperatura<\/strong> y transpirabilidad<\/li>\n<li><strong>Altura<\/strong> <strong>total<\/strong>: 26 cm<\/li>\n<\/ul>\n<p><strong>Prueba el <a href=\"https:\/\/anabelmuebles.com\/ca\/categoria-producto\/colchones\/\">Colch\u00f3n<\/a> Eclipse<\/strong>\u00a0y descubre la diferencia en tu descanso. Este colch\u00f3n est\u00e1 dise\u00f1ado para brindarte una experiencia de sue\u00f1o superior, adapt\u00e1ndose a tus necesidades cada noche.<\/p>\n<p><span style=\"font-family: var(--global-body-font-family);\">ENTREGA- Abierto<\/span><\/p>","protected":false},"excerpt":{"rendered":"<p>Colch\u00f3n Eclipse de muelle ensacado con Econatur, viscoel\u00e1stica y doble cara, excelente regulaci\u00f3n de temperatura, altura total de 26 cm.<\/p>","protected":false},"featured_media":26330,"template":"","meta":{"_acf_changed":false},"product_brand":[],"product_cat":[46],"product_tag":[349,481,348,352,351,341,597,632,350,562,523,353,343,345,342,344],"class_list":{"0":"post-1662","1":"product","2":"type-product","3":"status-publish","4":"has-post-thumbnail","6":"product_cat-colchones","7":"product_tag-camas-y-colchones-baratos","8":"product_tag-colchon-200e","9":"product_tag-colchones-baratos","10":"product_tag-colchones-baratos-150x190","11":"product_tag-colchones-baratos-de-135x190","12":"product_tag-colchones-cuenca","13":"product_tag-colchones-135x190","14":"product_tag-colchones-150x190","15":"product_tag-comprar-colchones-baratos","16":"product_tag-firmeza-media-alta","17":"product_tag-gente-alta","18":"product_tag-somieres-y-colchones-baratos","19":"product_tag-tienda-colchones-cuenca","20":"product_tag-tienda-de-colchones-cuenca","21":"product_tag-tiendas-colchones-cuenca","22":"product_tag-venta-de-colchones-cuenca","23":"pa_medidas-105x190","24":"pa_medidas-105x200","25":"pa_medidas-135x190","26":"pa_medidas-135x200","27":"pa_medidas-150x190","28":"pa_medidas-150x200","29":"pa_medidas-90x190","30":"pa_medidas-90x200","32":"first","33":"instock","34":"shipping-taxable","35":"purchasable","36":"product-type-variable"},"acf":[],"_links":{"self":[{"href":"https:\/\/anabelmuebles.com\/ca\/wp-json\/wp\/v2\/product\/1662","targetHints":{"allow":["GET"]}}],"collection":[{"href":"https:\/\/anabelmuebles.com\/ca\/wp-json\/wp\/v2\/product"}],"about":[{"href":"https:\/\/anabelmuebles.com\/ca\/wp-json\/wp\/v2\/types\/product"}],"version-history":[{"count":3,"href":"https:\/\/anabelmuebles.com\/ca\/wp-json\/wp\/v2\/product\/1662\/revisions"}],"predecessor-version":[{"id":26335,"href":"https:\/\/anabelmuebles.com\/ca\/wp-json\/wp\/v2\/product\/1662\/revisions\/26335"}],"wp:featuredmedia":[{"embeddable":true,"href":"https:\/\/anabelmuebles.com\/ca\/wp-json\/wp\/v2\/media\/26330"}],"wp:attachment":[{"href":"https:\/\/anabelmuebles.com\/ca\/wp-json\/wp\/v2\/media?parent=1662"}],"wp:term":[{"taxonomy":"product_brand","embeddable":true,"href":"https:\/\/anabelmuebles.com\/ca\/wp-json\/wp\/v2\/product_brand?post=1662"},{"taxonomy":"product_cat","embeddable":true,"href":"https:\/\/anabelmuebles.com\/ca\/wp-json\/wp\/v2\/product_cat?post=1662"},{"taxonomy":"product_tag","embeddable":true,"href":"https:\/\/anabelmuebles.com\/ca\/wp-json\/wp\/v2\/product_tag?post=1662"}],"curies":[{"name":"wp","href":"https:\/\/api.w.org\/{rel}","templated":true}]}}