{"id":1575,"date":"2023-06-19T20:05:40","date_gmt":"2023-06-19T20:05:40","guid":{"rendered":"https:\/\/anabelmuebles.com\/?post_type=product&#038;p=1575"},"modified":"2025-03-04T15:58:19","modified_gmt":"2025-03-04T15:58:19","slug":"pack-oferta-canape-colchon-lirio","status":"publish","type":"product","link":"https:\/\/anabelmuebles.com\/ca\/tienda-online\/oferta-pack-colchon-canape\/pack-oferta-canape-colchon-lirio\/","title":{"rendered":"Pack Oferta: Canap\u00e9 + Colch\u00f3n Lirio"},"content":{"rendered":"<p>Este pack de oferta incluye un Canap\u00e9 modelo Guadiana disponible en 5 colores,\u00a0 que se caracteriza por ser una base s\u00f3lida y resistente que te brinda un amplio espacio de almacenamiento, ideal para guardar ropa de cama, mantas o cualquier otro objeto que necesites mantener ordenado en tu habitaci\u00f3n. Adem\u00e1s, cuenta con un sistema de apertura f\u00e1cil y suave que te permite acceder a tus cosas de manera r\u00e1pida y sencilla.<\/p>\n<p>El Colch\u00f3n Lirio, por su parte, destaca por su n\u00facleo de HR de alta densidad de 17cm de grosor, que proporciona una firmeza y estabilidad excepcionales para un descanso \u00f3ptimo. Adem\u00e1s, tanto el acolchado del tejido superior como inferior est\u00e1n formados en tejido strech 250gr, lo que hace que el colch\u00f3n sea a\u00fan m\u00e1s c\u00f3modo y suave al tacto. Por su parte blanda, el tejido tridimensional favorece la transpiraci\u00f3n y ayuda a mantener una temperatura agradable durante toda la noche.<\/p>\n<p>Este pack, te brinda la oportunidad de combinar ambos productos para obtener una soluci\u00f3n completa para tu descanso, a un precio inigualable. Adem\u00e1s, el Canap\u00e9 y el Colch\u00f3n Lirio est\u00e1n dise\u00f1ados para complementarse perfectamente, lo que significa que obtendr\u00e1s un nivel de comodidad y soporte excepcional.<\/p>\n<p>Si buscas una soluci\u00f3n completa para tu descanso, no puedes dejar pasar esta incre\u00edble oferta por tiempo limitado de pack de canap\u00e9 y colch\u00f3n Lirio. \u00a1Aprovecha esta oportunidad \u00fanica y disfruta de un descanso reparador y c\u00f3modo como nunca antes!<\/p>","protected":false},"excerpt":{"rendered":"<p>\u00a1Aprovecha esta oferta \u00fanica! El pack de canap\u00e9 y colch\u00f3n Lirio es la combinaci\u00f3n perfecta para aquellos que buscan una soluci\u00f3n completa para su descanso.<\/p>","protected":false},"featured_media":6813,"template":"","meta":{"_acf_changed":false},"product_brand":[],"product_cat":[47],"product_tag":[],"class_list":{"0":"post-1575","1":"product","2":"type-product","3":"status-publish","4":"has-post-thumbnail","6":"product_cat-oferta-pack-colchon-canape","7":"pa_color-artico","8":"pa_color-blanco","9":"pa_color-cambrian","10":"pa_color-nogal","11":"pa_color-wengue","12":"pa_medidas-105x190","13":"pa_medidas-135x190","14":"pa_medidas-90x190","16":"first","17":"outofstock","18":"shipping-taxable","19":"purchasable","20":"product-type-variable"},"acf":[],"_links":{"self":[{"href":"https:\/\/anabelmuebles.com\/ca\/wp-json\/wp\/v2\/product\/1575","targetHints":{"allow":["GET"]}}],"collection":[{"href":"https:\/\/anabelmuebles.com\/ca\/wp-json\/wp\/v2\/product"}],"about":[{"href":"https:\/\/anabelmuebles.com\/ca\/wp-json\/wp\/v2\/types\/product"}],"version-history":[{"count":0,"href":"https:\/\/anabelmuebles.com\/ca\/wp-json\/wp\/v2\/product\/1575\/revisions"}],"wp:featuredmedia":[{"embeddable":true,"href":"https:\/\/anabelmuebles.com\/ca\/wp-json\/wp\/v2\/media\/6813"}],"wp:attachment":[{"href":"https:\/\/anabelmuebles.com\/ca\/wp-json\/wp\/v2\/media?parent=1575"}],"wp:term":[{"taxonomy":"product_brand","embeddable":true,"href":"https:\/\/anabelmuebles.com\/ca\/wp-json\/wp\/v2\/product_brand?post=1575"},{"taxonomy":"product_cat","embeddable":true,"href":"https:\/\/anabelmuebles.com\/ca\/wp-json\/wp\/v2\/product_cat?post=1575"},{"taxonomy":"product_tag","embeddable":true,"href":"https:\/\/anabelmuebles.com\/ca\/wp-json\/wp\/v2\/product_tag?post=1575"}],"curies":[{"name":"wp","href":"https:\/\/api.w.org\/{rel}","templated":true}]}}