{"id":1141,"date":"2023-06-17T18:12:29","date_gmt":"2023-06-17T18:12:29","guid":{"rendered":"https:\/\/anabelmuebles.com\/?post_type=product&#038;p=1141"},"modified":"2026-03-18T11:35:44","modified_gmt":"2026-03-18T11:35:44","slug":"colchon-torres","status":"publish","type":"product","link":"https:\/\/anabelmuebles.com\/ca\/tienda-online\/colchones\/colchon-torres\/","title":{"rendered":"Colch\u00f3n Torres HR Doble Cara"},"content":{"rendered":"<p>El <strong>Colch\u00f3n Torres<\/strong> ha sido dise\u00f1ado para proporcionar un descanso \u00f3ptimo, utilizando materiales de alta calidad y tecnolog\u00eda avanzada para un confort superior. Con su n\u00facleo <strong>ECO NATUR<\/strong> de 20 kg\/m\u00b3 y 17 cm de grosor, este colch\u00f3n ofrece gran elasticidad y se adapta a los movimientos naturales del descanso, brindando un soporte personalizado.<\/p>\n<p>El acolchado superior est\u00e1 elaborado con <strong>tejido damasco transpirable<\/strong> de alta calidad, un acabado suave y una plancha de fibra at\u00e9rmica termofusionada con soporte <strong>TST<\/strong> en confecci\u00f3n continua, asegurando una experiencia de descanso suave y c\u00f3moda. La capa inferior tiene la misma composici\u00f3n, proporcionando uniformidad y una base estable para el colch\u00f3n.<\/p>\n<p>La <strong>platabanda<\/strong> en tejido tridimensional, acolchada en ultrasonido con fibra calibrada de 200 gr, aporta un toque elegante y moderno, adem\u00e1s de mejorar la transpirabilidad del colch\u00f3n.<\/p>\n<h3>Caracter\u00edsticas del Colch\u00f3n Torres<\/h3>\n<ul>\n<li>N\u00facleo ECO NATUR de 20 kg\/m\u00b3 y 17 cm de grosor para elasticidad y adaptabilidad<\/li>\n<li>Acolchado superior en\u00a0damasco transpirable + espuma 20 kg\/m3 \u00b7 2 cm + soporte TNT de 17 gr\/m2 para mayor suavidad<\/li>\n<li>Acolchado inferior en tejido damasco transpirable + espuma 20 kg\/m3 \u00b7 2 cm + soporte TNT de 17 gr\/m2para una base s\u00f3lida y c\u00f3moda<\/li>\n<li>Platabanda en tejido tridimensional acolchado en ultrasonido con fibra de 200 gr para transpirabilidad y estilo<\/li>\n<li>Altura total: 21 cm<\/li>\n<\/ul>\n<p><strong>Haz tu pedido del <a href=\"https:\/\/anabelmuebles.com\/ca\/categoria-producto\/colchones\/\">Colch\u00f3n<\/a> Torres hoy mismo<\/strong> y recibe en la comodidad de tu hogar un colch\u00f3n dise\u00f1ado para mejorar la calidad de tu descanso.<\/p>","protected":false},"excerpt":{"rendered":"<p>Colch\u00f3n Torres con N\u00facleo Eco Natur de espuma HR,doble cara, acolchado superior tejido damasco, acolchado inferior tejido damasco, platabanda en tejido tridimensional.<\/p>","protected":false},"featured_media":26322,"template":"","meta":{"_acf_changed":false},"product_brand":[],"product_cat":[46],"product_tag":[349,481,348,352,351,341,632,350,562,353,343,345,342,344],"class_list":{"0":"post-1141","1":"product","2":"type-product","3":"status-publish","4":"has-post-thumbnail","6":"product_cat-colchones","7":"product_tag-camas-y-colchones-baratos","8":"product_tag-colchon-200e","9":"product_tag-colchones-baratos","10":"product_tag-colchones-baratos-150x190","11":"product_tag-colchones-baratos-de-135x190","12":"product_tag-colchones-cuenca","13":"product_tag-colchones-150x190","14":"product_tag-comprar-colchones-baratos","15":"product_tag-firmeza-media-alta","16":"product_tag-somieres-y-colchones-baratos","17":"product_tag-tienda-colchones-cuenca","18":"product_tag-tienda-de-colchones-cuenca","19":"product_tag-tiendas-colchones-cuenca","20":"product_tag-venta-de-colchones-cuenca","21":"pa_medidas-105x190","22":"pa_medidas-105x200","23":"pa_medidas-135x190","24":"pa_medidas-135x200","25":"pa_medidas-150x190","26":"pa_medidas-150x200","27":"pa_medidas-90x190","28":"pa_medidas-90x200","30":"first","31":"instock","32":"shipping-taxable","33":"purchasable","34":"product-type-variable"},"acf":[],"_links":{"self":[{"href":"https:\/\/anabelmuebles.com\/ca\/wp-json\/wp\/v2\/product\/1141","targetHints":{"allow":["GET"]}}],"collection":[{"href":"https:\/\/anabelmuebles.com\/ca\/wp-json\/wp\/v2\/product"}],"about":[{"href":"https:\/\/anabelmuebles.com\/ca\/wp-json\/wp\/v2\/types\/product"}],"version-history":[{"count":4,"href":"https:\/\/anabelmuebles.com\/ca\/wp-json\/wp\/v2\/product\/1141\/revisions"}],"predecessor-version":[{"id":26328,"href":"https:\/\/anabelmuebles.com\/ca\/wp-json\/wp\/v2\/product\/1141\/revisions\/26328"}],"wp:featuredmedia":[{"embeddable":true,"href":"https:\/\/anabelmuebles.com\/ca\/wp-json\/wp\/v2\/media\/26322"}],"wp:attachment":[{"href":"https:\/\/anabelmuebles.com\/ca\/wp-json\/wp\/v2\/media?parent=1141"}],"wp:term":[{"taxonomy":"product_brand","embeddable":true,"href":"https:\/\/anabelmuebles.com\/ca\/wp-json\/wp\/v2\/product_brand?post=1141"},{"taxonomy":"product_cat","embeddable":true,"href":"https:\/\/anabelmuebles.com\/ca\/wp-json\/wp\/v2\/product_cat?post=1141"},{"taxonomy":"product_tag","embeddable":true,"href":"https:\/\/anabelmuebles.com\/ca\/wp-json\/wp\/v2\/product_tag?post=1141"}],"curies":[{"name":"wp","href":"https:\/\/api.w.org\/{rel}","templated":true}]}}