{"id":1138,"date":"2023-06-17T17:52:29","date_gmt":"2023-06-17T17:52:29","guid":{"rendered":"https:\/\/anabelmuebles.com\/?post_type=product&#038;p=1138"},"modified":"2025-09-25T17:06:21","modified_gmt":"2025-09-25T17:06:21","slug":"colchon-trigo","status":"publish","type":"product","link":"https:\/\/anabelmuebles.com\/ca\/tienda-online\/colchones\/colchon-trigo\/","title":{"rendered":"Colch\u00f3n Trigo"},"content":{"rendered":"<p>El <strong>Colch\u00f3n Trigo<\/strong> con n\u00facleo <strong>Econatur<\/strong> es la opci\u00f3n perfecta para quienes buscan una noche de sue\u00f1o profundo y estable. Su n\u00facleo Econatur, con una densidad de 37 kg\/m\u00b3 y 12 cm de grosor, brinda estabilidad y firmeza, ideal para proporcionar un soporte constante.<\/p>\n<p>Este colch\u00f3n est\u00e1 dise\u00f1ado con un acolchado superior en tejido de dise\u00f1o exclusivo, combinado con <strong>fibra siliconada at\u00e9rmica de 300 gr\/m\u00b2<\/strong> y soporte <strong>TST<\/strong> en confecci\u00f3n continua, ofreciendo una suavidad y comodidad excepcionales. El tejido inferior, en <strong>stretch de 250 gr<\/strong> con el mismo dise\u00f1o y composici\u00f3n de fibras, aporta uniformidad y soporte adicional.<\/p>\n<p>La <strong>platabanda<\/strong> del Colch\u00f3n Trigo est\u00e1 fabricada en tejido tridimensional y acolchada en ultrasonido, logrando un aspecto elegante y moderno que a\u00f1ade estilo y ventilaci\u00f3n al colch\u00f3n.<\/p>\n<p>Disponible en medida <strong>90 x 190 cm<\/strong>, el Colch\u00f3n Trigo es una excelente alternativa para quienes buscan un colch\u00f3n individual de alta calidad y precio accesible.<\/p>\n<h3>Caracter\u00edsticas del Colch\u00f3n Trigo<\/h3>\n<ul>\n<li>N\u00facleo Econatur de 37 kg\/m\u00b3 y 12 cm de grosor para estabilidad y firmeza<\/li>\n<li>Acolchado superior en tejido exclusivo con fibra siliconada at\u00e9rmica de 300 gr\/m\u00b2 y soporte TST para mayor confort<\/li>\n<li>Acolchado inferior en tejido stretch de 250 gr y fibra siliconada at\u00e9rmica de 300 gr\/m\u00b2 con soporte TST para soporte uniforme<\/li>\n<li>Platabanda en tejido tridimensional acolchado en ultrasonido para elegancia y ventilaci\u00f3n<\/li>\n<li>Altura total: 15 cm (+-2 cm)<\/li>\n<\/ul>\n<p><strong>Elige el <a href=\"https:\/\/anabelmuebles.com\/ca\/categoria-producto\/colchones\/\">Colch\u00f3n<\/a> Trigo<\/strong> y disfruta de un descanso reparador en un colch\u00f3n individual de alta calidad y precio insuperable.<\/p>","protected":false},"excerpt":{"rendered":"<p>El Colch\u00f3n Trigo con n\u00facleo Econatur, acolchado superior tejido con fibra siliconada, acolchado inferior tejido stretch, platabanda tejido tridimensional<\/p>","protected":false},"featured_media":18276,"template":"","meta":{"_acf_changed":false},"product_brand":[],"product_cat":[46],"product_tag":[349,481,348,352,351,341,632,661,350,520,353,343,345,342,344],"class_list":{"0":"post-1138","1":"product","2":"type-product","3":"status-publish","4":"has-post-thumbnail","6":"product_cat-colchones","7":"product_tag-camas-y-colchones-baratos","8":"product_tag-colchon-200e","9":"product_tag-colchones-baratos","10":"product_tag-colchones-baratos-150x190","11":"product_tag-colchones-baratos-de-135x190","12":"product_tag-colchones-cuenca","13":"product_tag-colchones-150x190","14":"product_tag-colchones-espuma-hr","15":"product_tag-comprar-colchones-baratos","16":"product_tag-firmeza","17":"product_tag-somieres-y-colchones-baratos","18":"product_tag-tienda-colchones-cuenca","19":"product_tag-tienda-de-colchones-cuenca","20":"product_tag-tiendas-colchones-cuenca","21":"product_tag-venta-de-colchones-cuenca","22":"pa_medidas-90x190","24":"first","25":"outofstock","26":"shipping-taxable","27":"purchasable","28":"product-type-variable"},"acf":[],"_links":{"self":[{"href":"https:\/\/anabelmuebles.com\/ca\/wp-json\/wp\/v2\/product\/1138","targetHints":{"allow":["GET"]}}],"collection":[{"href":"https:\/\/anabelmuebles.com\/ca\/wp-json\/wp\/v2\/product"}],"about":[{"href":"https:\/\/anabelmuebles.com\/ca\/wp-json\/wp\/v2\/types\/product"}],"version-history":[{"count":0,"href":"https:\/\/anabelmuebles.com\/ca\/wp-json\/wp\/v2\/product\/1138\/revisions"}],"wp:featuredmedia":[{"embeddable":true,"href":"https:\/\/anabelmuebles.com\/ca\/wp-json\/wp\/v2\/media\/18276"}],"wp:attachment":[{"href":"https:\/\/anabelmuebles.com\/ca\/wp-json\/wp\/v2\/media?parent=1138"}],"wp:term":[{"taxonomy":"product_brand","embeddable":true,"href":"https:\/\/anabelmuebles.com\/ca\/wp-json\/wp\/v2\/product_brand?post=1138"},{"taxonomy":"product_cat","embeddable":true,"href":"https:\/\/anabelmuebles.com\/ca\/wp-json\/wp\/v2\/product_cat?post=1138"},{"taxonomy":"product_tag","embeddable":true,"href":"https:\/\/anabelmuebles.com\/ca\/wp-json\/wp\/v2\/product_tag?post=1138"}],"curies":[{"name":"wp","href":"https:\/\/api.w.org\/{rel}","templated":true}]}}