{"id":1038,"date":"2023-06-16T20:10:19","date_gmt":"2023-06-16T20:10:19","guid":{"rendered":"https:\/\/anabelmuebles.com\/?post_type=product&#038;p=1038"},"modified":"2025-09-25T17:06:22","modified_gmt":"2025-09-25T17:06:22","slug":"colchon-amapola","status":"publish","type":"product","link":"https:\/\/anabelmuebles.com\/ca\/tienda-online\/colchones\/colchon-amapola\/","title":{"rendered":"Colch\u00f3n Amapola Ni\u00f1os"},"content":{"rendered":"<p>El <strong>Colch\u00f3n Amapola<\/strong> es la elecci\u00f3n ideal, dise\u00f1ado especialmente para proporcionar un descanso confortable y seguro para los m\u00e1s peque\u00f1os.<\/p>\n<p>Con una altura de <strong>13 cm<\/strong> (+-2 cm), el Colch\u00f3n Amapola cuenta con un n\u00facleo <strong>ECONATUR<\/strong> de 10 cm de grosor y una densidad de 37 kg\/m\u00b3, ofreciendo un soporte firme y estable que cuida el cuerpo en cada descanso.<\/p>\n<p>El acolchado superior est\u00e1 confeccionado en tejido <strong>stretch de 250 gr<\/strong> con un dise\u00f1o exclusivo y fibra siliconada t\u00e9rmica de 300 gr\/m\u00b2, unido en confecci\u00f3n continua con soporte <strong>TST<\/strong>. Esta combinaci\u00f3n brinda una suavidad y confort adicionales, ideales para un descanso reparador.<\/p>\n<p>Disponible en medida <strong>90 x 190 cm<\/strong>, el Colch\u00f3n Amapola es una gran opci\u00f3n para cualquier persona que busque un colch\u00f3n individual de calidad para complementar su dormitorio, especialmente en camas compactas y nido.<\/p>\n<h3>Caracter\u00edsticas del Colch\u00f3n Amapola<\/h3>\n<ul>\n<li>N\u00facleo ECONATUR de 10 cm con densidad de 37 kg\/m\u00b3 para un soporte firme y estable<\/li>\n<li>Acolchado superior en tejido stretch de 250 gr con fibra siliconada t\u00e9rmica de 300 gr\/m\u00b2 y soporte TST<\/li>\n<li>Altura total: 13 cm (+-2 cm)<\/li>\n<li>Medida disponible: 90 x 190 cm, ideal para camas infantiles y compactas<\/li>\n<\/ul>\n<p><strong>Elige el <a href=\"https:\/\/anabelmuebles.com\/ca\/categoria-producto\/colchones\/\">Colch\u00f3n<\/a> Amapola<\/strong> para un descanso seguro y c\u00f3modo, dise\u00f1ado para adaptarse a las necesidades de los m\u00e1s peque\u00f1os del hogar y complementar cualquier dormitorio con calidad y estilo.<\/p>\n<p>Entrega: Abierto<\/p>","protected":false},"excerpt":{"rendered":"<p>Colch\u00f3n Amapola N\u00facleo ECONATUR de 10 cm y 37 kg\/m\u00b3, acolchado superior en tejido stretch de fibra siliconada t\u00e9rmica, altura 13 cm, medida 90 x 190 cm.<\/p>","protected":false},"featured_media":18274,"template":"","meta":{"_acf_changed":false},"product_brand":[],"product_cat":[46],"product_tag":[349,481,348,352,351,341,632,350,561,353,343,345,342,344],"class_list":{"0":"post-1038","1":"product","2":"type-product","3":"status-publish","4":"has-post-thumbnail","6":"product_cat-colchones","7":"product_tag-camas-y-colchones-baratos","8":"product_tag-colchon-200e","9":"product_tag-colchones-baratos","10":"product_tag-colchones-baratos-150x190","11":"product_tag-colchones-baratos-de-135x190","12":"product_tag-colchones-cuenca","13":"product_tag-colchones-150x190","14":"product_tag-comprar-colchones-baratos","15":"product_tag-firmeza-media","16":"product_tag-somieres-y-colchones-baratos","17":"product_tag-tienda-colchones-cuenca","18":"product_tag-tienda-de-colchones-cuenca","19":"product_tag-tiendas-colchones-cuenca","20":"product_tag-venta-de-colchones-cuenca","21":"pa_medidas-90x190","23":"first","24":"outofstock","25":"shipping-taxable","26":"purchasable","27":"product-type-variable"},"acf":[],"_links":{"self":[{"href":"https:\/\/anabelmuebles.com\/ca\/wp-json\/wp\/v2\/product\/1038","targetHints":{"allow":["GET"]}}],"collection":[{"href":"https:\/\/anabelmuebles.com\/ca\/wp-json\/wp\/v2\/product"}],"about":[{"href":"https:\/\/anabelmuebles.com\/ca\/wp-json\/wp\/v2\/types\/product"}],"version-history":[{"count":0,"href":"https:\/\/anabelmuebles.com\/ca\/wp-json\/wp\/v2\/product\/1038\/revisions"}],"wp:featuredmedia":[{"embeddable":true,"href":"https:\/\/anabelmuebles.com\/ca\/wp-json\/wp\/v2\/media\/18274"}],"wp:attachment":[{"href":"https:\/\/anabelmuebles.com\/ca\/wp-json\/wp\/v2\/media?parent=1038"}],"wp:term":[{"taxonomy":"product_brand","embeddable":true,"href":"https:\/\/anabelmuebles.com\/ca\/wp-json\/wp\/v2\/product_brand?post=1038"},{"taxonomy":"product_cat","embeddable":true,"href":"https:\/\/anabelmuebles.com\/ca\/wp-json\/wp\/v2\/product_cat?post=1038"},{"taxonomy":"product_tag","embeddable":true,"href":"https:\/\/anabelmuebles.com\/ca\/wp-json\/wp\/v2\/product_tag?post=1038"}],"curies":[{"name":"wp","href":"https:\/\/api.w.org\/{rel}","templated":true}]}}