{"id":8087,"date":"2024-08-12T20:10:22","date_gmt":"2024-08-12T20:10:22","guid":{"rendered":"https:\/\/anabelmuebles.com\/?page_id=8087"},"modified":"2025-01-05T10:51:57","modified_gmt":"2025-01-05T10:51:57","slug":"simulador-colchon-ideal","status":"publish","type":"page","link":"https:\/\/anabelmuebles.com\/ca\/simulador-colchon-ideal\/","title":{"rendered":"Simulador Colch\u00f3n ideal"},"content":{"rendered":"\t\t<div data-elementor-type=\"wp-page\" data-elementor-id=\"8087\" class=\"elementor elementor-8087\" data-elementor-post-type=\"page\">\n\t\t\t\t\t\t<section class=\"elementor-section elementor-top-section elementor-element elementor-element-2c3a58a elementor-section-boxed elementor-section-height-default elementor-section-height-default\" data-id=\"2c3a58a\" data-element_type=\"section\" data-settings=\"{&quot;background_background&quot;:&quot;classic&quot;}\">\n\t\t\t\t\t\t\t<div class=\"elementor-background-overlay\"><\/div>\n\t\t\t\t\t\t\t<div class=\"elementor-container elementor-column-gap-default\">\n\t\t\t\t\t<div class=\"elementor-column elementor-col-50 elementor-top-column elementor-element elementor-element-07cbffd elementor-invisible\" data-id=\"07cbffd\" data-element_type=\"column\" data-settings=\"{&quot;animation&quot;:&quot;fadeInLeft&quot;}\">\n\t\t\t<div class=\"elementor-widget-wrap elementor-element-populated\">\n\t\t\t\t\t\t<div class=\"elementor-element elementor-element-f02a27b elementor-widget__width-initial elementor-widget elementor-widget-heading\" data-id=\"f02a27b\" data-element_type=\"widget\" data-widget_type=\"heading.default\">\n\t\t\t\t<div class=\"elementor-widget-container\">\n\t\t\t\t\t<h2 class=\"elementor-heading-title elementor-size-default\">Simulador colchon ideal<\/h2>\t\t\t\t<\/div>\n\t\t\t\t<\/div>\n\t\t\t\t<div class=\"elementor-element elementor-element-140ae9c elementor-widget elementor-widget-heading\" data-id=\"140ae9c\" data-element_type=\"widget\" data-widget_type=\"heading.default\">\n\t\t\t\t<div class=\"elementor-widget-container\">\n\t\t\t\t\t<h2 class=\"elementor-heading-title elementor-size-default\">Descubre el mejor colch\u00f3n para ti con nuestro simulador de colchones<\/h2>\t\t\t\t<\/div>\n\t\t\t\t<\/div>\n\t\t\t\t\t<\/div>\n\t\t<\/div>\n\t\t\t\t<div class=\"elementor-column elementor-col-50 elementor-top-column elementor-element elementor-element-0b1138b elementor-invisible\" data-id=\"0b1138b\" data-element_type=\"column\" data-settings=\"{&quot;animation&quot;:&quot;fadeInLeft&quot;}\">\n\t\t\t<div class=\"elementor-widget-wrap elementor-element-populated\">\n\t\t\t\t\t\t<div class=\"elementor-element elementor-element-67ca9a5 elementor-widget__width-initial elementor-widget elementor-widget-video\" data-id=\"67ca9a5\" data-element_type=\"widget\" data-settings=\"{&quot;video_type&quot;:&quot;hosted&quot;,&quot;autoplay&quot;:&quot;yes&quot;,&quot;play_on_mobile&quot;:&quot;yes&quot;,&quot;mute&quot;:&quot;yes&quot;,&quot;loop&quot;:&quot;yes&quot;,&quot;controls&quot;:&quot;yes&quot;}\" data-widget_type=\"video.default\">\n\t\t\t\t<div class=\"elementor-widget-container\">\n\t\t\t\t\t\t\t<div class=\"e-hosted-video elementor-wrapper elementor-open-inline\">\n\t\t\t\t\t<video class=\"elementor-video\" src=\"https:\/\/anabelmuebles.com\/wp-content\/uploads\/2024\/11\/Video-interior-simulador.mp4\" autoplay=\"\" loop=\"\" controls=\"\" muted=\"muted\" playsinline=\"\" controlsList=\"nodownload\"><\/video>\n\t\t\t\t<\/div>\n\t\t\t\t\t\t<\/div>\n\t\t\t\t<\/div>\n\t\t\t\t\t<\/div>\n\t\t<\/div>\n\t\t\t\t\t<\/div>\n\t\t<\/section>\n\t\t<div class=\"elementor-element elementor-element-de9327e e-flex e-con-boxed e-con e-parent\" data-id=\"de9327e\" data-element_type=\"container\">\n\t\t\t\t\t<div class=\"e-con-inner\">\n\t\t<div class=\"elementor-element elementor-element-5a66580 e-con-full e-flex e-con e-child\" data-id=\"5a66580\" data-element_type=\"container\">\n\t\t\t\t<div class=\"elementor-element elementor-element-a37c770 elementor-widget elementor-widget-heading\" data-id=\"a37c770\" data-element_type=\"widget\" data-widget_type=\"heading.default\">\n\t\t\t\t<div class=\"elementor-widget-container\">\n\t\t\t\t\t<h2 class=\"elementor-heading-title elementor-size-default\">Tu cuerpo, tu colch\u00f3n: rellena el siguiente cuestionario y en solo minutos con nuestro simulador de colchones  descubrir\u00e1s cu\u00e1l es el mejor colch\u00f3n para ti<\/h2>\t\t\t\t<\/div>\n\t\t\t\t<\/div>\n\t\t\t\t<div class=\"elementor-element elementor-element-3e84e78 elementor-widget__width-initial elementor-widget-mobile__width-initial elementor-widget elementor-widget-html\" data-id=\"3e84e78\" data-element_type=\"widget\" data-widget_type=\"html.default\">\n\t\t\t\t<div class=\"elementor-widget-container\">\n\t\t\t\t\t<!DOCTYPE html>\r\n<html lang=\"es\">\r\n<head>\r\n    <meta charset=\"UTF-8\">\r\n    <meta name=\"viewport\" content=\"width=device-width, initial-scale=1.0\">\r\n    <title>Simulador de Colch\u00f3n Ideal<\/title>\r\n    <style>\r\n        body {\r\n            font-family: 'Roboto', sans-serif;\r\n            background-color: #ffffff;\r\n            color: #333;\r\n            text-align: center;\r\n            padding: 20px;\r\n        }\r\n        h1 {\r\n            color: #fc9614;\r\n            font-size: 2em;\r\n            margin-bottom: 30px;\r\n            font-weight: bold;\r\n            text-transform: uppercase;\r\n        }\r\n        .container {\r\n            margin-top: 50px;\r\n            display: flex;\r\n            flex-direction: column;\r\n            align-items: center;\r\n            background: #ffffff;\r\n            padding: 40px;\r\n            border-radius: 10px;\r\n            max-width: 500px;\r\n            margin: 0 auto;\r\n        }\r\n        input[type=\"number\"] {\r\n            width: 100%;\r\n            height: 40px;\r\n            font-size: 1em;\r\n            margin-top: 10px;\r\n            padding: 5px;\r\n            border-radius: 5px;\r\n            border: 1px solid #ccc;\r\n            background-color: #f9f9f9;\r\n            transition: all 0.3s ease;\r\n        }\r\n        select {\r\n            width: 100%;\r\n            height: 40px;\r\n            font-size: 1em;\r\n            margin-top: 10px;\r\n            padding: 5px;\r\n            border-radius: 5px;\r\n            border: 1px solid #ccc;\r\n            background-color: #f9f9f9;\r\n            transition: all 0.3s ease;\r\n        }\r\n        select:hover, input[type=\"number\"]:hover {\r\n            border-color: #ffa233;\r\n        }\r\n        input[type=\"checkbox\"] {\r\n            margin-right: 10px;\r\n            transform: scale(1.2);\r\n            cursor: pointer;\r\n        }\r\n        label {\r\n            font-size: 1em;\r\n            color: #333;\r\n        }\r\n        .checkbox-group {\r\n            text-align: left;\r\n            margin-top: 20px;\r\n        }\r\n    <\/style>\r\n<\/head>\r\n<body>\r\n    <h1>Simulador de Colch\u00f3n ideal<\/h1>\r\n    <div class=\"container\">\r\n        <!-- Campo de edad -->\r\n        <label for=\"edad\">Ingresa tu edad: <\/label>\r\n        <input type=\"number\" id=\"edad\" name=\"edad\" min=\"0\" max=\"100\" value=\"25\">\r\n\r\n        <!-- Selector de firmeza -->\r\n        <label for=\"firmeza\">Selecciona la firmeza del colch\u00f3n: <\/label>\r\n        <select id=\"firmeza\" name=\"firmeza\">\r\n            <option value=\"1\">Muy blando<\/option>\r\n            <option value=\"2\">Blando<\/option>\r\n            <option value=\"3\" selected>Media<\/option>\r\n            <option value=\"4\">Firme<\/option>\r\n            <option value=\"5\">Muy firme<\/option>\r\n        <\/select>\r\n\r\n        <!-- Selector de medidas -->\r\n        <label for=\"medidas\">Selecciona las medidas del colch\u00f3n: <\/label>\r\n        <select id=\"medidas\" name=\"medidas\">\r\n            <option value=\"90x190\">90x190<\/option>\r\n            <option value=\"105x190\">105x190<\/option>\r\n            <option value=\"135x190\">135x190<\/option>\r\n            <option value=\"150x190\">150x190<\/option>\r\n            <option value=\"medidas_especiales\">Medidas Especiales<\/option>\r\n        <\/select>\r\n\r\n        <!-- Caracter\u00edsticas especiales -->\r\n        <label>\u00bfBuscas alguna caracter\u00edstica especial?<\/label><br>\r\n        <input type=\"checkbox\" id=\"caracteristica1\" name=\"caracteristicas\" value=\"Dolor de espalda\">\r\n        <label for=\"caracteristica1\">Dolor de espalda<\/label><br>\r\n        <input type=\"checkbox\" id=\"caracteristica2\" name=\"caracteristicas\" value=\"Independencia de lechos\">\r\n        <label for=\"caracteristica2\">Independencia de lechos<\/label><br>\r\n        <input type=\"checkbox\" id=\"caracteristica3\" name=\"caracteristicas\" value=\"Durabilidad\">\r\n        <label for=\"caracteristica3\">Durabilidad<\/label><br>\r\n        <input type=\"checkbox\" id=\"caracteristica4\" name=\"caracteristicas\" value=\"Transpirabilidad\">\r\n        <label for=\"caracteristica4\">Transpirabilidad<\/label><br>\r\n        <input type=\"checkbox\" id=\"caracteristica5\" name=\"caracteristicas\" value=\"Nada en especial\">\r\n        <label for=\"caracteristica5\">Nada en especial<\/label><br>\r\n    <\/div>\r\n<\/body>\r\n<\/html>\r\n\t\t\t\t<\/div>\n\t\t\t\t<\/div>\n\t\t\t\t<div class=\"elementor-element elementor-element-bd6fa44 elementor-widget__width-initial elementor-widget-mobile__width-initial elementor-widget elementor-widget-html\" data-id=\"bd6fa44\" data-element_type=\"widget\" data-widget_type=\"html.default\">\n\t\t\t\t<div class=\"elementor-widget-container\">\n\t\t\t\t\t<!DOCTYPE html>\r\n<html lang=\"es\">\r\n<head>\r\n    <meta charset=\"UTF-8\">\r\n    <meta name=\"viewport\" content=\"width=device-width, initial-scale=1.0\">\r\n    <title>Simulador de Colchones<\/title>\r\n    <style>\r\n        .link-grande {\r\n            font-size: 1.5em;\r\n            font-weight: bold;\r\n            color: #ffa233;\r\n        }\r\n        .video-container {\r\n            margin-top: 20px;\r\n            position: relative;\r\n            width: 100%;\r\n            max-width: 560px;\r\n            padding-bottom: 56.25%; \/* Proporci\u00f3n 16:9 *\/\r\n            height: 0;\r\n        }\r\n        .video-container iframe {\r\n            position: absolute;\r\n            top: 0;\r\n            left: 0;\r\n            width: 100%;\r\n            height: 100%;\r\n        }\r\n        .spinner {\r\n            display: none;\r\n            border: 8px solid #f3f3f3;\r\n            border-top: 8px solid #ffa233;\r\n            border-radius: 50%;\r\n            width: 50px;\r\n            height: 50px;\r\n            animation: spin 1s linear infinite;\r\n            margin: 20px auto;\r\n        }\r\n        @keyframes spin {\r\n            0% { transform: rotate(0deg); }\r\n            100% { transform: rotate(360deg); }\r\n        }\r\n    <\/style>\r\n<\/head>\r\n<body>\r\n    <h3>Por \u00faltimo<\/h3>\r\n    <form id=\"colchonForm\">\r\n        <label for=\"peso\">Introduce tu peso (kg):<\/label>\r\n        <input type=\"number\" id=\"peso\" required><br><br>\r\n        \r\n        <label for=\"presupuesto\">Introduce tu presupuesto (\u20ac):<\/label>\r\n        <input type=\"number\" id=\"presupuesto\" required><br><br>\r\n        \r\n        <button type=\"button\" onclick=\"mostrarSpinner()\">Buscar Colch\u00f3n<\/button>\r\n    <\/form>\r\n    \r\n    <div id=\"spinner\" class=\"spinner\"><\/div>\r\n    <h3>Colch\u00f3n recomendado:<\/h3>\r\n    <div id=\"resultados\"><\/div>\r\n\r\n    <script>\r\n        const colchones = [\r\n            {nombre: \"Colch\u00f3n Spring Top\", url: \"https:\/\/anabelmuebles.com\/producto\/colchon-spring-top-5-7zsoft\/#formulario\", peso_max: 120, precio_min: 600, precio_max: 1200, video: \"https:\/\/www.youtube.com\/embed\/cx51HicSYsM\"},\r\n            {nombre: \"Colch\u00f3n Nube Visco flex\", url: \"https:\/\/anabelmuebles.com\/producto\/colchon-nube-visco-flex\/\", peso_max: 90, precio_min: 395, precio_max: 800, video: \"https:\/\/www.youtube.com\/embed\/3sdJhnezzzQ\"},\r\n            {nombre: \"Colch\u00f3n Mythos\", url: \"https:\/\/anabelmuebles.com\/producto\/colchon-mythos\/\", peso_max: 90, precio_min: 229, precio_max: 395, video: \"https:\/\/www.youtube.com\/embed\/yK7w6JzJmyA\"},\r\n            {nombre: \"Colch\u00f3n M\u00e1ster\", url: \"https:\/\/anabelmuebles.com\/producto\/colchon-master\/\", peso_max: 80, precio_min: 215, precio_max: 324, video: \"https:\/\/www.youtube.com\/embed\/mOEnK8sT0DI\"},\r\n            {nombre: \"Colch\u00f3n Cool fresh\", url: \"https:\/\/anabelmuebles.com\/producto\/colchon-cool-fresh\/\", peso_max: 80, precio_min: 215, precio_max: 324, video: \"https:\/\/www.youtube.com\/embed\/feZ9A9fcpdc\"},\r\n            {nombre: \"Colch\u00f3n Extra Roca\", url: \"https:\/\/anabelmuebles.com\/producto\/colchon-extra-roca\/\", peso_max: 120, precio_min: 675, precio_max: 750, video: \"https:\/\/www.youtube.com\/embed\/uEHcKMaPywU\"},\r\n            {nombre: \"Colch\u00f3n Nazca\", url: \"https:\/\/anabelmuebles.com\/producto\/colchon-nazca\/\", peso_max: 110, precio_min: 234, precio_max: 580, video: \"https:\/\/www.youtube.com\/embed\/Z6z3Gcin7wk\"}\r\n        ];\r\n\r\n        function mostrarSpinner() {\r\n            const spinner = document.getElementById(\"spinner\");\r\n            spinner.style.display = \"block\";\r\n            setTimeout(recomendarColchon, 3000);\r\n        }\r\n\r\n        function recomendarColchon() {\r\n            const peso = parseFloat(document.getElementById(\"peso\").value);\r\n            const presupuesto = parseFloat(document.getElementById(\"presupuesto\").value);\r\n            const resultadosDiv = document.getElementById(\"resultados\");\r\n            const spinner = document.getElementById(\"spinner\");\r\n\r\n            spinner.style.display = \"none\"; \/\/ Ocultar el spinner\r\n            resultadosDiv.innerHTML = \"\"; \/\/ Limpiar resultados previos\r\n\r\n            const recomendaciones = colchones.filter(colchon => \r\n                peso <= colchon.peso_max &&\r\n                presupuesto >= colchon.precio_min &&\r\n                presupuesto <= colchon.precio_max\r\n            );\r\n\r\n            if (recomendaciones.length > 0) {\r\n                const mejorColchon = recomendaciones[0];\r\n\r\n                resultadosDiv.innerHTML = `\r\n                    <p><strong>${mejorColchon.nombre}<\/strong><\/p>\r\n                    <p><a href=\"${mejorColchon.url}\" target=\"_blank\" class=\"link-grande\">Ver producto en web<\/a><\/p>\r\n                    <p class=\"link-grande\">Video:<\/p>\r\n                    <div class=\"video-container\">\r\n                        <iframe src=\"${mejorColchon.video}\" frameborder=\"0\" allowfullscreen><\/iframe>\r\n                    <\/div>\r\n                `;\r\n            } else {\r\n                resultadosDiv.innerHTML = \"<p>No se encontraron colchones que cumplan con tus requisitos.<\/p>\";\r\n            }\r\n        }\r\n    <\/script>\r\n<\/body>\r\n<\/html>\r\n\t\t\t\t<\/div>\n\t\t\t\t<\/div>\n\t\t\t\t<\/div>\n\t\t\t\t\t<\/div>\n\t\t\t\t<\/div>\n\t\t\t\t<section class=\"elementor-section elementor-top-section elementor-element elementor-element-5e284aa0 elementor-section-boxed elementor-section-height-default elementor-section-height-default\" data-id=\"5e284aa0\" data-element_type=\"section\">\n\t\t\t\t\t\t\t<div class=\"elementor-background-overlay\"><\/div>\n\t\t\t\t\t\t\t<div class=\"elementor-container elementor-column-gap-default\">\n\t\t\t\t\t<div class=\"elementor-column elementor-col-50 elementor-top-column elementor-element elementor-element-1328f0d1\" data-id=\"1328f0d1\" data-element_type=\"column\">\n\t\t\t<div class=\"elementor-widget-wrap elementor-element-populated\">\n\t\t\t\t\t\t<div class=\"elementor-element elementor-element-72981675 elementor-invisible elementor-widget elementor-widget-image\" data-id=\"72981675\" data-element_type=\"widget\" data-settings=\"{&quot;_animation&quot;:&quot;fadeInLeft&quot;}\" data-widget_type=\"image.default\">\n\t\t\t\t<div class=\"elementor-widget-container\">\n\t\t\t\t\t\t\t\t\t\t\t\t\t\t\t<img fetchpriority=\"high\" decoding=\"async\" width=\"1920\" height=\"1081\" src=\"https:\/\/anabelmuebles.com\/wp-content\/uploads\/2024\/10\/Colchones-Albacete.jpg\" class=\"attachment-full size-full wp-image-9252\" alt=\"cat\u00e1logo de muebles para dormitorio\" srcset=\"https:\/\/anabelmuebles.com\/wp-content\/uploads\/2024\/10\/Colchones-Albacete.jpg 1920w, https:\/\/anabelmuebles.com\/wp-content\/uploads\/2024\/10\/Colchones-Albacete-600x338.jpg 600w, https:\/\/anabelmuebles.com\/wp-content\/uploads\/2024\/10\/Colchones-Albacete-64x36.jpg 64w, https:\/\/anabelmuebles.com\/wp-content\/uploads\/2024\/10\/Colchones-Albacete-300x169.jpg 300w, https:\/\/anabelmuebles.com\/wp-content\/uploads\/2024\/10\/Colchones-Albacete-1024x577.jpg 1024w, https:\/\/anabelmuebles.com\/wp-content\/uploads\/2024\/10\/Colchones-Albacete-768x432.jpg 768w, https:\/\/anabelmuebles.com\/wp-content\/uploads\/2024\/10\/Colchones-Albacete-1536x865.jpg 1536w\" sizes=\"(max-width: 1920px) 100vw, 1920px\" \/>\t\t\t\t\t\t\t\t\t\t\t\t\t\t\t<\/div>\n\t\t\t\t<\/div>\n\t\t\t\t\t<\/div>\n\t\t<\/div>\n\t\t\t\t<div class=\"elementor-column elementor-col-50 elementor-top-column elementor-element elementor-element-1ad88e4f elementor-invisible\" data-id=\"1ad88e4f\" data-element_type=\"column\" data-settings=\"{&quot;background_background&quot;:&quot;classic&quot;,&quot;animation&quot;:&quot;bounceInRight&quot;}\">\n\t\t\t<div class=\"elementor-widget-wrap elementor-element-populated\">\n\t\t\t\t\t\t<div class=\"elementor-element elementor-element-3c45bdcd elementor-widget elementor-widget-heading\" data-id=\"3c45bdcd\" data-element_type=\"widget\" data-widget_type=\"heading.default\">\n\t\t\t\t<div class=\"elementor-widget-container\">\n\t\t\t\t\t<h2 class=\"elementor-heading-title elementor-size-default\">Tenemos en cuenta todas tus preferencias<\/h2>\t\t\t\t<\/div>\n\t\t\t\t<\/div>\n\t\t\t\t<div class=\"elementor-element elementor-element-4ab24462 elementor-widget elementor-widget-text-editor\" data-id=\"4ab24462\" data-element_type=\"widget\" data-widget_type=\"text-editor.default\">\n\t\t\t\t<div class=\"elementor-widget-container\">\n\t\t\t\t\t\t\t\t\t<p>Siempre que personalizamos estamos ganando porque aquello que vemos como gen\u00e9rico no siempre tiene que adaptarse a todos los cuerpos, adem\u00e1s, si todav\u00eda tienes alguna duda te dejamos por aqu\u00ed el bot\u00f3n de asesoramiento para que hables con nuestra experta en descanso Anabel.&nbsp;<\/p>\t\t\t\t\t\t\t\t<\/div>\n\t\t\t\t<\/div>\n\t\t\t\t<div class=\"elementor-element elementor-element-37dc2c24 elementor-widget elementor-widget-button\" data-id=\"37dc2c24\" data-element_type=\"widget\" data-widget_type=\"button.default\">\n\t\t\t\t<div class=\"elementor-widget-container\">\n\t\t\t\t\t\t\t\t\t<div class=\"elementor-button-wrapper\">\n\t\t\t\t\t<a class=\"elementor-button elementor-button-link elementor-size-sm\" href=\"https:\/\/wa.link\/zjwwy4\" target=\"_blank\" rel=\"noopener\">\n\t\t\t\t\t\t<span class=\"elementor-button-content-wrapper\">\n\t\t\t\t\t\t\t\t\t<span class=\"elementor-button-text\">Asesoramiento<\/span>\n\t\t\t\t\t<\/span>\n\t\t\t\t\t<\/a>\n\t\t\t\t<\/div>\n\t\t\t\t\t\t\t\t<\/div>\n\t\t\t\t<\/div>\n\t\t\t\t<div class=\"elementor-element elementor-element-7e4cd769 elementor-widget elementor-widget-spacer\" data-id=\"7e4cd769\" data-element_type=\"widget\" data-widget_type=\"spacer.default\">\n\t\t\t\t<div class=\"elementor-widget-container\">\n\t\t\t\t\t\t\t<div class=\"elementor-spacer\">\n\t\t\t<div class=\"elementor-spacer-inner\"><\/div>\n\t\t<\/div>\n\t\t\t\t\t\t<\/div>\n\t\t\t\t<\/div>\n\t\t\t\t\t<\/div>\n\t\t<\/div>\n\t\t\t\t\t<\/div>\n\t\t<\/section>\n\t\t\t\t<\/div>\n\t\t","protected":false},"excerpt":{"rendered":"<p>Simulador colchon ideal Descubre el mejor colch\u00f3n para ti con nuestro simulador de colchones https:\/\/anabelmuebles.com\/wp-content\/uploads\/2024\/11\/Video-interior-simulador.mp4 Tu cuerpo, tu colch\u00f3n: rellena el siguiente cuestionario y en solo minutos con nuestro simulador de colchones descubrir\u00e1s cu\u00e1l es el mejor colch\u00f3n para ti Simulador de Colch\u00f3n Ideal Simulador de Colch\u00f3n ideal Ingresa tu edad: Selecciona la firmeza del [&hellip;]<\/p>\n","protected":false},"author":4,"featured_media":0,"parent":0,"menu_order":0,"comment_status":"closed","ping_status":"closed","template":"","meta":{"_acf_changed":false,"footnotes":""},"class_list":["post-8087","page","type-page","status-publish","hentry"],"acf":[],"_links":{"self":[{"href":"https:\/\/anabelmuebles.com\/ca\/wp-json\/wp\/v2\/pages\/8087","targetHints":{"allow":["GET"]}}],"collection":[{"href":"https:\/\/anabelmuebles.com\/ca\/wp-json\/wp\/v2\/pages"}],"about":[{"href":"https:\/\/anabelmuebles.com\/ca\/wp-json\/wp\/v2\/types\/page"}],"author":[{"embeddable":true,"href":"https:\/\/anabelmuebles.com\/ca\/wp-json\/wp\/v2\/users\/4"}],"replies":[{"embeddable":true,"href":"https:\/\/anabelmuebles.com\/ca\/wp-json\/wp\/v2\/comments?post=8087"}],"version-history":[{"count":0,"href":"https:\/\/anabelmuebles.com\/ca\/wp-json\/wp\/v2\/pages\/8087\/revisions"}],"wp:attachment":[{"href":"https:\/\/anabelmuebles.com\/ca\/wp-json\/wp\/v2\/media?parent=8087"}],"curies":[{"name":"wp","href":"https:\/\/api.w.org\/{rel}","templated":true}]}}