{"id":13575,"date":"2024-11-24T19:54:56","date_gmt":"2024-11-24T19:54:56","guid":{"rendered":"https:\/\/anabelmuebles.com\/?page_id=13575"},"modified":"2025-01-14T16:36:48","modified_gmt":"2025-01-14T16:36:48","slug":"cocina-por-encargo-en-cuenca","status":"publish","type":"page","link":"https:\/\/anabelmuebles.com\/ca\/cocina-por-encargo-en-cuenca\/","title":{"rendered":"Cocina por encargo en Cuenca"},"content":{"rendered":"<div data-elementor-type=\"wp-page\" data-elementor-id=\"13575\" class=\"elementor elementor-13575\" data-elementor-post-type=\"page\">\n\t\t\t\t\t\t<section class=\"elementor-section elementor-top-section elementor-element elementor-element-1b4a1382 elementor-section-boxed elementor-section-height-default elementor-section-height-default\" data-id=\"1b4a1382\" data-element_type=\"section\" data-settings=\"{&quot;background_background&quot;:&quot;classic&quot;}\">\n\t\t\t\t\t\t\t<div class=\"elementor-background-overlay\"><\/div>\n\t\t\t\t\t\t\t<div class=\"elementor-container elementor-column-gap-default\">\n\t\t\t\t\t<div class=\"elementor-column elementor-col-50 elementor-top-column elementor-element elementor-element-48a3faa3\" data-id=\"48a3faa3\" data-element_type=\"column\" data-settings=\"{&quot;background_background&quot;:&quot;classic&quot;}\">\n\t\t\t<div class=\"elementor-widget-wrap elementor-element-populated\">\n\t\t\t\t\t\t<div class=\"elementor-element elementor-element-2ec7a64c elementor-absolute elementor-invisible elementor-widget elementor-widget-heading\" data-id=\"2ec7a64c\" data-element_type=\"widget\" data-settings=\"{&quot;_position&quot;:&quot;absolute&quot;,&quot;_animation&quot;:&quot;fadeInUp&quot;}\" data-widget_type=\"heading.default\">\n\t\t\t\t<div class=\"elementor-widget-container\">\n\t\t\t\t\t<div class=\"elementor-heading-title elementor-size-default\">CUENCA<\/div>\t\t\t\t<\/div>\n\t\t\t\t<\/div>\n\t\t\t\t<section class=\"elementor-section elementor-inner-section elementor-element elementor-element-4b799279 elementor-section-boxed elementor-section-height-default elementor-section-height-default\" data-id=\"4b799279\" data-element_type=\"section\">\n\t\t\t\t\t\t<div class=\"elementor-container elementor-column-gap-default\">\n\t\t\t\t\t<div class=\"elementor-column elementor-col-100 elementor-inner-column elementor-element elementor-element-317648ee\" data-id=\"317648ee\" data-element_type=\"column\">\n\t\t\t<div class=\"elementor-widget-wrap elementor-element-populated\">\n\t\t\t\t\t\t<div class=\"elementor-element elementor-element-06359a0 elementor-widget elementor-widget-shortcode\" data-id=\"06359a0\" data-element_type=\"widget\" data-widget_type=\"shortcode.default\">\n\t\t\t\t<div class=\"elementor-widget-container\">\n\t\t\t\t\t\t\t<div class=\"elementor-shortcode\"><nav aria-label=\"breadcrumbs\" class=\"rank-math-breadcrumb\"><p><span class=\"last\">Inicio<\/span><\/p><\/nav><\/div>\n\t\t\t\t\t\t<\/div>\n\t\t\t\t<\/div>\n\t\t\t\t<div class=\"elementor-element elementor-element-1dd6fa1d elementor-invisible elementor-widget elementor-widget-heading\" data-id=\"1dd6fa1d\" data-element_type=\"widget\" data-settings=\"{&quot;_animation&quot;:&quot;fadeInLeft&quot;}\" data-widget_type=\"heading.default\">\n\t\t\t\t<div class=\"elementor-widget-container\">\n\t\t\t\t\t<h1 class=\"elementor-heading-title elementor-size-default\">Cocina por encargo en Cuenca<\/h1>\t\t\t\t<\/div>\n\t\t\t\t<\/div>\n\t\t\t\t<div class=\"elementor-element elementor-element-7216e7f9 elementor-invisible elementor-widget elementor-widget-heading\" data-id=\"7216e7f9\" data-element_type=\"widget\" data-settings=\"{&quot;_animation&quot;:&quot;fadeInRight&quot;}\" data-widget_type=\"heading.default\">\n\t\t\t\t<div class=\"elementor-widget-container\">\n\t\t\t\t\t<h2 class=\"elementor-heading-title elementor-size-default\">Dise\u00f1amos y montamos tu cocina por encargo en Cuenca <\/h2>\t\t\t\t<\/div>\n\t\t\t\t<\/div>\n\t\t\t\t\t<\/div>\n\t\t<\/div>\n\t\t\t\t\t<\/div>\n\t\t<\/section>\n\t\t\t\t\t<\/div>\n\t\t<\/div>\n\t\t\t\t<div class=\"elementor-column elementor-col-50 elementor-top-column elementor-element elementor-element-18196ec4\" data-id=\"18196ec4\" data-element_type=\"column\" data-settings=\"{&quot;background_background&quot;:&quot;classic&quot;}\">\n\t\t\t<div class=\"elementor-widget-wrap elementor-element-populated\">\n\t\t\t\t\t\t<section class=\"elementor-section elementor-inner-section elementor-element elementor-element-20bc096c elementor-section-boxed elementor-section-height-default elementor-section-height-default\" data-id=\"20bc096c\" data-element_type=\"section\">\n\t\t\t\t\t\t<div class=\"elementor-container elementor-column-gap-default\">\n\t\t\t\t\t<div class=\"elementor-column elementor-col-100 elementor-inner-column elementor-element elementor-element-431c1fdd\" data-id=\"431c1fdd\" data-element_type=\"column\">\n\t\t\t<div class=\"elementor-widget-wrap elementor-element-populated\">\n\t\t\t\t\t\t<div class=\"elementor-element elementor-element-60de7642 elementor-widget__width-initial elementor-widget elementor-widget-video\" data-id=\"60de7642\" data-element_type=\"widget\" data-settings=\"{&quot;video_type&quot;:&quot;hosted&quot;,&quot;controls&quot;:&quot;yes&quot;}\" data-widget_type=\"video.default\">\n\t\t\t\t<div class=\"elementor-widget-container\">\n\t\t\t\t\t\t\t<div class=\"e-hosted-video elementor-wrapper elementor-open-inline\">\n\t\t\t\t\t<video class=\"elementor-video\" src=\"https:\/\/anabelmuebles.com\/wp-content\/uploads\/2024\/11\/Seccion-Cocina.mp4\" controls=\"\" preload=\"metadata\" controlslist=\"nodownload\"><\/video>\n\t\t\t\t<\/div>\n\t\t\t\t\t\t<\/div>\n\t\t\t\t<\/div>\n\t\t\t\t\t<\/div>\n\t\t<\/div>\n\t\t\t\t\t<\/div>\n\t\t<\/section>\n\t\t\t\t\t<\/div>\n\t\t<\/div>\n\t\t\t\t\t<\/div>\n\t\t<\/section>\n\t\t<div class=\"elementor-element elementor-element-a6f5fbd e-flex e-con-boxed e-con e-parent\" data-id=\"a6f5fbd\" data-element_type=\"container\">\n\t\t\t\t\t<div class=\"e-con-inner\">\n\t\t\t\t<div class=\"elementor-element elementor-element-7c2a079 elementor-widget elementor-widget-spacer\" data-id=\"7c2a079\" data-element_type=\"widget\" data-widget_type=\"spacer.default\">\n\t\t\t\t<div class=\"elementor-widget-container\">\n\t\t\t\t\t\t\t<div class=\"elementor-spacer\">\n\t\t\t<div class=\"elementor-spacer-inner\"><\/div>\n\t\t<\/div>\n\t\t\t\t\t\t<\/div>\n\t\t\t\t<\/div>\n\t\t\t\t<div class=\"elementor-element elementor-element-f2ab468 elementor-widget elementor-widget-heading\" data-id=\"f2ab468\" data-element_type=\"widget\" data-widget_type=\"heading.default\">\n\t\t\t\t<div class=\"elementor-widget-container\">\n\t\t\t\t\t<h2 class=\"elementor-heading-title elementor-size-default\">Descubre algunos de nuestros modelos de cocina por encargo en Cuenca<\/h2>\t\t\t\t<\/div>\n\t\t\t\t<\/div>\n\t\t\t\t<div class=\"elementor-element elementor-element-d62b600 elementor-widget elementor-widget-text-editor\" data-id=\"d62b600\" data-element_type=\"widget\" data-widget_type=\"text-editor.default\">\n\t\t\t\t<div class=\"elementor-widget-container\">\n\t\t\t\t\t\t\t\t\t<p>Si deseas dise\u00f1ar tu cocina por encargo en Cuenca, te recomendamos ponerte en contacto con nosotros para definir cuales son las medidas y el espacio del que dispones para ofrecerte propuestas en base a nuestros cat\u00e1logos. \u00a1Cada cocina es \u00fanica!<\/p>\t\t\t\t\t\t\t\t<\/div>\n\t\t\t\t<\/div>\n\t\t\t\t<div class=\"elementor-element elementor-element-3a28761 elementor-widget elementor-widget-spacer\" data-id=\"3a28761\" data-element_type=\"widget\" data-widget_type=\"spacer.default\">\n\t\t\t\t<div class=\"elementor-widget-container\">\n\t\t\t\t\t\t\t<div class=\"elementor-spacer\">\n\t\t\t<div class=\"elementor-spacer-inner\"><\/div>\n\t\t<\/div>\n\t\t\t\t\t\t<\/div>\n\t\t\t\t<\/div>\n\t\t\t\t\t<\/div>\n\t\t\t\t<\/div>\n\t\t\t\t<section class=\"elementor-section elementor-top-section elementor-element elementor-element-ce6e0f8 elementor-section-boxed elementor-section-height-default elementor-section-height-default\" data-id=\"ce6e0f8\" data-element_type=\"section\">\n\t\t\t\t\t\t\t<div class=\"elementor-background-overlay\"><\/div>\n\t\t\t\t\t\t\t<div class=\"elementor-container elementor-column-gap-default\">\n\t\t\t\t\t<div class=\"elementor-column elementor-col-50 elementor-top-column elementor-element elementor-element-5fe9cfed\" data-id=\"5fe9cfed\" data-element_type=\"column\">\n\t\t\t<div class=\"elementor-widget-wrap elementor-element-populated\">\n\t\t\t\t\t\t<div class=\"elementor-element elementor-element-4ea753b4 elementor-invisible elementor-widget elementor-widget-image\" data-id=\"4ea753b4\" data-element_type=\"widget\" data-settings=\"{&quot;_animation&quot;:&quot;fadeInLeft&quot;}\" data-widget_type=\"image.default\">\n\t\t\t\t<div class=\"elementor-widget-container\">\n\t\t\t\t\t\t\t\t\t\t\t\t\t\t\t<img fetchpriority=\"high\" decoding=\"async\" width=\"1754\" height=\"1241\" src=\"https:\/\/anabelmuebles.com\/wp-content\/uploads\/2024\/11\/FAMILY-11_page-0001.jpg\" class=\"attachment-full size-full wp-image-13578\" alt=\"Cocina por encargo en Teruel\" srcset=\"https:\/\/anabelmuebles.com\/wp-content\/uploads\/2024\/11\/FAMILY-11_page-0001.jpg.webp 1754w, https:\/\/anabelmuebles.com\/wp-content\/uploads\/2024\/11\/FAMILY-11_page-0001-300x212.jpg.webp 300w, https:\/\/anabelmuebles.com\/wp-content\/uploads\/2024\/11\/FAMILY-11_page-0001-1024x725.jpg.webp 1024w, https:\/\/anabelmuebles.com\/wp-content\/uploads\/2024\/11\/FAMILY-11_page-0001-768x543.jpg.webp 768w, https:\/\/anabelmuebles.com\/wp-content\/uploads\/2024\/11\/FAMILY-11_page-0001-1536x1087.jpg.webp 1536w, https:\/\/anabelmuebles.com\/wp-content\/uploads\/2024\/11\/FAMILY-11_page-0001-600x425.jpg.webp 600w, https:\/\/anabelmuebles.com\/wp-content\/uploads\/2024\/11\/FAMILY-11_page-0001-64x45.jpg.webp 64w\" sizes=\"(max-width: 1754px) 100vw, 1754px\" \/>\t\t\t\t\t\t\t\t\t\t\t\t\t\t\t<\/div>\n\t\t\t\t<\/div>\n\t\t\t\t\t<\/div>\n\t\t<\/div>\n\t\t\t\t<div class=\"elementor-column elementor-col-50 elementor-top-column elementor-element elementor-element-72471fda elementor-invisible\" data-id=\"72471fda\" data-element_type=\"column\" data-settings=\"{&quot;background_background&quot;:&quot;classic&quot;,&quot;animation&quot;:&quot;bounceInRight&quot;}\">\n\t\t\t<div class=\"elementor-widget-wrap elementor-element-populated\">\n\t\t\t\t\t\t<div class=\"elementor-element elementor-element-2b9079ec elementor-widget elementor-widget-heading\" data-id=\"2b9079ec\" data-element_type=\"widget\" data-widget_type=\"heading.default\">\n\t\t\t\t<div class=\"elementor-widget-container\">\n\t\t\t\t\t<h2 class=\"elementor-heading-title elementor-size-default\">Cocina por encargo en Cuenca dise\u00f1adas a tu medida<\/h2>\t\t\t\t<\/div>\n\t\t\t\t<\/div>\n\t\t\t\t<div class=\"elementor-element elementor-element-2975b8cb elementor-widget elementor-widget-text-editor\" data-id=\"2975b8cb\" data-element_type=\"widget\" data-widget_type=\"text-editor.default\">\n\t\t\t\t<div class=\"elementor-widget-container\">\n\t\t\t\t\t\t\t\t\t<p>En Anabel Muebles, creemos que tu cocina debe ser una expresi\u00f3n de tu estilo de vida. Por eso te recomendamos dise\u00f1ar y fabricar tu <b>cocina por encargo en Cuenca<\/b> con nosotros. Nos encargamos desde el dise\u00f1o hasta la instalaci\u00f3n, te acompa\u00f1amos en cada paso del proceso para crear un espacio funcional y elegante que se adapte a tus necesidades y presupuesto. Cont\u00e1ctanos a trav\u00e9s de nuestro WhatsApp y enseguida te atenderemos. No te pierdas esta oportunidad \u00a1Renueva tu cocina con un toque personal! Cocina por encargo en Cuenca, con materiales de primera calidad y acabados exclusivos!.<\/p>\t\t\t\t\t\t\t\t<\/div>\n\t\t\t\t<\/div>\n\t\t\t\t<div class=\"elementor-element elementor-element-f74bbe2 elementor-widget elementor-widget-button\" data-id=\"f74bbe2\" data-element_type=\"widget\" data-widget_type=\"button.default\">\n\t\t\t\t<div class=\"elementor-widget-container\">\n\t\t\t\t\t\t\t\t\t<div class=\"elementor-button-wrapper\">\n\t\t\t\t\t<a class=\"elementor-button elementor-button-link elementor-size-sm\" href=\"https:\/\/wa.link\/zjwwy4\" target=\"_blank\" rel=\"noopener\">\n\t\t\t\t\t\t<span class=\"elementor-button-content-wrapper\">\n\t\t\t\t\t\t\t\t\t<span class=\"elementor-button-text\">Cont\u00e1ctanos<\/span>\n\t\t\t\t\t<\/span>\n\t\t\t\t\t<\/a>\n\t\t\t\t<\/div>\n\t\t\t\t\t\t\t\t<\/div>\n\t\t\t\t<\/div>\n\t\t\t\t\t<\/div>\n\t\t<\/div>\n\t\t\t\t\t<\/div>\n\t\t<\/section>\n\t\t<div class=\"elementor-element elementor-element-b43243c e-flex e-con-boxed e-con e-parent\" data-id=\"b43243c\" data-element_type=\"container\">\n\t\t\t\t\t<div class=\"e-con-inner\">\n\t\t\t\t<div class=\"elementor-element elementor-element-4cb0d33 elementor-widget-divider--view-line elementor-widget elementor-widget-divider\" data-id=\"4cb0d33\" data-element_type=\"widget\" data-widget_type=\"divider.default\">\n\t\t\t\t<div class=\"elementor-widget-container\">\n\t\t\t\t\t\t\t<div class=\"elementor-divider\">\n\t\t\t<span class=\"elementor-divider-separator\">\n\t\t\t\t\t\t<\/span>\n\t\t<\/div>\n\t\t\t\t\t\t<\/div>\n\t\t\t\t<\/div>\n\t\t\t\t<div class=\"elementor-element elementor-element-b1ff9d0 elementor-widget elementor-widget-heading\" data-id=\"b1ff9d0\" data-element_type=\"widget\" data-widget_type=\"heading.default\">\n\t\t\t\t<div class=\"elementor-widget-container\">\n\t\t\t\t\t<h2 class=\"elementor-heading-title elementor-size-default\">Modelos de cocina por encargo en Cuenca \u00fanicos y personalizado<\/h2>\t\t\t\t<\/div>\n\t\t\t\t<\/div>\n\t\t\t\t<div class=\"elementor-element elementor-element-8fd0c7b elementor-arrows-position-inside elementor-pagination-position-outside elementor-widget elementor-widget-image-carousel\" data-id=\"8fd0c7b\" data-element_type=\"widget\" data-settings=\"{&quot;navigation&quot;:&quot;both&quot;,&quot;autoplay&quot;:&quot;yes&quot;,&quot;pause_on_hover&quot;:&quot;yes&quot;,&quot;pause_on_interaction&quot;:&quot;yes&quot;,&quot;autoplay_speed&quot;:5000,&quot;infinite&quot;:&quot;yes&quot;,&quot;speed&quot;:500}\" data-widget_type=\"image-carousel.default\">\n\t\t\t\t<div class=\"elementor-widget-container\">\n\t\t\t\t\t\t\t<div class=\"elementor-image-carousel-wrapper swiper\" role=\"region\" aria-roledescription=\"carousel\" aria-label=\"Carrusel de im\u00e1genes\" dir=\"ltr\">\n\t\t\t<div class=\"elementor-image-carousel swiper-wrapper\" aria-live=\"off\">\n\t\t\t\t\t\t\t\t<div class=\"swiper-slide\" role=\"group\" aria-roledescription=\"slide\" aria-label=\"1 de 7\"><figure class=\"swiper-slide-inner\"><img decoding=\"async\" class=\"swiper-slide-image\" src=\"https:\/\/anabelmuebles.com\/wp-content\/uploads\/2024\/11\/FAMILY-11_page-0001.jpg\" alt=\"Cocina por encargo en Teruel\" \/><\/figure><\/div><div class=\"swiper-slide\" role=\"group\" aria-roledescription=\"slide\" aria-label=\"2 de 7\"><figure class=\"swiper-slide-inner\"><img decoding=\"async\" class=\"swiper-slide-image\" src=\"https:\/\/anabelmuebles.com\/wp-content\/uploads\/2024\/11\/FAMILY-13_page-0001.jpg\" alt=\"FAMILY-13_page-0001\" \/><\/figure><\/div><div class=\"swiper-slide\" role=\"group\" aria-roledescription=\"slide\" aria-label=\"3 de 7\"><figure class=\"swiper-slide-inner\"><img decoding=\"async\" class=\"swiper-slide-image\" src=\"https:\/\/anabelmuebles.com\/wp-content\/uploads\/2024\/11\/FAMILY-15_page-0001.jpg\" alt=\"FAMILY-15_page-0001\" \/><\/figure><\/div><div class=\"swiper-slide\" role=\"group\" aria-roledescription=\"slide\" aria-label=\"4 de 7\"><figure class=\"swiper-slide-inner\"><img decoding=\"async\" class=\"swiper-slide-image\" src=\"https:\/\/anabelmuebles.com\/wp-content\/uploads\/2024\/11\/FAMILY-17_page-0001.jpg\" alt=\"Montar cocina en Cuenca\" \/><\/figure><\/div><div class=\"swiper-slide\" role=\"group\" aria-roledescription=\"slide\" aria-label=\"5 de 7\"><figure class=\"swiper-slide-inner\"><img decoding=\"async\" class=\"swiper-slide-image\" src=\"https:\/\/anabelmuebles.com\/wp-content\/uploads\/2024\/11\/FAMILY-19_page-0001-2048x1448.jpg\" alt=\"FAMILY-19_page-0001\" \/><\/figure><\/div><div class=\"swiper-slide\" role=\"group\" aria-roledescription=\"slide\" aria-label=\"6 de 7\"><figure class=\"swiper-slide-inner\"><img decoding=\"async\" class=\"swiper-slide-image\" src=\"https:\/\/anabelmuebles.com\/wp-content\/uploads\/2024\/11\/FAMILY-21_page-0001-2048x1448.jpg\" alt=\"FAMILY-21_page-0001\" \/><\/figure><\/div><div class=\"swiper-slide\" role=\"group\" aria-roledescription=\"slide\" aria-label=\"7 de 7\"><figure class=\"swiper-slide-inner\"><img decoding=\"async\" class=\"swiper-slide-image\" src=\"https:\/\/anabelmuebles.com\/wp-content\/uploads\/2024\/11\/FAMILY-23_page-0001.jpg\" alt=\"FAMILY-23_page-0001\" \/><\/figure><\/div>\t\t\t<\/div>\n\t\t\t\t\t\t\t\t\t\t\t\t<div class=\"elementor-swiper-button elementor-swiper-button-prev\" role=\"button\" tabindex=\"0\">\n\t\t\t\t\t\t<svg aria-hidden=\"true\" class=\"e-font-icon-svg e-eicon-chevron-left\" viewbox=\"0 0 1000 1000\" xmlns=\"http:\/\/www.w3.org\/2000\/svg\"><path d=\"M646 125C629 125 613 133 604 142L308 442C296 454 292 471 292 487 292 504 296 521 308 533L604 854C617 867 629 875 646 875 663 875 679 871 692 858 704 846 713 829 713 812 713 796 708 779 692 767L438 487 692 225C700 217 708 204 708 187 708 171 704 154 692 142 675 129 663 125 646 125Z\"><\/path><\/svg>\t\t\t\t\t<\/div>\n\t\t\t\t\t<div class=\"elementor-swiper-button elementor-swiper-button-next\" role=\"button\" tabindex=\"0\">\n\t\t\t\t\t\t<svg aria-hidden=\"true\" class=\"e-font-icon-svg e-eicon-chevron-right\" viewbox=\"0 0 1000 1000\" xmlns=\"http:\/\/www.w3.org\/2000\/svg\"><path d=\"M696 533C708 521 713 504 713 487 713 471 708 454 696 446L400 146C388 133 375 125 354 125 338 125 325 129 313 142 300 154 292 171 292 187 292 204 296 221 308 233L563 492 304 771C292 783 288 800 288 817 288 833 296 850 308 863 321 871 338 875 354 875 371 875 388 867 400 854L696 533Z\"><\/path><\/svg>\t\t\t\t\t<\/div>\n\t\t\t\t\n\t\t\t\t\t\t\t\t\t<div class=\"swiper-pagination\"><\/div>\n\t\t\t\t\t\t\t\t\t<\/div>\n\t\t\t\t\t\t<\/div>\n\t\t\t\t<\/div>\n\t\t\t\t\t<\/div>\n\t\t\t\t<\/div>\n\t\t<div class=\"elementor-element elementor-element-7b35b00 e-flex e-con-boxed e-con e-parent\" data-id=\"7b35b00\" data-element_type=\"container\">\n\t\t\t\t\t<div class=\"e-con-inner\">\n\t\t\t\t\t<\/div>\n\t\t\t\t<\/div>\n\t\t\t\t<main class=\"elementor-section elementor-top-section elementor-element elementor-element-74aaa953 elementor-section-boxed elementor-section-height-default elementor-section-height-default\" data-id=\"74aaa953\" data-element_type=\"section\">\n\t\t\t\t\t\t<div class=\"elementor-container elementor-column-gap-default\">\n\t\t\t\t\t<div class=\"elementor-column elementor-col-33 elementor-top-column elementor-element elementor-element-25b658ff elementor-invisible\" data-id=\"25b658ff\" data-element_type=\"column\" data-settings=\"{&quot;animation&quot;:&quot;fadeInLeft&quot;}\">\n\t\t\t<div class=\"elementor-widget-wrap elementor-element-populated\">\n\t\t\t\t\t\t<div class=\"elementor-element elementor-element-52c1349f elementor-widget elementor-widget-heading\" data-id=\"52c1349f\" data-element_type=\"widget\" data-widget_type=\"heading.default\">\n\t\t\t\t<div class=\"elementor-widget-container\">\n\t\t\t\t\t<div class=\"elementor-heading-title elementor-size-default\">Preguntas Frecuentes para tu pedido de cocina en Cuenca<\/div>\t\t\t\t<\/div>\n\t\t\t\t<\/div>\n\t\t\t\t<div class=\"elementor-element elementor-element-6d8232e0 elementor-widget__width-initial elementor-widget elementor-widget-heading\" data-id=\"6d8232e0\" data-element_type=\"widget\" data-widget_type=\"heading.default\">\n\t\t\t\t<div class=\"elementor-widget-container\">\n\t\t\t\t\t<h2 class=\"elementor-heading-title elementor-size-default\">Preguntas frecuentes sobre cocina por encargo en Cuenca<\/h2>\t\t\t\t<\/div>\n\t\t\t\t<\/div>\n\t\t\t\t<div class=\"elementor-element elementor-element-5a8a36b elementor-widget elementor-widget-text-editor\" data-id=\"5a8a36b\" data-element_type=\"widget\" data-widget_type=\"text-editor.default\">\n\t\t\t\t<div class=\"elementor-widget-container\">\n\t\t\t\t\t\t\t\t\t<p>Resolvemos algunas de las preguntas m\u00e1s frecuentes a la hora de comprar tu cocina\u00a0 por encargo en Cuenca con nosotros.\u00a0<\/p>\t\t\t\t\t\t\t\t<\/div>\n\t\t\t\t<\/div>\n\t\t\t\t\t<\/div>\n\t\t<\/div>\n\t\t\t\t<header class=\"elementor-column elementor-col-66 elementor-top-column elementor-element elementor-element-f10fdc0 elementor-invisible\" data-id=\"f10fdc0\" data-element_type=\"column\" data-settings=\"{&quot;animation&quot;:&quot;fadeInRight&quot;}\">\n\t\t\t<div class=\"elementor-widget-wrap elementor-element-populated\">\n\t\t\t\t\t\t<div class=\"elementor-element elementor-element-7aaaaef elementor-widget elementor-widget-elementskit-faq\" data-id=\"7aaaaef\" data-element_type=\"widget\" data-widget_type=\"elementskit-faq.default\">\n\t\t\t\t<div class=\"elementor-widget-container\">\n\t\t\t\t\t<div class=\"ekit-wid-con\" >\n                <div class=\"elementskit-single-faq elementor-repeater-item-8110ce7\">\n            <div class=\"elementskit-faq-header\">\n                <h2 class=\"elementskit-faq-title\">\u00bfC\u00f3mo ser\u00eda el proceso para comprar mi cocina por encargo en Cuenca?<\/h2>\n            <\/div>\n            <div class=\"elementskit-faq-body\">\n                Crear tu cocina con en Anabel Muebles es m\u00e1s sencillo de lo que piensas, nosotros te guiaremos paso a paso para que tengas la cocina de tus sue\u00f1os. Primero que todo tenemos que evaluar tu espacio, presupuesto, qu\u00e9 es lo que necesitas  y que modelo de cocina te gustaria que te dise\u00f1emos. Para ello,  tendr\u00e1s dos opciones, rellenar un formulario, con toda la informaci\u00f3n descrita de manera espec\u00edfica,  el cual atenderemos teniendo en cuenta todas tus necesidades o tambi\u00e9n puedes contactarnos por tel\u00e9fono, la cu\u00e1l es una opci\u00f3n m\u00e1s pr\u00e1ctica; nuestro equipo est\u00e1 dispuesto a brindarte toda la ayuda que necesites.            <\/div>\n        <\/div>\n                <div class=\"elementskit-single-faq elementor-repeater-item-8ebc07d\">\n            <div class=\"elementskit-faq-header\">\n                <h2 class=\"elementskit-faq-title\">\u00bfCu\u00e1l es el precio de una cocina por encargo en Cuenca?<\/h2>\n            <\/div>\n            <div class=\"elementskit-faq-body\">\n                El precio var\u00eda mucho en funci\u00f3n de lo que necesites y el espacio del que dispongas, depender\u00e1 del montaje, distancia, materiales, tipo de m\u00f3dulos, complejidad del dise\u00f1o... Una vez hayamos definido todos los aspectos de tu proyecto te proporcionaremos un presupuesto detallado. Sin embargo, para que tengas una idea, tenemos cocinas desde 500\u20ac-2500\u20ac como media            <\/div>\n        <\/div>\n                <div class=\"elementskit-single-faq elementor-repeater-item-5d42a4b\">\n            <div class=\"elementskit-faq-header\">\n                <h2 class=\"elementskit-faq-title\">\u00bfCu\u00e1nto tiempo tardan en montar la cocina  por encargo en Cuenca?<\/h2>\n            <\/div>\n            <div class=\"elementskit-faq-body\">\n                Depender\u00e1 de nuestra disponibilidad interna y del equipo del montaje, ahora bien, lo que si podemos asegurar es que quedar\u00e1 una cocina en condiciones y a tu gusto, nuestro equipo especialista en el montaje de cocinas est\u00e1 especializado en guardar la m\u00e1xima eficacia.             <\/div>\n        <\/div>\n                <div class=\"elementskit-single-faq elementor-repeater-item-2d6cb5e\">\n            <div class=\"elementskit-faq-header\">\n                <h2 class=\"elementskit-faq-title\">\u00bfSolo montan la cocina  por encargo en Cuenca?<\/h2>\n            <\/div>\n            <div class=\"elementskit-faq-body\">\n                Por el momento solo montamos en Cuenca, Teruel y alrededores ya que es nuestro equipo de montaje el que se desplaza. No dependemos de agencia como para los env\u00edos de muebles fuera de Cuenca y Teruel, no obstante, siempre evaluamos las distancias y recomendamos profesionales en tu zona            <\/div>\n        <\/div>\n                <div class=\"elementskit-single-faq elementor-repeater-item-660ebc8\">\n            <div class=\"elementskit-faq-header\">\n                <h2 class=\"elementskit-faq-title\">\u00bfLa cocina en Cuenca  por encargo tiene garant\u00eda?<\/h2>\n            <\/div>\n            <div class=\"elementskit-faq-body\">\n                Todos nuestros m\u00f3dulos cuentan con garant\u00eda de f\u00e1brica y por supuesto, somos los primeros interesados en dejar tu cocina como se merece.            <\/div>\n        <\/div>\n                <div class=\"elementskit-single-faq elementor-repeater-item-75c8836\">\n            <div class=\"elementskit-faq-header\">\n                <h2 class=\"elementskit-faq-title\">\u00bfCu\u00e1les son las opciones de pago disponible para dise\u00f1ar mi cocina en Cuenca?<\/h2>\n            <\/div>\n            <div class=\"elementskit-faq-body\">\n                Aceptamos diferentes opciones de pago, como Bizum, transferencia bancaria, tarjeta de cr\u00e9dito o d\u00e9bito, Google Pay y Apple Pay.            <\/div>\n        <\/div>\n                \n    <\/div>\t\t\t\t<\/div>\n\t\t\t\t<\/div>\n\t\t\t\t\t<\/div>\n\t\t<\/header>\n\t\t\t\t\t<\/div>\n\t\t<\/main>\n\t\t\t\t<\/div>","protected":false},"excerpt":{"rendered":"<p>CUENCA Cocina por encargo en Cuenca Dise\u00f1amos y montamos tu cocina por encargo en Cuenca https:\/\/anabelmuebles.com\/wp-content\/uploads\/2024\/11\/Seccion-Cocina.mp4 Descubre algunos de nuestros modelos de cocina por encargo en Cuenca Si deseas dise\u00f1ar tu cocina por encargo en Cuenca, te recomendamos ponerte en contacto con nosotros para definir cuales son las medidas y el espacio del que dispones [&hellip;]<\/p>\n","protected":false},"author":4,"featured_media":0,"parent":0,"menu_order":0,"comment_status":"closed","ping_status":"closed","template":"elementor_header_footer","meta":{"_acf_changed":false,"footnotes":""},"class_list":["post-13575","page","type-page","status-publish","hentry"],"acf":[],"_links":{"self":[{"href":"https:\/\/anabelmuebles.com\/ca\/wp-json\/wp\/v2\/pages\/13575","targetHints":{"allow":["GET"]}}],"collection":[{"href":"https:\/\/anabelmuebles.com\/ca\/wp-json\/wp\/v2\/pages"}],"about":[{"href":"https:\/\/anabelmuebles.com\/ca\/wp-json\/wp\/v2\/types\/page"}],"author":[{"embeddable":true,"href":"https:\/\/anabelmuebles.com\/ca\/wp-json\/wp\/v2\/users\/4"}],"replies":[{"embeddable":true,"href":"https:\/\/anabelmuebles.com\/ca\/wp-json\/wp\/v2\/comments?post=13575"}],"version-history":[{"count":0,"href":"https:\/\/anabelmuebles.com\/ca\/wp-json\/wp\/v2\/pages\/13575\/revisions"}],"wp:attachment":[{"href":"https:\/\/anabelmuebles.com\/ca\/wp-json\/wp\/v2\/media?parent=13575"}],"curies":[{"name":"wp","href":"https:\/\/api.w.org\/{rel}","templated":true}]}}