{"id":1319,"date":"2023-06-18T04:22:52","date_gmt":"2023-06-18T04:22:52","guid":{"rendered":"https:\/\/anabelmuebles.com\/?page_id=1319"},"modified":"2025-10-10T16:15:24","modified_gmt":"2025-10-10T16:15:24","slug":"politica-de-cookies","status":"publish","type":"page","link":"https:\/\/anabelmuebles.com\/ca\/politica-de-cookies\/","title":{"rendered":"Pol\u00edtica de cookies"},"content":{"rendered":"<div data-elementor-type=\"wp-page\" data-elementor-id=\"1319\" class=\"elementor elementor-1319\" data-elementor-post-type=\"page\">\n\t\t\t\t<div class=\"elementor-element elementor-element-5399b211 e-flex e-con-boxed e-con e-parent\" data-id=\"5399b211\" data-element_type=\"container\">\n\t\t\t\t\t<div class=\"e-con-inner\">\n\t\t\t\t<div class=\"elementor-element elementor-element-50532a48 elementor-widget elementor-widget-text-editor\" data-id=\"50532a48\" data-element_type=\"widget\" data-widget_type=\"text-editor.default\">\n\t\t\t\t<div class=\"elementor-widget-container\">\n\t\t\t\t\t\t\t\t\t\n\n<div class=\"wp-block-kadence-column kadence-column_4d7d10-8b inner-column-1\"><div class=\"kt-inside-inner-col\">\n<h1 class=\"kt-adv-heading_80934b-79 wp-block-kadence-advancedheading\" data-kb-block=\"kb-adv-heading_80934b-79\"><strong>Pol\u00edtica de cookies<\/strong><\/h1>\n<\/div><\/div>\n\n\n\n\n<div class=\"wp-block-kadence-spacer aligncenter kt-block-spacer-_4ba0b6-1a\"><div class=\"kt-block-spacer kt-block-spacer-halign-center\"><hr class=\"kt-divider\"\/><\/div><\/div>\n\n\n\n\n<div class=\"wp-block-kadence-column kadence-column_1d522b-1b\"><div class=\"kt-inside-inner-col\">\n<p><a href=\"https:\/\/anabelmuebles.com\/ca\/\">https:\/\/anabelmuebles.com\/<\/a> informa acerca del uso de las cookies en su p\u00e1gina web Las cookies son archivos que se pueden descargar en su equipo a trav\u00e9s de las p\u00e1ginas web. Son herramientas que tienen un papel esencial para la prestaci\u00f3n de numerosos servicios de la sociedad de la informaci\u00f3n. Entre otros, permiten a una p\u00e1gina web almacenar y recuperar informaci\u00f3n sobre los h\u00e1bitos de navegaci\u00f3n de un usuario o de su equipo y, dependiendo de la informaci\u00f3n obtenida, se pueden utilizar para reconocer al usuario y mejorar el servicio ofrecido.<\/p>\n<\/div><\/div>\n\n\n\n\n\n<div class=\"wp-block-kadence-column kadence-column_a1057d-ef\"><div class=\"kt-inside-inner-col\">\n<h2 class=\"kt-adv-heading_545e10-1f wp-block-kadence-advancedheading\" data-kb-block=\"kb-adv-heading_545e10-1f\">TIPOS DE COOKIES<\/h2>\n\n\n\n<p>Seg\u00fan quien sea la entidad que gestione el dominio desde donde se env\u00edan las cookies y trate los datos que se obtengan se pueden distinguir dos tipos: cookies propias y cookies de terceros.<\/p>\n\n\n\n<p>Existe tambi\u00e9n una segunda clasificaci\u00f3n seg\u00fan el plazo de tiempo que permanecen almacenadas en el navegador del cliente, pudiendo tratarse de cookies de sesi\u00f3n o cookies persistentes.<\/p>\n\n\n\n<p>Por \u00faltimo, existe otra clasificaci\u00f3n con cinco tipos de cookies seg\u00fan la finalidad para la que se traten los datos obtenidos: cookies t\u00e9cnicas, cookies de personalizaci\u00f3n, cookies de an\u00e1lisis, cookies publicitarias y cookies de publicidad comportamental.<\/p>\n<\/div><\/div>\n\n\n\n\n\n<div class=\"wp-block-kadence-column kadence-column_39b033-3e\"><div class=\"kt-inside-inner-col\">\n<h2 class=\"kt-adv-heading_0d57f8-db wp-block-kadence-advancedheading\" data-kb-block=\"kb-adv-heading_0d57f8-db\">COOKIES UTILIZADAS EN LA WEB<\/h2>\n\n\n\n<p>A continuaci\u00f3n se identifican las cookies que est\u00e1n siendo utilizadas en este portal as\u00ed como su tipolog\u00eda y funci\u00f3n:<\/p>\n\n\n\n<p>La p\u00e1gina web de <a href=\"https:\/\/anabelmuebles.com\/ca\/\">https:\/\/anabelmuebles.com\/<\/a> utiliza Google Analytics, un servicio de anal\u00edtica web desarrollada por Google, que permite la medici\u00f3n y an\u00e1lisis de la navegaci\u00f3n en las p\u00e1ginas web. En su navegador podr\u00e1 observar 4 cookies de este servicio. Seg\u00fan la tipolog\u00eda anterior se trata de cookies propias, de sesi\u00f3n y de an\u00e1lisis. Puede encontrar m\u00e1s informaci\u00f3n al respecto e inhabilitar el uso de estas cookies www.google.es\/intl\/es\/analytics\/privacyoverview.html<\/p>\n\n\n\n<p>A trav\u00e9s de la anal\u00edtica web se obtiene informaci\u00f3n relativa al n\u00famero de usuarios que acceden a la web, el n\u00famero de p\u00e1ginas vistas, la frecuencia y repetici\u00f3n de las visitas, su duraci\u00f3n, el navegador utilizado, el operador que presta el servicio, el idioma, el terminal que utiliza, o la ciudad a la que est\u00e1 asignada su direcci\u00f3n IP. Informaci\u00f3n que posibilita un mejor y m\u00e1s apropiado servicio por parte de este portal.<\/p>\n\n\n\n<p>Otra de las cookies que se descargan es una cookie de tipo t\u00e9cnico denominada ASP.NET_SessionI . Esta cookie permite almacenar un identificador \u00fanico por sesi\u00f3n a trav\u00e9s del que es posible vincular datos necesarios para posibilitar la navegaci\u00f3n en curso.<\/p>\n\n\n\n<p>Por \u00faltimo, se descarga una cookie de tipo t\u00e9cnico denominada cookies_policy , propia, de tipo t\u00e9cnico y de sesi\u00f3n. Gestiona el consentimiento del usuario ante el uso de las cookies en la p\u00e1gina web, con el objeto de recordar aquellos usuarios que las han aceptado y aquellos que no, de modo que a los primeros no se les muestre informaci\u00f3n en la parte superior de la p\u00e1gina al respecto.<\/p>\n<\/div><\/div>\n\n\n\n\n\n<div class=\"wp-block-kadence-column kadence-column_6d04f4-2d\"><div class=\"kt-inside-inner-col\">\n<h2 class=\"kt-adv-heading_1292e3-f5 wp-block-kadence-advancedheading\" data-kb-block=\"kb-adv-heading_1292e3-f5\">ACEPTACI\u00d3N DE LA POL\u00cdTICA DE COOKIES<\/h2>\n\n\n\n<p>http:\/\/www.mueblesanabel.com\/ asume que usted acepta el uso de cookies. No obstante, muestra informaci\u00f3n sobre su Pol\u00edtica de cookies en la parte superior de cualquier p\u00e1gina del portal con cada inicio de sesi\u00f3n con el objeto de que usted sea consciente.<\/p>\n\n\n\n<p>Ante esta informaci\u00f3n es posible llevar a cabo las siguientes acciones:<\/p>\n\n\n\n<ul class=\"wp-block-list\">\n<li>Aceptar cookies. No se volver\u00e1 a visualizar este aviso al acceder a cualquier p\u00e1gina del portal durante la presente sesi\u00f3n.<\/li>\n\n\n\n<li>Cerrar. Se oculta el aviso en la presente p\u00e1gina.<\/li>\n\n\n\n<li>Modificar su configuraci\u00f3n. Podr\u00e1 obtener m\u00e1s informaci\u00f3n sobre qu\u00e9 son las cookies, conocer la Pol\u00edtica de cookies de <a href=\"https:\/\/anabelmuebles.com\/ca\/\">https:\/\/anabelmuebles.com\/<\/a> y modificar la configuraci\u00f3n de su navegador.<\/li>\n<\/ul>\n<\/div><\/div>\n\n\n\n\n\n<div class=\"wp-block-kadence-column kadence-column_651f1d-9c\"><div class=\"kt-inside-inner-col\">\n<h2 class=\"kt-adv-heading_465940-ef wp-block-kadence-advancedheading\" data-kb-block=\"kb-adv-heading_465940-ef\">C\u00d3MO MODIFICAR LA CONFIGURACI\u00d3N DE LAS COOKIES<\/h2>\n\n\n\n<p>Usted puede restringir, bloquear o borrar las cookies de <a href=\"https:\/\/anabelmuebles.com\/ca\/\">https:\/\/anabelmuebles.com\/<\/a> o cualquier otra p\u00e1gina web, utilizando su navegador. En cada navegador la operativa es diferente, la funci\u00f3n de \u00abAyuda\u00bb le mostrar\u00e1 c\u00f3mo hacerlo<\/p>\n\n\n\n<ul class=\"wp-block-list\">\n<li>Internet Explorer: windows.microsoft.com\/es-xl\/internet-explorer\/delete-manage-cookies#ie=\u00bbie-10&#8243;<\/li>\n\n\n\n<li>FireFox: support.mozilla.org\/es\/kb\/Borrar%20cookies<\/li>\n\n\n\n<li>Chrome: support.google.com\/chrome\/answer\/95647?hl=\u00bbes\u00bb<\/li>\n\n\n\n<li>Safari: <a href=\"http:\/\/www.apple.com\/es\/privacy\/use-of-cookies\/\" target=\"_blank\" rel=\"noopener\">www.apple.com\/es\/privacy\/use-of-cookies\/<\/a><\/li>\n<\/ul>\n\n\n\n<p>Adem\u00e1s, tambi\u00e9n puede gestionar el almac\u00e9n de cookies en su navegador a trav\u00e9s de herramientas como las siguientes:<\/p>\n\n\n\n<ul class=\"wp-block-list\">\n<li>Ghostery: www.ghostery.com\/<\/li>\n<\/ul>\n\n\n\n<p>Your online choices: www.youronlinechoices.com\/es\/<\/p>\n<\/div><\/div>\n\n\n\n\n<div class=\"wp-block-kadence-spacer aligncenter kt-block-spacer-_1a4fe7-f0\"><div class=\"kt-block-spacer kt-block-spacer-halign-center\"><hr class=\"kt-divider\"\/><\/div><\/div>\n\t\t\t\t\t\t\t\t<\/div>\n\t\t\t\t<\/div>\n\t\t\t\t\t<\/div>\n\t\t\t\t<\/div>\n\t\t\t\t<\/div>","protected":false},"excerpt":{"rendered":"","protected":false},"author":9,"featured_media":0,"parent":0,"menu_order":0,"comment_status":"closed","ping_status":"closed","template":"","meta":{"_acf_changed":false,"footnotes":""},"class_list":["post-1319","page","type-page","status-publish","hentry"],"acf":[],"_links":{"self":[{"href":"https:\/\/anabelmuebles.com\/ca\/wp-json\/wp\/v2\/pages\/1319","targetHints":{"allow":["GET"]}}],"collection":[{"href":"https:\/\/anabelmuebles.com\/ca\/wp-json\/wp\/v2\/pages"}],"about":[{"href":"https:\/\/anabelmuebles.com\/ca\/wp-json\/wp\/v2\/types\/page"}],"author":[{"embeddable":true,"href":"https:\/\/anabelmuebles.com\/ca\/wp-json\/wp\/v2\/users\/9"}],"replies":[{"embeddable":true,"href":"https:\/\/anabelmuebles.com\/ca\/wp-json\/wp\/v2\/comments?post=1319"}],"version-history":[{"count":0,"href":"https:\/\/anabelmuebles.com\/ca\/wp-json\/wp\/v2\/pages\/1319\/revisions"}],"wp:attachment":[{"href":"https:\/\/anabelmuebles.com\/ca\/wp-json\/wp\/v2\/media?parent=1319"}],"curies":[{"name":"wp","href":"https:\/\/api.w.org\/{rel}","templated":true}]}}