{"id":1301,"date":"2023-06-18T04:08:06","date_gmt":"2023-06-18T04:08:06","guid":{"rendered":"https:\/\/anabelmuebles.com\/?page_id=1301"},"modified":"2023-07-07T17:29:07","modified_gmt":"2023-07-07T17:29:07","slug":"aviso-legal","status":"publish","type":"page","link":"https:\/\/anabelmuebles.com\/ca\/aviso-legal\/","title":{"rendered":"Aviso legal"},"content":{"rendered":"<div class=\"wp-block-kadence-column kadence-column_26f030-cb inner-column-1\"><div class=\"kt-inside-inner-col\">\n<h1 class=\"kt-adv-heading_c007ae-25 wp-block-kadence-advancedheading\" data-kb-block=\"kb-adv-heading_c007ae-25\"><strong>Aviso legal<\/strong><\/h1>\n<\/div><\/div>\n\n\n\n\n<div class=\"wp-block-kadence-spacer aligncenter kt-block-spacer-_320f8f-bf\"><div class=\"kt-block-spacer kt-block-spacer-halign-center\"><hr class=\"kt-divider\"\/><\/div><\/div>\n\n\n\n\n<div class=\"wp-block-kadence-column kadence-column_679de5-b5\"><div class=\"kt-inside-inner-col\">\n<p>MUEBLES ANABEL, direcci\u00f3n CALLE CERCADO 3 (16300 \u2013 CA\u00d1ETE,CUENCA), no puede asumir ninguna responsabilidad derivada del uso incorrecto, inapropiado o il\u00edcito de la informaci\u00f3n aparecida en las p\u00e1ginas de Internet de http:\/\/www.mueblesanabel.com\/<\/p>\n\n\n\n<p>En cumplimiento del art. 10 de la Ley 34\/2002, de 11 de julio, de Servicios de la Sociedad de la Informaci\u00f3n y del Comercio Electr\u00f3nico (LSSI-CE), Anabel Muebles, en adelante Ana Isabel Hinarejos Yuste  como titular cesionaria del contenido de este sitio web, informa que su domicilio social es Calle Cercado N\u00ba3 , 16300 Ca\u00f1ete (Cuenca) y su DNI\/ NIF es 35094912V. <\/p>\n\n\n\n<p>Con los l\u00edmites establecidos en la ley, <a href=\"https:\/\/anabelmuebles.com\/ca\/\">https:\/\/anabelmuebles.com\/<\/a> no asume ninguna responsabilidad derivada de la falta de veracidad, integridad, actualizaci\u00f3n y precisi\u00f3n de los datos o informaciones que se contienen en sus p\u00e1ginas de Internet.<\/p>\n\n\n\n<p>Los contenidos e informaci\u00f3n no vinculan <a href=\"https:\/\/anabelmuebles.com\/ca\/\">https:\/\/anabelmuebles.com\/<\/a> ni constituyen opiniones, consejos o asesoramiento legal de ning\u00fan tipo pues se trata meramente de un servicio ofrecido con car\u00e1cter informativo y divulgativo.<\/p>\n\n\n\n<p>Las p\u00e1ginas de Internet de <a href=\"https:\/\/anabelmuebles.com\/ca\/\">https:\/\/anabelmuebles.com\/<\/a> pueden contener enlaces (links) a otras p\u00e1ginas de terceras partes que http:\/\/www.gonzalezmuebles.net\/ no puede controlar. Por lo tanto, <a href=\"https:\/\/anabelmuebles.com\/ca\/\">https:\/\/anabelmuebles.com\/<\/a> no puede asumir responsabilidades por el contenido que pueda aparecer en p\u00e1ginas de terceros.<\/p>\n\n\n\n<p>Los textos, im\u00e1genes, sonidos, animaciones, software y el resto de contenidos incluidos en este website son propiedad exclusiva de <a href=\"https:\/\/anabelmuebles.com\/ca\/\">https:\/\/anabelmuebles.com\/<\/a> o sus licenciantes. Cualquier acto de transmisi\u00f3n, distribuci\u00f3n, cesi\u00f3n, reproducci\u00f3n, almacenamiento o comunicaci\u00f3n p\u00fablica total o parcial, debe contar con el consentimiento expreso de <a href=\"https:\/\/anabelmuebles.com\/ca\/\">https:\/\/anabelmuebles.com\/<\/a><\/p>\n\n\n\n<p>Asimismo, para acceder a algunos de los servicios que&nbsp; <a href=\"https:\/\/anabelmuebles.com\/ca\/\">https:\/\/anabelmuebles.com\/<\/a> ofrece a trav\u00e9s del website deber\u00e1 proporcionar algunos datos de car\u00e1cter personal. En cumplimiento de lo establecido en la Ley Org\u00e1nica 15\/1999, de 13 de diciembre, de Protecci\u00f3n de Datos de Car\u00e1cter Personal le informamos que, mediante la cumplimentaci\u00f3n de los presentes formularios, sus datos personales quedar\u00e1n incorporados y ser\u00e1n tratados en los ficheros de Muebles Anabel con el fin de poderle prestar y ofrecer nuestros servicios as\u00ed como para informarle de las mejoras del sitio Web. Asimismo, le informamos de la posibilidad de que ejerza los derechos de acceso, rectificaci\u00f3n, cancelaci\u00f3n y oposici\u00f3n de sus datos de car\u00e1cter personal, manera gratuita mediante email a <a href=\"mailto:mueblesanabelyuste@gmail.com\">mueblesanabelyuste@gmail.com<\/a> o en la direcci\u00f3n CALLE CERCADO 3 (16300 \u2013 CA\u00d1ETE,CUENCA).<\/p>\n<\/div><\/div>\n\n\n\n\n<div class=\"wp-block-kadence-spacer aligncenter kt-block-spacer-_3d556c-ff\"><div class=\"kt-block-spacer kt-block-spacer-halign-center\"><hr class=\"kt-divider\"\/><\/div><\/div>","protected":false},"excerpt":{"rendered":"","protected":false},"author":9,"featured_media":0,"parent":0,"menu_order":0,"comment_status":"closed","ping_status":"closed","template":"","meta":{"_acf_changed":false,"footnotes":""},"class_list":["post-1301","page","type-page","status-publish","hentry"],"acf":[],"_links":{"self":[{"href":"https:\/\/anabelmuebles.com\/ca\/wp-json\/wp\/v2\/pages\/1301","targetHints":{"allow":["GET"]}}],"collection":[{"href":"https:\/\/anabelmuebles.com\/ca\/wp-json\/wp\/v2\/pages"}],"about":[{"href":"https:\/\/anabelmuebles.com\/ca\/wp-json\/wp\/v2\/types\/page"}],"author":[{"embeddable":true,"href":"https:\/\/anabelmuebles.com\/ca\/wp-json\/wp\/v2\/users\/9"}],"replies":[{"embeddable":true,"href":"https:\/\/anabelmuebles.com\/ca\/wp-json\/wp\/v2\/comments?post=1301"}],"version-history":[{"count":0,"href":"https:\/\/anabelmuebles.com\/ca\/wp-json\/wp\/v2\/pages\/1301\/revisions"}],"wp:attachment":[{"href":"https:\/\/anabelmuebles.com\/ca\/wp-json\/wp\/v2\/media?parent=1301"}],"curies":[{"name":"wp","href":"https:\/\/api.w.org\/{rel}","templated":true}]}}